{"id":10720,"date":"2025-10-28T11:02:48","date_gmt":"2025-10-28T11:02:48","guid":{"rendered":""},"modified":"2026-02-20T14:29:15","modified_gmt":"2026-02-20T13:29:15","slug":"mullet-tea-p-che-33cl","status":"publish","type":"product","link":"https:\/\/petitecave.ch\/de\/product\/mullet-tea-p-che-33cl\/","title":{"rendered":"Mullet Tea P\u00eache 33cl"},"content":{"rendered":"","protected":false},"excerpt":{"rendered":"<p><b>Hard Ice Tea Peach &#8211; The Mullet Company &#8211; V\u00e9troz<\/b><\/p>\n<p>\u00a0<\/p>\n<p><i>Un th\u00e9 froid qui a un d\u00e9licieux go\u00fbt de p\u00eache, avec une l\u00e9g\u00e8re touche d&rsquo;alcool. La boisson id\u00e9ale pour remplacer les bi\u00e8res classiques.\u00a0Une exp\u00e9rience rafra\u00eechissante et enivrante pour des soir\u00e9es entre amis jusqu&rsquo;au bout de la nuit.<\/i><\/p>","protected":false},"featured_media":12097,"comment_status":"open","ping_status":"open","template":"","meta":[],"product_cat":[271],"product_tag":[],"class_list":{"0":"post-10720","1":"product","2":"type-product","3":"status-publish","4":"has-post-thumbnail","6":"product_cat-aperitif","7":"pa_country-suisse","8":"_wholesalex wsx-wholesalex-product","10":"first","11":"instock","12":"taxable","13":"shipping-taxable","14":"purchasable","15":"product-type-simple"},"_links":{"self":[{"href":"https:\/\/petitecave.ch\/de\/wp-json\/wp\/v2\/product\/10720","targetHints":{"allow":["GET"]}}],"collection":[{"href":"https:\/\/petitecave.ch\/de\/wp-json\/wp\/v2\/product"}],"about":[{"href":"https:\/\/petitecave.ch\/de\/wp-json\/wp\/v2\/types\/product"}],"replies":[{"embeddable":true,"href":"https:\/\/petitecave.ch\/de\/wp-json\/wp\/v2\/comments?post=10720"}],"wp:featuredmedia":[{"embeddable":true,"href":"https:\/\/petitecave.ch\/de\/wp-json\/wp\/v2\/media\/12097"}],"wp:attachment":[{"href":"https:\/\/petitecave.ch\/de\/wp-json\/wp\/v2\/media?parent=10720"}],"wp:term":[{"taxonomy":"product_cat","embeddable":true,"href":"https:\/\/petitecave.ch\/de\/wp-json\/wp\/v2\/product_cat?post=10720"},{"taxonomy":"product_tag","embeddable":true,"href":"https:\/\/petitecave.ch\/de\/wp-json\/wp\/v2\/product_tag?post=10720"}],"curies":[{"name":"wp","href":"https:\/\/api.w.org\/{rel}","templated":true}]}}