{"id":10718,"date":"2025-10-28T11:02:47","date_gmt":"2025-10-28T11:02:47","guid":{"rendered":""},"modified":"2026-02-24T10:27:49","modified_gmt":"2026-02-24T09:27:49","slug":"val-re-assemblage-blanc-dubuis-rudaz-75cl","status":"publish","type":"product","link":"https:\/\/petitecave.ch\/de\/product\/val-re-assemblage-blanc-dubuis-rudaz-75cl\/","title":{"rendered":"Val\u00e8re Assemblage Blanc &#8211; Dubuis &#038; Rudaz 75cl"},"content":{"rendered":"<p><b>C\u00e9pages :\u00a0<\/b>Pa\u00efen et Petite Arvine<\/p>\n<p><b>Nez :\u00a0<\/b>On d\u00e9couvre des notes d&rsquo;agrumes comme le citron avec des ar\u00f4mes floraux<\/p>\n<p><b>Bouche :\u00a0<\/b>L&rsquo;attaque est vive et sur le fruit avec une touche d&rsquo;agrume en finale qui lui conf\u00e8re une belle fra\u00eecheur\u00a0<\/p>\n<p><b>Accompagnement :\u00a0<\/b>Id\u00e9al pour l&rsquo;ap\u00e9ritif et pour sublimer poissons et crustac\u00e9s<\/p>","protected":false},"excerpt":{"rendered":"<p><b>Val\u00e8re Assemblage Blanc &#8211; Dubuis &amp; Rudaz &#8211; Sion<\/b><\/p>\n<p><i>AOC Valais<\/i><\/p>","protected":false},"featured_media":12095,"comment_status":"open","ping_status":"open","template":"","meta":[],"product_cat":[368,253],"product_tag":[],"class_list":{"0":"post-10718","1":"product","2":"type-product","3":"status-publish","4":"has-post-thumbnail","6":"product_cat-blanc","7":"product_cat-vins","8":"pa_color-blanc","9":"pa_country-suisse","10":"pa_volume-75-cl","11":"_wholesalex wsx-wholesalex-product","13":"first","14":"instock","15":"taxable","16":"shipping-taxable","17":"purchasable","18":"product-type-simple"},"_links":{"self":[{"href":"https:\/\/petitecave.ch\/de\/wp-json\/wp\/v2\/product\/10718","targetHints":{"allow":["GET"]}}],"collection":[{"href":"https:\/\/petitecave.ch\/de\/wp-json\/wp\/v2\/product"}],"about":[{"href":"https:\/\/petitecave.ch\/de\/wp-json\/wp\/v2\/types\/product"}],"replies":[{"embeddable":true,"href":"https:\/\/petitecave.ch\/de\/wp-json\/wp\/v2\/comments?post=10718"}],"wp:featuredmedia":[{"embeddable":true,"href":"https:\/\/petitecave.ch\/de\/wp-json\/wp\/v2\/media\/12095"}],"wp:attachment":[{"href":"https:\/\/petitecave.ch\/de\/wp-json\/wp\/v2\/media?parent=10718"}],"wp:term":[{"taxonomy":"product_cat","embeddable":true,"href":"https:\/\/petitecave.ch\/de\/wp-json\/wp\/v2\/product_cat?post=10718"},{"taxonomy":"product_tag","embeddable":true,"href":"https:\/\/petitecave.ch\/de\/wp-json\/wp\/v2\/product_tag?post=10718"}],"curies":[{"name":"wp","href":"https:\/\/api.w.org\/{rel}","templated":true}]}}