{"id":10713,"date":"2026-04-09T16:02:42","date_gmt":"2026-04-09T14:02:42","guid":{"rendered":""},"modified":"2026-04-09T17:24:35","modified_gmt":"2026-04-09T15:24:35","slug":"barbera-d-asti-carlin-de-paolo-75cl","status":"publish","type":"product","link":"https:\/\/petitecave.ch\/de\/product\/barbera-d-asti-carlin-de-paolo-75cl\/","title":{"rendered":"Barbera d&rsquo;Asti &#8211; Carlin de Paolo 75cl"},"content":{"rendered":"","protected":false},"excerpt":{"rendered":"<p data-start=\"183\" data-end=\"450\"><span style=\"color: #000000;\">D\u00e9couvre le <strong data-start=\"195\" data-end=\"232\">Barbera d\u2019Asti de Carlin de Paolo<\/strong>, un vin rouge italien typique du Pi\u00e9mont, alliant <strong data-start=\"283\" data-end=\"310\">fruits m\u00fbrs et \u00e9l\u00e9gance<\/strong>. Ce vin est issu du c\u00e9page <strong data-start=\"338\" data-end=\"349\">Barbera<\/strong>, reconnu pour sa vivacit\u00e9 et sa capacit\u00e9 \u00e0 r\u00e9v\u00e9ler des ar\u00f4mes gourmands tout en restant structur\u00e9.<\/span><\/p>\n<p data-start=\"452\" data-end=\"747\"><span style=\"color: #000000;\">Au nez, il s\u00e9duit par <strong data-start=\"474\" data-end=\"528\">ses notes de cerises et de fruits rouges bien m\u00fbrs<\/strong>, accompagn\u00e9es de l\u00e9g\u00e8res touches \u00e9pic\u00e9es. En bouche, l\u2019attaque est <strong data-start=\"596\" data-end=\"618\">fra\u00eeche et fruit\u00e9e<\/strong>, avec une belle <strong data-start=\"635\" data-end=\"680\">structure souple et des tanins \u00e9quilibr\u00e9s<\/strong>, offrant un plaisir imm\u00e9diat et un agr\u00e9able potentiel d\u2019accords.<\/span><\/p>\n<p data-start=\"452\" data-end=\"747\"><span style=\"color: #000000;\"><strong data-start=\"932\" data-end=\"964\">Accords mets &amp; d\u00e9gustation :<\/strong><\/span><br data-start=\"964\" data-end=\"967\" \/><span style=\"color: #000000;\">Id\u00e9al avec des <strong data-start=\"982\" data-end=\"1061\">p\u00e2tes \u00e0 la sauce tomate, viandes grill\u00e9es, charcuteries ou fromages affin\u00e9s<\/strong>, pour sublimer ses ar\u00f4mes fruit\u00e9s et son acidit\u00e9 agr\u00e9able.<\/span><\/p>","protected":false},"featured_media":19388,"comment_status":"open","ping_status":"closed","template":"","meta":[],"product_cat":[253],"product_tag":[],"class_list":{"0":"post-10713","1":"product","2":"type-product","3":"status-publish","4":"has-post-thumbnail","6":"product_cat-vins","7":"pa_categorie-vins-rouges","8":"pa_country-italie","9":"pa_volume-75-cl","10":"_wholesalex wsx-wholesalex-product","12":"first","13":"instock","14":"taxable","15":"shipping-taxable","16":"purchasable","17":"product-type-simple"},"yoast_head":"<!-- This site is optimized with the Yoast SEO plugin v27.4 - https:\/\/yoast.com\/product\/yoast-seo-wordpress\/ -->\n<title>Barbera d&#039;Asti - Carlin de Paolo 75cl | La Petite Cave du Chablais<\/title>\n<meta name=\"robots\" content=\"index, follow, max-snippet:-1, max-image-preview:large, max-video-preview:-1\" \/>\n<link rel=\"canonical\" href=\"https:\/\/petitecave.ch\/de\/product\/barbera-d-asti-carlin-de-paolo-75cl\/\" \/>\n<meta property=\"og:locale\" content=\"de_DE\" \/>\n<meta property=\"og:type\" content=\"article\" \/>\n<meta property=\"og:title\" content=\"Barbera d&#039;Asti - Carlin de Paolo 75cl | La Petite Cave du Chablais\" \/>\n<meta property=\"og:description\" content=\"D\u00e9couvre le Barbera d\u2019Asti de Carlin de Paolo, un vin rouge italien typique du Pi\u00e9mont, alliant fruits m\u00fbrs et \u00e9l\u00e9gance. Ce vin est issu du c\u00e9page Barbera, reconnu pour sa vivacit\u00e9 et sa capacit\u00e9 \u00e0 r\u00e9v\u00e9ler des ar\u00f4mes gourmands tout en restant structur\u00e9. Au nez, il s\u00e9duit par ses notes de cerises et de fruits rouges bien m\u00fbrs, accompagn\u00e9es de l\u00e9g\u00e8res touches \u00e9pic\u00e9es. En bouche, l\u2019attaque est fra\u00eeche et fruit\u00e9e, avec une belle structure souple et des tanins \u00e9quilibr\u00e9s, offrant un plaisir imm\u00e9diat et un agr\u00e9able potentiel d\u2019accords. Accords mets &amp; d\u00e9gustation :Id\u00e9al avec des p\u00e2tes \u00e0 la sauce tomate, viandes grill\u00e9es, charcuteries ou fromages affin\u00e9s, pour sublimer ses ar\u00f4mes fruit\u00e9s et son acidit\u00e9 agr\u00e9able.\" \/>\n<meta property=\"og:url\" content=\"https:\/\/petitecave.ch\/de\/product\/barbera-d-asti-carlin-de-paolo-75cl\/\" \/>\n<meta property=\"og:site_name\" content=\"La Petite Cave du Chablais\" \/>\n<meta property=\"article:publisher\" content=\"https:\/\/www.facebook.com\/LaPetiteCaveDuChablais\" \/>\n<meta property=\"article:modified_time\" content=\"2026-04-09T15:24:35+00:00\" \/>\n<meta property=\"og:image\" content=\"https:\/\/petitecave.ch\/wp-content\/uploads\/2025\/10\/Barbera-dAsti-Carlin-de-Paolo-75cl.png\" \/>\n\t<meta property=\"og:image:width\" content=\"1000\" \/>\n\t<meta property=\"og:image:height\" content=\"1000\" \/>\n\t<meta property=\"og:image:type\" content=\"image\/png\" \/>\n<meta name=\"twitter:card\" content=\"summary_large_image\" \/>\n<script type=\"application\/ld+json\" class=\"yoast-schema-graph\">{\"@context\":\"https:\\\/\\\/schema.org\",\"@graph\":[{\"@type\":\"WebPage\",\"@id\":\"https:\\\/\\\/petitecave.ch\\\/de\\\/product\\\/barbera-d-asti-carlin-de-paolo-75cl\\\/\",\"url\":\"https:\\\/\\\/petitecave.ch\\\/de\\\/product\\\/barbera-d-asti-carlin-de-paolo-75cl\\\/\",\"name\":\"Barbera d'Asti - Carlin de Paolo 75cl | La Petite Cave du Chablais\",\"isPartOf\":{\"@id\":\"https:\\\/\\\/petitecave.ch\\\/de\\\/#website\"},\"primaryImageOfPage\":{\"@id\":\"https:\\\/\\\/petitecave.ch\\\/de\\\/product\\\/barbera-d-asti-carlin-de-paolo-75cl\\\/#primaryimage\"},\"image\":{\"@id\":\"https:\\\/\\\/petitecave.ch\\\/de\\\/product\\\/barbera-d-asti-carlin-de-paolo-75cl\\\/#primaryimage\"},\"thumbnailUrl\":\"https:\\\/\\\/petitecave.ch\\\/wp-content\\\/uploads\\\/2025\\\/10\\\/Barbera-dAsti-Carlin-de-Paolo-75cl.png\",\"datePublished\":\"2026-04-09T14:02:42+00:00\",\"dateModified\":\"2026-04-09T15:24:35+00:00\",\"breadcrumb\":{\"@id\":\"https:\\\/\\\/petitecave.ch\\\/de\\\/product\\\/barbera-d-asti-carlin-de-paolo-75cl\\\/#breadcrumb\"},\"inLanguage\":\"de-CH\",\"potentialAction\":[{\"@type\":\"ReadAction\",\"target\":[\"https:\\\/\\\/petitecave.ch\\\/de\\\/product\\\/barbera-d-asti-carlin-de-paolo-75cl\\\/\"]}]},{\"@type\":\"ImageObject\",\"inLanguage\":\"de-CH\",\"@id\":\"https:\\\/\\\/petitecave.ch\\\/de\\\/product\\\/barbera-d-asti-carlin-de-paolo-75cl\\\/#primaryimage\",\"url\":\"https:\\\/\\\/petitecave.ch\\\/wp-content\\\/uploads\\\/2025\\\/10\\\/Barbera-dAsti-Carlin-de-Paolo-75cl.png\",\"contentUrl\":\"https:\\\/\\\/petitecave.ch\\\/wp-content\\\/uploads\\\/2025\\\/10\\\/Barbera-dAsti-Carlin-de-Paolo-75cl.png\",\"width\":1000,\"height\":1000},{\"@type\":\"BreadcrumbList\",\"@id\":\"https:\\\/\\\/petitecave.ch\\\/de\\\/product\\\/barbera-d-asti-carlin-de-paolo-75cl\\\/#breadcrumb\",\"itemListElement\":[{\"@type\":\"ListItem\",\"position\":1,\"name\":\"Accueil\",\"item\":\"https:\\\/\\\/petitecave.ch\\\/de\\\/\"},{\"@type\":\"ListItem\",\"position\":2,\"name\":\"Produkte\",\"item\":\"https:\\\/\\\/petitecave.ch\\\/de\\\/shop\\\/\"},{\"@type\":\"ListItem\",\"position\":3,\"name\":\"Barbera d&rsquo;Asti &#8211; Carlin de Paolo 75cl\"}]},{\"@type\":\"WebSite\",\"@id\":\"https:\\\/\\\/petitecave.ch\\\/de\\\/#website\",\"url\":\"https:\\\/\\\/petitecave.ch\\\/de\\\/\",\"name\":\"La Petite Cave du Chablais\",\"description\":\"Vins, bi\u00e8res et spiritueux en ligne !\",\"publisher\":{\"@id\":\"https:\\\/\\\/petitecave.ch\\\/de\\\/#organization\"},\"alternateName\":\"La Petite Cave\",\"potentialAction\":[{\"@type\":\"SearchAction\",\"target\":{\"@type\":\"EntryPoint\",\"urlTemplate\":\"https:\\\/\\\/petitecave.ch\\\/de\\\/?s={search_term_string}\"},\"query-input\":{\"@type\":\"PropertyValueSpecification\",\"valueRequired\":true,\"valueName\":\"search_term_string\"}}],\"inLanguage\":\"de-CH\"},{\"@type\":\"Organization\",\"@id\":\"https:\\\/\\\/petitecave.ch\\\/de\\\/#organization\",\"name\":\"La Petite Cave du Chablais S\u00e0rl\",\"url\":\"https:\\\/\\\/petitecave.ch\\\/de\\\/\",\"logo\":{\"@type\":\"ImageObject\",\"inLanguage\":\"de-CH\",\"@id\":\"https:\\\/\\\/petitecave.ch\\\/de\\\/#\\\/schema\\\/logo\\\/image\\\/\",\"url\":\"https:\\\/\\\/petitecave.ch\\\/wp-content\\\/uploads\\\/2025\\\/10\\\/petitecavelogo-removebg-preview.png\",\"contentUrl\":\"https:\\\/\\\/petitecave.ch\\\/wp-content\\\/uploads\\\/2025\\\/10\\\/petitecavelogo-removebg-preview.png\",\"width\":800,\"height\":200,\"caption\":\"La Petite Cave du Chablais S\u00e0rl\"},\"image\":{\"@id\":\"https:\\\/\\\/petitecave.ch\\\/de\\\/#\\\/schema\\\/logo\\\/image\\\/\"},\"sameAs\":[\"https:\\\/\\\/www.facebook.com\\\/LaPetiteCaveDuChablais\",\"https:\\\/\\\/www.instagram.com\\\/lapetitecaveduchablais\",\"https:\\\/\\\/www.linkedin.com\\\/company\\\/la-petite-cave-du-chablais\"]}]}<\/script>\n<!-- \/ Yoast SEO plugin. -->","yoast_head_json":{"title":"Barbera d'Asti - Carlin de Paolo 75cl | La Petite Cave du Chablais","robots":{"index":"index","follow":"follow","max-snippet":"max-snippet:-1","max-image-preview":"max-image-preview:large","max-video-preview":"max-video-preview:-1"},"canonical":"https:\/\/petitecave.ch\/de\/product\/barbera-d-asti-carlin-de-paolo-75cl\/","og_locale":"de_DE","og_type":"article","og_title":"Barbera d'Asti - Carlin de Paolo 75cl | La Petite Cave du Chablais","og_description":"D\u00e9couvre le Barbera d\u2019Asti de Carlin de Paolo, un vin rouge italien typique du Pi\u00e9mont, alliant fruits m\u00fbrs et \u00e9l\u00e9gance. Ce vin est issu du c\u00e9page Barbera, reconnu pour sa vivacit\u00e9 et sa capacit\u00e9 \u00e0 r\u00e9v\u00e9ler des ar\u00f4mes gourmands tout en restant structur\u00e9. Au nez, il s\u00e9duit par ses notes de cerises et de fruits rouges bien m\u00fbrs, accompagn\u00e9es de l\u00e9g\u00e8res touches \u00e9pic\u00e9es. En bouche, l\u2019attaque est fra\u00eeche et fruit\u00e9e, avec une belle structure souple et des tanins \u00e9quilibr\u00e9s, offrant un plaisir imm\u00e9diat et un agr\u00e9able potentiel d\u2019accords. Accords mets &amp; d\u00e9gustation :Id\u00e9al avec des p\u00e2tes \u00e0 la sauce tomate, viandes grill\u00e9es, charcuteries ou fromages affin\u00e9s, pour sublimer ses ar\u00f4mes fruit\u00e9s et son acidit\u00e9 agr\u00e9able.","og_url":"https:\/\/petitecave.ch\/de\/product\/barbera-d-asti-carlin-de-paolo-75cl\/","og_site_name":"La Petite Cave du Chablais","article_publisher":"https:\/\/www.facebook.com\/LaPetiteCaveDuChablais","article_modified_time":"2026-04-09T15:24:35+00:00","og_image":[{"width":1000,"height":1000,"url":"https:\/\/petitecave.ch\/wp-content\/uploads\/2025\/10\/Barbera-dAsti-Carlin-de-Paolo-75cl.png","type":"image\/png"}],"twitter_card":"summary_large_image","schema":{"@context":"https:\/\/schema.org","@graph":[{"@type":"WebPage","@id":"https:\/\/petitecave.ch\/de\/product\/barbera-d-asti-carlin-de-paolo-75cl\/","url":"https:\/\/petitecave.ch\/de\/product\/barbera-d-asti-carlin-de-paolo-75cl\/","name":"Barbera d'Asti - Carlin de Paolo 75cl | La Petite Cave du Chablais","isPartOf":{"@id":"https:\/\/petitecave.ch\/de\/#website"},"primaryImageOfPage":{"@id":"https:\/\/petitecave.ch\/de\/product\/barbera-d-asti-carlin-de-paolo-75cl\/#primaryimage"},"image":{"@id":"https:\/\/petitecave.ch\/de\/product\/barbera-d-asti-carlin-de-paolo-75cl\/#primaryimage"},"thumbnailUrl":"https:\/\/petitecave.ch\/wp-content\/uploads\/2025\/10\/Barbera-dAsti-Carlin-de-Paolo-75cl.png","datePublished":"2026-04-09T14:02:42+00:00","dateModified":"2026-04-09T15:24:35+00:00","breadcrumb":{"@id":"https:\/\/petitecave.ch\/de\/product\/barbera-d-asti-carlin-de-paolo-75cl\/#breadcrumb"},"inLanguage":"de-CH","potentialAction":[{"@type":"ReadAction","target":["https:\/\/petitecave.ch\/de\/product\/barbera-d-asti-carlin-de-paolo-75cl\/"]}]},{"@type":"ImageObject","inLanguage":"de-CH","@id":"https:\/\/petitecave.ch\/de\/product\/barbera-d-asti-carlin-de-paolo-75cl\/#primaryimage","url":"https:\/\/petitecave.ch\/wp-content\/uploads\/2025\/10\/Barbera-dAsti-Carlin-de-Paolo-75cl.png","contentUrl":"https:\/\/petitecave.ch\/wp-content\/uploads\/2025\/10\/Barbera-dAsti-Carlin-de-Paolo-75cl.png","width":1000,"height":1000},{"@type":"BreadcrumbList","@id":"https:\/\/petitecave.ch\/de\/product\/barbera-d-asti-carlin-de-paolo-75cl\/#breadcrumb","itemListElement":[{"@type":"ListItem","position":1,"name":"Accueil","item":"https:\/\/petitecave.ch\/de\/"},{"@type":"ListItem","position":2,"name":"Produkte","item":"https:\/\/petitecave.ch\/de\/shop\/"},{"@type":"ListItem","position":3,"name":"Barbera d&rsquo;Asti &#8211; Carlin de Paolo 75cl"}]},{"@type":"WebSite","@id":"https:\/\/petitecave.ch\/de\/#website","url":"https:\/\/petitecave.ch\/de\/","name":"Die kleine Keller des Chablais","description":"Vins, bi\u00e8res et spiritueux en ligne !","publisher":{"@id":"https:\/\/petitecave.ch\/de\/#organization"},"alternateName":"La Petite Cave","potentialAction":[{"@type":"SearchAction","target":{"@type":"EntryPoint","urlTemplate":"https:\/\/petitecave.ch\/de\/?s={search_term_string}"},"query-input":{"@type":"PropertyValueSpecification","valueRequired":true,"valueName":"search_term_string"}}],"inLanguage":"de-CH"},{"@type":"Organization","@id":"https:\/\/petitecave.ch\/de\/#organization","name":"La Petite Cave du Chablais S\u00e0rl","url":"https:\/\/petitecave.ch\/de\/","logo":{"@type":"ImageObject","inLanguage":"de-CH","@id":"https:\/\/petitecave.ch\/de\/#\/schema\/logo\/image\/","url":"https:\/\/petitecave.ch\/wp-content\/uploads\/2025\/10\/petitecavelogo-removebg-preview.png","contentUrl":"https:\/\/petitecave.ch\/wp-content\/uploads\/2025\/10\/petitecavelogo-removebg-preview.png","width":800,"height":200,"caption":"La Petite Cave du Chablais S\u00e0rl"},"image":{"@id":"https:\/\/petitecave.ch\/de\/#\/schema\/logo\/image\/"},"sameAs":["https:\/\/www.facebook.com\/LaPetiteCaveDuChablais","https:\/\/www.instagram.com\/lapetitecaveduchablais","https:\/\/www.linkedin.com\/company\/la-petite-cave-du-chablais"]}]}},"_links":{"self":[{"href":"https:\/\/petitecave.ch\/de\/wp-json\/wp\/v2\/product\/10713","targetHints":{"allow":["GET"]}}],"collection":[{"href":"https:\/\/petitecave.ch\/de\/wp-json\/wp\/v2\/product"}],"about":[{"href":"https:\/\/petitecave.ch\/de\/wp-json\/wp\/v2\/types\/product"}],"replies":[{"embeddable":true,"href":"https:\/\/petitecave.ch\/de\/wp-json\/wp\/v2\/comments?post=10713"}],"wp:featuredmedia":[{"embeddable":true,"href":"https:\/\/petitecave.ch\/de\/wp-json\/wp\/v2\/media\/19388"}],"wp:attachment":[{"href":"https:\/\/petitecave.ch\/de\/wp-json\/wp\/v2\/media?parent=10713"}],"wp:term":[{"taxonomy":"product_cat","embeddable":true,"href":"https:\/\/petitecave.ch\/de\/wp-json\/wp\/v2\/product_cat?post=10713"},{"taxonomy":"product_tag","embeddable":true,"href":"https:\/\/petitecave.ch\/de\/wp-json\/wp\/v2\/product_tag?post=10713"}],"curies":[{"name":"wp","href":"https:\/\/api.w.org\/{rel}","templated":true}]}}