{"id":10708,"date":"2025-10-28T11:02:37","date_gmt":"2025-10-28T11:02:37","guid":{"rendered":""},"modified":"2026-02-24T07:54:33","modified_gmt":"2026-02-24T06:54:33","slug":"petite-arvine-trilogie-cave-du-tunnel-75cl","status":"publish","type":"product","link":"https:\/\/petitecave.ch\/de\/product\/petite-arvine-trilogie-cave-du-tunnel-75cl\/","title":{"rendered":"Petite Arvine Trilogie &#8211; Cave du Tunnel 75cl"},"content":{"rendered":"<p><b>C\u00e9page :<\/b> Petite Arvine<\/p>\n<p><b>Nez :<\/b> Il d\u00e9voile de d\u00e9licieux ar\u00f4mes fruit\u00e9s sur la rhubarbe et m\u00eame la menthe\u00a0<\/p>\n<p><b>Bouche :<\/b>\u00a0On d\u00e9couvre des notes d&rsquo;agrumes, de pamplemousse ou encore de rhubarbe. On per\u00e7oit une l\u00e9g\u00e8re acidit\u00e9 qui lui apporte de la fra\u00eecheur et une agr\u00e9able touche saline en finale, typique du c\u00e9page.<\/p>\n<p><b>Accompagnement :<\/b> Ce vin est id\u00e9al pour l&rsquo;ap\u00e9ritif ou pour accompagner du poisson et des crustac\u00e9s<\/p>","protected":false},"excerpt":{"rendered":"<p><b>Petite Arvine Trilogie &#8211; Cave du Tunnel &#8211; Conthey<\/b><\/p>\n<p><i>AOC Valais<\/i><\/p>","protected":false},"featured_media":12084,"comment_status":"open","ping_status":"open","template":"","meta":[],"product_cat":[368,253],"product_tag":[],"class_list":{"0":"post-10708","1":"product","2":"type-product","3":"status-publish","4":"has-post-thumbnail","6":"product_cat-blanc","7":"product_cat-vins","8":"pa_color-blanc","9":"pa_country-suisse","10":"pa_volume-75-cl","11":"_wholesalex wsx-wholesalex-product","13":"first","14":"instock","15":"taxable","16":"shipping-taxable","17":"purchasable","18":"product-type-simple"},"_links":{"self":[{"href":"https:\/\/petitecave.ch\/de\/wp-json\/wp\/v2\/product\/10708","targetHints":{"allow":["GET"]}}],"collection":[{"href":"https:\/\/petitecave.ch\/de\/wp-json\/wp\/v2\/product"}],"about":[{"href":"https:\/\/petitecave.ch\/de\/wp-json\/wp\/v2\/types\/product"}],"replies":[{"embeddable":true,"href":"https:\/\/petitecave.ch\/de\/wp-json\/wp\/v2\/comments?post=10708"}],"wp:featuredmedia":[{"embeddable":true,"href":"https:\/\/petitecave.ch\/de\/wp-json\/wp\/v2\/media\/12084"}],"wp:attachment":[{"href":"https:\/\/petitecave.ch\/de\/wp-json\/wp\/v2\/media?parent=10708"}],"wp:term":[{"taxonomy":"product_cat","embeddable":true,"href":"https:\/\/petitecave.ch\/de\/wp-json\/wp\/v2\/product_cat?post=10708"},{"taxonomy":"product_tag","embeddable":true,"href":"https:\/\/petitecave.ch\/de\/wp-json\/wp\/v2\/product_tag?post=10708"}],"curies":[{"name":"wp","href":"https:\/\/api.w.org\/{rel}","templated":true}]}}