{"id":10707,"date":"2025-10-28T11:02:36","date_gmt":"2025-10-28T11:02:36","guid":{"rendered":""},"modified":"2026-02-24T07:04:42","modified_gmt":"2026-02-24T06:04:42","slug":"fendant-reflets-cave-du-tunnel-75cl","status":"publish","type":"product","link":"https:\/\/petitecave.ch\/de\/product\/fendant-reflets-cave-du-tunnel-75cl\/","title":{"rendered":"Fendant Reflets &#8211; Cave du Tunnel 75cl"},"content":{"rendered":"<p><b>C\u00e9page :\u00a0<\/b>Fendant\u00a0<\/p>\n<p><b>Nez :\u00a0<\/b>Notes florales et min\u00e9rales<\/p>\n<p><b>Bouche :\u00a0<\/b>On retrouve les ar\u00f4mes fruit\u00e9s du nez accompagn\u00e9s d&rsquo;un touche min\u00e9rales et d&rsquo;un l\u00e9ger gaz carbonique qui lui conf\u00e8re une belle fra\u00eecheur. Un fendant assez gras qui lui donne plus de rondeur qu&rsquo;un fendant classique.<\/p>\n<p><b>Accompagnement :\u00a0<\/b>Parfait pour l&rsquo;ap\u00e9ritif, pour sublimer des viandes froides et des plats typiques comme la raclette ou la fondue\u00a0<\/p>","protected":false},"excerpt":{"rendered":"<p><b>Fendant Reflets &#8211; Cave du Tunnel &#8211; Conthey<\/b><\/p>\n<p><i>AOC Valais<\/i><\/p>","protected":false},"featured_media":12083,"comment_status":"open","ping_status":"open","template":"","meta":[],"product_cat":[368,253],"product_tag":[],"class_list":{"0":"post-10707","1":"product","2":"type-product","3":"status-publish","4":"has-post-thumbnail","6":"product_cat-blanc","7":"product_cat-vins","8":"pa_color-blanc","9":"pa_country-suisse","10":"pa_volume-75-cl","11":"_wholesalex wsx-wholesalex-product","13":"first","14":"instock","15":"taxable","16":"shipping-taxable","17":"purchasable","18":"product-type-simple"},"_links":{"self":[{"href":"https:\/\/petitecave.ch\/de\/wp-json\/wp\/v2\/product\/10707","targetHints":{"allow":["GET"]}}],"collection":[{"href":"https:\/\/petitecave.ch\/de\/wp-json\/wp\/v2\/product"}],"about":[{"href":"https:\/\/petitecave.ch\/de\/wp-json\/wp\/v2\/types\/product"}],"replies":[{"embeddable":true,"href":"https:\/\/petitecave.ch\/de\/wp-json\/wp\/v2\/comments?post=10707"}],"wp:featuredmedia":[{"embeddable":true,"href":"https:\/\/petitecave.ch\/de\/wp-json\/wp\/v2\/media\/12083"}],"wp:attachment":[{"href":"https:\/\/petitecave.ch\/de\/wp-json\/wp\/v2\/media?parent=10707"}],"wp:term":[{"taxonomy":"product_cat","embeddable":true,"href":"https:\/\/petitecave.ch\/de\/wp-json\/wp\/v2\/product_cat?post=10707"},{"taxonomy":"product_tag","embeddable":true,"href":"https:\/\/petitecave.ch\/de\/wp-json\/wp\/v2\/product_tag?post=10707"}],"curies":[{"name":"wp","href":"https:\/\/api.w.org\/{rel}","templated":true}]}}