{"id":10703,"date":"2026-04-01T11:02:33","date_gmt":"2026-04-01T09:02:33","guid":{"rendered":""},"modified":"2026-04-01T14:52:18","modified_gmt":"2026-04-01T12:52:18","slug":"johannisberg-moury-75cl","status":"publish","type":"product","link":"https:\/\/petitecave.ch\/de\/product\/johannisberg-moury-75cl\/","title":{"rendered":"Johannisberg &#8211; Cave du Moury 75cl"},"content":{"rendered":"<p data-start=\"161\" data-end=\"344\"><span style=\"color: #000000;\">Laisse-toi s\u00e9duire par le <strong data-start=\"187\" data-end=\"223\">Johannisberg de la Cave du Moury<\/strong>, un grand classique du Valais \u00e9labor\u00e9 \u00e0 partir de <strong>Sylvaner <\/strong>(appel\u00e9 Johannisberg), c\u00e9page embl\u00e9matique reconnu pour sa finesse et son \u00e9l\u00e9gance.<\/span><\/p>\n<p data-start=\"346\" data-end=\"589\"><span style=\"color: #000000;\">Au <strong>nez<\/strong>, ce vin blanc d\u00e9voile des <strong>ar\u00f4mes subtils de fruits \u00e0 chair blanche<\/strong>, d\u2019<strong>amande<\/strong> et une <strong>d\u00e9licate touche florale<\/strong>. En <strong>bouche<\/strong>, il offre une <strong>texture souple et harmonieuse<\/strong>, avec une <strong>l\u00e9g\u00e8re douceur<\/strong> parfaitement <strong>\u00e9quilibr\u00e9e<\/strong> par une <strong>belle fra\u00eecheur<\/strong>.<\/span><\/p>\n<p data-start=\"346\" data-end=\"589\"><strong><span style=\"color: #000000;\">Accords mets &amp; vins\u00a0<\/span><\/strong><br \/>\n<span style=\"color: #000000;\">Id\u00e9al avec une raclette, une fondue, des asperges ou des plats aux notes l\u00e9g\u00e8rement sucr\u00e9es-sal\u00e9es.<\/span><\/p>\n<p data-start=\"928\" data-end=\"1096\">","protected":false},"excerpt":{"rendered":"<p><strong><span style=\"color: #000000;\">AOC Valais<\/span><\/strong><\/p>","protected":false},"featured_media":19092,"comment_status":"open","ping_status":"closed","template":"","meta":[],"product_cat":[368,253,318],"product_tag":[],"class_list":{"0":"post-10703","1":"product","2":"type-product","3":"status-publish","4":"has-post-thumbnail","6":"product_cat-blanc","7":"product_cat-vins","8":"product_cat-vins-du-mois","9":"pa_color-blanc","10":"pa_country-suisse","11":"pa_volume-75-cl","12":"_wholesalex wsx-wholesalex-product","14":"first","15":"instock","16":"sale","17":"taxable","18":"shipping-taxable","19":"purchasable","20":"product-type-simple"},"_links":{"self":[{"href":"https:\/\/petitecave.ch\/de\/wp-json\/wp\/v2\/product\/10703","targetHints":{"allow":["GET"]}}],"collection":[{"href":"https:\/\/petitecave.ch\/de\/wp-json\/wp\/v2\/product"}],"about":[{"href":"https:\/\/petitecave.ch\/de\/wp-json\/wp\/v2\/types\/product"}],"replies":[{"embeddable":true,"href":"https:\/\/petitecave.ch\/de\/wp-json\/wp\/v2\/comments?post=10703"}],"wp:featuredmedia":[{"embeddable":true,"href":"https:\/\/petitecave.ch\/de\/wp-json\/wp\/v2\/media\/19092"}],"wp:attachment":[{"href":"https:\/\/petitecave.ch\/de\/wp-json\/wp\/v2\/media?parent=10703"}],"wp:term":[{"taxonomy":"product_cat","embeddable":true,"href":"https:\/\/petitecave.ch\/de\/wp-json\/wp\/v2\/product_cat?post=10703"},{"taxonomy":"product_tag","embeddable":true,"href":"https:\/\/petitecave.ch\/de\/wp-json\/wp\/v2\/product_tag?post=10703"}],"curies":[{"name":"wp","href":"https:\/\/api.w.org\/{rel}","templated":true}]}}