{"id":10701,"date":"2026-04-09T09:02:31","date_gmt":"2026-04-09T07:02:31","guid":{"rendered":""},"modified":"2026-04-09T11:04:05","modified_gmt":"2026-04-09T09:04:05","slug":"aros-luisier-vin-25cl","status":"publish","type":"product","link":"https:\/\/petitecave.ch\/de\/product\/aros-luisier-vin-25cl\/","title":{"rendered":"Aros\u00e9 &#8211; Luisier Vin 25cl"},"content":{"rendered":"","protected":false},"excerpt":{"rendered":"<p data-start=\"79\" data-end=\"134\"><span style=\"color: #000000;\"><strong data-start=\"79\" data-end=\"132\">Aros\u00e9 | La nouvelle exp\u00e9rience p\u00e9tillante du ros\u00e9<\/strong><\/span><\/p>\n<p data-start=\"136\" data-end=\"396\"><span style=\"color: #000000;\">D\u00e9couvre <strong data-start=\"145\" data-end=\"154\">Aros\u00e9<\/strong>, une boisson p\u00e9tillante innovante issue d\u2019un <strong data-start=\"200\" data-end=\"247\">m\u00e9lange raffin\u00e9 de ros\u00e9 et de jus de raisin<\/strong>, \u00e9labor\u00e9e \u00e0 partir de raisins gorg\u00e9s de soleil des montagnes. Une approche moderne qui r\u00e9invente la d\u00e9gustation du vin avec fra\u00eecheur et l\u00e9g\u00e8ret\u00e9.<\/span><\/p>\n<p data-start=\"398\" data-end=\"623\"><span style=\"color: #000000;\">Au nez, elle d\u00e9voile de <strong data-start=\"422\" data-end=\"460\">belles notes fruit\u00e9es et d\u00e9licates<\/strong>. En bouche, l\u2019\u00e9quilibre est parfait : une <strong data-start=\"503\" data-end=\"527\">effervescence l\u00e9g\u00e8re<\/strong>, une douceur naturelle et une fra\u00eecheur qui rendent chaque gorg\u00e9e d\u00e9salt\u00e9rante et accessible.<\/span><\/p>\n<p data-start=\"398\" data-end=\"623\"><span style=\"color: #000000;\"><strong data-start=\"833\" data-end=\"864\">Suggestion de d\u00e9gustation :<\/strong><\/span><br data-start=\"864\" data-end=\"867\" \/><span style=\"color: #000000;\">\u00c0 servir <strong data-start=\"876\" data-end=\"890\">bien frais<\/strong>, \u00e0 l\u2019ap\u00e9ritif ou pour accompagner des instants festifs entre amis.<\/span><\/p>","protected":false},"featured_media":19327,"comment_status":"open","ping_status":"closed","template":"","meta":[],"product_cat":[253],"product_tag":[],"class_list":{"0":"post-10701","1":"product","2":"type-product","3":"status-publish","4":"has-post-thumbnail","6":"product_cat-vins","7":"pa_categorie-vins-roses","8":"pa_color-rose","9":"pa_country-suisse","10":"pa_type-vin-petillant","11":"pa_volume-25-cl-2","12":"_wholesalex wsx-wholesalex-product","14":"first","15":"instock","16":"taxable","17":"shipping-taxable","18":"purchasable","19":"product-type-simple"},"_links":{"self":[{"href":"https:\/\/petitecave.ch\/de\/wp-json\/wp\/v2\/product\/10701","targetHints":{"allow":["GET"]}}],"collection":[{"href":"https:\/\/petitecave.ch\/de\/wp-json\/wp\/v2\/product"}],"about":[{"href":"https:\/\/petitecave.ch\/de\/wp-json\/wp\/v2\/types\/product"}],"replies":[{"embeddable":true,"href":"https:\/\/petitecave.ch\/de\/wp-json\/wp\/v2\/comments?post=10701"}],"wp:featuredmedia":[{"embeddable":true,"href":"https:\/\/petitecave.ch\/de\/wp-json\/wp\/v2\/media\/19327"}],"wp:attachment":[{"href":"https:\/\/petitecave.ch\/de\/wp-json\/wp\/v2\/media?parent=10701"}],"wp:term":[{"taxonomy":"product_cat","embeddable":true,"href":"https:\/\/petitecave.ch\/de\/wp-json\/wp\/v2\/product_cat?post=10701"},{"taxonomy":"product_tag","embeddable":true,"href":"https:\/\/petitecave.ch\/de\/wp-json\/wp\/v2\/product_tag?post=10701"}],"curies":[{"name":"wp","href":"https:\/\/api.w.org\/{rel}","templated":true}]}}