{"id":10700,"date":"2025-10-28T11:02:30","date_gmt":"2025-10-28T11:02:30","guid":{"rendered":""},"modified":"2026-02-24T07:14:01","modified_gmt":"2026-02-24T06:14:01","slug":"humagne-rouge-bio-luisier-vin-75cl","status":"publish","type":"product","link":"https:\/\/petitecave.ch\/de\/product\/humagne-rouge-bio-luisier-vin-75cl\/","title":{"rendered":"Humagne Rouge BIO &#8211; Luisier Vin 75cl"},"content":{"rendered":"<p><b>C\u00e9page :\u00a0<\/b>Humagne Rouge (12 mois de barrique de 3\u00e8me passage)<\/p>\n<p><b>Nez :\u00a0<\/b>Il d\u00e9voile des ar\u00f4mes de fruits rouges\u00a0<\/p>\n<p><b>Bouche :\u00a0<\/b>Belle complexit\u00e9 aromatique, on y retrouve les ar\u00f4mes fruit\u00e9es du nez le tout dans une grande finesse<\/p>\n<p><b>Accompagnement :\u00a0<\/b>Id\u00e9al pour accompagn\u00e9 des viandes rouges, des grillades ou bien m\u00eame un ap\u00e9ritif dinatoire<\/p>","protected":false},"excerpt":{"rendered":"<p><b>Humagne Rouge BIO &#8211; Luisier Vin &#8211; Saillon<\/b><\/p>\n<p><i>AOC Valais<\/i><\/p>\n<p><i><u>OFFRE FOIRE DE PRINTEMPS :<\/u><\/i><\/p>\n<p><b>12 bouteilles achet\u00e9es = 1 bouteille OFFERTE*<\/b><\/p>\n<p>\u00a0<\/p>\n<p>*Sur la bouteille la moins ch\u00e8re du lot<\/p>","protected":false},"featured_media":12076,"comment_status":"open","ping_status":"open","template":"","meta":[],"product_cat":[369,253],"product_tag":[],"class_list":{"0":"post-10700","1":"product","2":"type-product","3":"status-publish","4":"has-post-thumbnail","6":"product_cat-rouge","7":"product_cat-vins","8":"pa_color-rouge","9":"pa_country-suisse","10":"pa_volume-75-cl","11":"_wholesalex wsx-wholesalex-product","13":"first","14":"instock","15":"taxable","16":"shipping-taxable","17":"purchasable","18":"product-type-simple"},"_links":{"self":[{"href":"https:\/\/petitecave.ch\/de\/wp-json\/wp\/v2\/product\/10700","targetHints":{"allow":["GET"]}}],"collection":[{"href":"https:\/\/petitecave.ch\/de\/wp-json\/wp\/v2\/product"}],"about":[{"href":"https:\/\/petitecave.ch\/de\/wp-json\/wp\/v2\/types\/product"}],"replies":[{"embeddable":true,"href":"https:\/\/petitecave.ch\/de\/wp-json\/wp\/v2\/comments?post=10700"}],"wp:featuredmedia":[{"embeddable":true,"href":"https:\/\/petitecave.ch\/de\/wp-json\/wp\/v2\/media\/12076"}],"wp:attachment":[{"href":"https:\/\/petitecave.ch\/de\/wp-json\/wp\/v2\/media?parent=10700"}],"wp:term":[{"taxonomy":"product_cat","embeddable":true,"href":"https:\/\/petitecave.ch\/de\/wp-json\/wp\/v2\/product_cat?post=10700"},{"taxonomy":"product_tag","embeddable":true,"href":"https:\/\/petitecave.ch\/de\/wp-json\/wp\/v2\/product_tag?post=10700"}],"curies":[{"name":"wp","href":"https:\/\/api.w.org\/{rel}","templated":true}]}}