{"id":10698,"date":"2025-10-28T11:02:28","date_gmt":"2025-10-28T11:02:28","guid":{"rendered":""},"modified":"2026-02-24T07:10:57","modified_gmt":"2026-02-24T06:10:57","slug":"heida-queen-j-luisier-vin-75cl","status":"publish","type":"product","link":"https:\/\/petitecave.ch\/de\/product\/heida-queen-j-luisier-vin-75cl\/","title":{"rendered":"Heida Queen&rsquo;J  &#8211; Luisier Vin 75cl"},"content":{"rendered":"<p><b>C\u00e9page :<\/b> Heida\/Pa\u00efen<\/p>\n<p><b>Nez :\u00a0<\/b>On d\u00e9couvre des notes fruit\u00e9es et d&rsquo;agrumes<\/p>\n<p><b>Bouche :\u00a0<\/b>L\u00e9g\u00e8rement douce, on retrouve les ar\u00f4mes fruit\u00e9s du nez sur des notes de citron apportant une belle fra\u00eecheur<\/p>\n<p><b>Accompagnement :\u00a0<\/b>Il est parafit pour l&rsquo;ap\u00e9ritif\u00a0<\/p>\n<p>\u00a0<\/p>","protected":false},"excerpt":{"rendered":"<p><b>Heida\u00a0Queen&rsquo;J &#8211; Luisier Vin &#8211; Saillon<\/b><\/p>\n<p><i>AOC Valais<\/i><\/p>\n<p><i><u>OFFRE FOIRE DE PRINTEMPS :<\/u><\/i><\/p>\n<p><b>12 bouteilles achet\u00e9es = 1 bouteille OFFERTE*<\/b><\/p>\n<p>\u00a0<\/p>\n<p>*Sur la bouteille la moins ch\u00e8re du lot<\/p>","protected":false},"featured_media":12074,"comment_status":"open","ping_status":"open","template":"","meta":[],"product_cat":[368,253],"product_tag":[],"class_list":{"0":"post-10698","1":"product","2":"type-product","3":"status-publish","4":"has-post-thumbnail","6":"product_cat-blanc","7":"product_cat-vins","8":"pa_color-blanc","9":"pa_country-suisse","10":"pa_volume-75-cl","11":"_wholesalex wsx-wholesalex-product","13":"first","14":"instock","15":"taxable","16":"shipping-taxable","17":"purchasable","18":"product-type-simple"},"_links":{"self":[{"href":"https:\/\/petitecave.ch\/de\/wp-json\/wp\/v2\/product\/10698","targetHints":{"allow":["GET"]}}],"collection":[{"href":"https:\/\/petitecave.ch\/de\/wp-json\/wp\/v2\/product"}],"about":[{"href":"https:\/\/petitecave.ch\/de\/wp-json\/wp\/v2\/types\/product"}],"replies":[{"embeddable":true,"href":"https:\/\/petitecave.ch\/de\/wp-json\/wp\/v2\/comments?post=10698"}],"wp:featuredmedia":[{"embeddable":true,"href":"https:\/\/petitecave.ch\/de\/wp-json\/wp\/v2\/media\/12074"}],"wp:attachment":[{"href":"https:\/\/petitecave.ch\/de\/wp-json\/wp\/v2\/media?parent=10698"}],"wp:term":[{"taxonomy":"product_cat","embeddable":true,"href":"https:\/\/petitecave.ch\/de\/wp-json\/wp\/v2\/product_cat?post=10698"},{"taxonomy":"product_tag","embeddable":true,"href":"https:\/\/petitecave.ch\/de\/wp-json\/wp\/v2\/product_tag?post=10698"}],"curies":[{"name":"wp","href":"https:\/\/api.w.org\/{rel}","templated":true}]}}