{"id":10691,"date":"2025-10-28T11:02:22","date_gmt":"2025-10-28T11:02:22","guid":{"rendered":""},"modified":"2026-02-13T13:18:20","modified_gmt":"2026-02-13T12:18:20","slug":"kona-big-wave-golden-ale-33cl","status":"publish","type":"product","link":"https:\/\/petitecave.ch\/de\/product\/kona-big-wave-golden-ale-33cl\/","title":{"rendered":"Kona Big Wave Golden Ale 33cl"},"content":{"rendered":"<p>La Big Wave est une bi\u00e8re dor\u00e9e qui se distingue par sa l\u00e9g\u00e8ret\u00e9 et son ar\u00f4me de houblon tropical, tout en \u00e9tant doux, facile \u00e0 boire et rafra\u00eechissante.<\/p>","protected":false},"excerpt":{"rendered":"<p><b>Kona Big Wave Golden Ale &#8211; Kona Brewing &#8211; Hawa\u00ef<\/b><\/p>","protected":false},"featured_media":12067,"comment_status":"open","ping_status":"open","template":"","meta":[],"product_cat":[250],"product_tag":[],"class_list":{"0":"post-10691","1":"product","2":"type-product","3":"status-publish","4":"has-post-thumbnail","6":"product_cat-bieres","7":"pa_color-blonde","8":"pa_style-pale-ale","9":"pa_type-biere-artisanale","10":"_wholesalex wsx-wholesalex-product","12":"first","13":"instock","14":"taxable","15":"shipping-taxable","16":"purchasable","17":"product-type-simple"},"_links":{"self":[{"href":"https:\/\/petitecave.ch\/de\/wp-json\/wp\/v2\/product\/10691","targetHints":{"allow":["GET"]}}],"collection":[{"href":"https:\/\/petitecave.ch\/de\/wp-json\/wp\/v2\/product"}],"about":[{"href":"https:\/\/petitecave.ch\/de\/wp-json\/wp\/v2\/types\/product"}],"replies":[{"embeddable":true,"href":"https:\/\/petitecave.ch\/de\/wp-json\/wp\/v2\/comments?post=10691"}],"wp:featuredmedia":[{"embeddable":true,"href":"https:\/\/petitecave.ch\/de\/wp-json\/wp\/v2\/media\/12067"}],"wp:attachment":[{"href":"https:\/\/petitecave.ch\/de\/wp-json\/wp\/v2\/media?parent=10691"}],"wp:term":[{"taxonomy":"product_cat","embeddable":true,"href":"https:\/\/petitecave.ch\/de\/wp-json\/wp\/v2\/product_cat?post=10691"},{"taxonomy":"product_tag","embeddable":true,"href":"https:\/\/petitecave.ch\/de\/wp-json\/wp\/v2\/product_tag?post=10691"}],"curies":[{"name":"wp","href":"https:\/\/api.w.org\/{rel}","templated":true}]}}