{"id":10687,"date":"2025-10-28T11:02:15","date_gmt":"2025-10-28T11:02:15","guid":{"rendered":""},"modified":"2026-02-24T07:50:58","modified_gmt":"2026-02-24T06:50:58","slug":"pa-en-d-enfer-bio-henri-valloton-75cl","status":"publish","type":"product","link":"https:\/\/petitecave.ch\/de\/product\/pa-en-d-enfer-bio-henri-valloton-75cl\/","title":{"rendered":"Pa\u00efen d&rsquo;Enfer BIO &#8211; Henri Valloton 75cl"},"content":{"rendered":"<p><b>C\u00e9page :<\/b> Pa\u00efen | Heida<\/p>\n<p><b>Nez :\u00a0<\/b>Notes d&rsquo;agrumes comme la limette et le yuzu et d&rsquo;une touche de p\u00eache blanche<\/p>\n<p><b>Bouche :\u00a0<\/b>On retrouve les ar\u00f4mes du nez avec une belle vivacit\u00e9 et un l\u00e9ger cristallin<\/p>\n<p><b>Accompagnement :\u00a0<\/b> Id\u00e9al avec des viandes blanches et du fromage<\/p>\n<p><b>Temps de garde :\u00a0<\/b>\u00c0 d\u00e9guster dans les 5 \u00e0 10 ans apr\u00e8s sa mise en bouteille<\/p>","protected":false},"excerpt":{"rendered":"<p><b>Pa\u00efen d&rsquo;Enfer BIO &#8211; Henri Valloton\u00a0<\/b><\/p>\n<p><i>AOC Valais<\/i><\/p>","protected":false},"featured_media":12058,"comment_status":"open","ping_status":"open","template":"","meta":[],"product_cat":[368,253,329],"product_tag":[],"class_list":{"0":"post-10687","1":"product","2":"type-product","3":"status-publish","4":"has-post-thumbnail","6":"product_cat-blanc","7":"product_cat-vins","8":"product_cat-vins-bio","9":"_wholesalex wsx-wholesalex-product","11":"first","12":"instock","13":"taxable","14":"shipping-taxable","15":"purchasable","16":"product-type-simple"},"_links":{"self":[{"href":"https:\/\/petitecave.ch\/de\/wp-json\/wp\/v2\/product\/10687","targetHints":{"allow":["GET"]}}],"collection":[{"href":"https:\/\/petitecave.ch\/de\/wp-json\/wp\/v2\/product"}],"about":[{"href":"https:\/\/petitecave.ch\/de\/wp-json\/wp\/v2\/types\/product"}],"replies":[{"embeddable":true,"href":"https:\/\/petitecave.ch\/de\/wp-json\/wp\/v2\/comments?post=10687"}],"wp:featuredmedia":[{"embeddable":true,"href":"https:\/\/petitecave.ch\/de\/wp-json\/wp\/v2\/media\/12058"}],"wp:attachment":[{"href":"https:\/\/petitecave.ch\/de\/wp-json\/wp\/v2\/media?parent=10687"}],"wp:term":[{"taxonomy":"product_cat","embeddable":true,"href":"https:\/\/petitecave.ch\/de\/wp-json\/wp\/v2\/product_cat?post=10687"},{"taxonomy":"product_tag","embeddable":true,"href":"https:\/\/petitecave.ch\/de\/wp-json\/wp\/v2\/product_tag?post=10687"}],"curies":[{"name":"wp","href":"https:\/\/api.w.org\/{rel}","templated":true}]}}