{"id":10686,"date":"2025-10-28T11:02:14","date_gmt":"2025-10-28T11:02:14","guid":{"rendered":""},"modified":"2026-02-24T07:09:14","modified_gmt":"2026-02-24T06:09:14","slug":"gourmandise-famille-fischli-75cl","status":"publish","type":"product","link":"https:\/\/petitecave.ch\/de\/product\/gourmandise-famille-fischli-75cl\/","title":{"rendered":"Gourmandise &#8211; Famille Fischli 75cl"},"content":{"rendered":"<p><b>C\u00e9pages :<\/b> Humagne Rouge et Cornalin (\u00c9lev\u00e9e en f\u00fbt de ch\u00eane)<\/p>\n<p><b>Nez :<\/b> Belles saveurs fruit\u00e9es<\/p>\n<p><b>Bouche :\u00a0<\/b>Gourmande et fruit\u00e9, la finisse de l&rsquo;humagne se marie parfaitement avec la puissance du Cornalin<\/p>\n<p><b>Accompagnement :\u00a0<\/b>Id\u00e9al avec une viande rouge, une grillade ou encore pour accompagner le caf\u00e9<\/p>\n<p>\u00a0<\/p>","protected":false},"excerpt":{"rendered":"<p><b>Gourmandise &#8211; Famille Fischli &#8211; Morgins<\/b><\/p>\n<p><i>AOC Valais<\/i><\/p>","protected":false},"featured_media":12057,"comment_status":"open","ping_status":"open","template":"","meta":[],"product_cat":[369,253],"product_tag":[],"class_list":{"0":"post-10686","1":"product","2":"type-product","3":"status-publish","4":"has-post-thumbnail","6":"product_cat-rouge","7":"product_cat-vins","8":"_wholesalex wsx-wholesalex-product","10":"first","11":"instock","12":"taxable","13":"shipping-taxable","14":"purchasable","15":"product-type-simple"},"_links":{"self":[{"href":"https:\/\/petitecave.ch\/de\/wp-json\/wp\/v2\/product\/10686","targetHints":{"allow":["GET"]}}],"collection":[{"href":"https:\/\/petitecave.ch\/de\/wp-json\/wp\/v2\/product"}],"about":[{"href":"https:\/\/petitecave.ch\/de\/wp-json\/wp\/v2\/types\/product"}],"replies":[{"embeddable":true,"href":"https:\/\/petitecave.ch\/de\/wp-json\/wp\/v2\/comments?post=10686"}],"wp:featuredmedia":[{"embeddable":true,"href":"https:\/\/petitecave.ch\/de\/wp-json\/wp\/v2\/media\/12057"}],"wp:attachment":[{"href":"https:\/\/petitecave.ch\/de\/wp-json\/wp\/v2\/media?parent=10686"}],"wp:term":[{"taxonomy":"product_cat","embeddable":true,"href":"https:\/\/petitecave.ch\/de\/wp-json\/wp\/v2\/product_cat?post=10686"},{"taxonomy":"product_tag","embeddable":true,"href":"https:\/\/petitecave.ch\/de\/wp-json\/wp\/v2\/product_tag?post=10686"}],"curies":[{"name":"wp","href":"https:\/\/api.w.org\/{rel}","templated":true}]}}