{"id":10682,"date":"2025-10-28T11:02:08","date_gmt":"2025-10-28T11:02:08","guid":{"rendered":""},"modified":"2026-04-07T14:12:59","modified_gmt":"2026-04-07T12:12:59","slug":"o-hara-s-irish-stout-33cl","status":"publish","type":"product","link":"https:\/\/petitecave.ch\/de\/product\/o-hara-s-irish-stout-33cl\/","title":{"rendered":"O&rsquo;Hara&rsquo;s Irish Stout 33cl"},"content":{"rendered":"<p><b>Visuel :\u00a0<\/b>Robe noire intense surmont\u00e9e d&rsquo;une \u00e9paisse mousse brune.<\/p>\n<p><b>Go\u00fbt :<\/b>\u00a0Les ar\u00f4mes de caf\u00e9 de cette bi\u00e8re sont riches et complexes, avec de l\u00e9g\u00e8res notes de r\u00e9glisse.<\/p>\n<p><b>Accompagnement :<\/b>\u00a0Id\u00e9al pour accompagner les fruits de mer, en particulier les crustac\u00e9s et le saumon fum\u00e9.\u00a0Il est \u00e9galement parfait avec des fromages assez forts et de la viande s\u00e9ch\u00e9e.<\/p>","protected":false},"excerpt":{"rendered":"<p><b>O&rsquo;Hara&rsquo;s Irish Stout &#8211; Carlow Brewing Company (Bagenalstown)<\/b><b><\/b><\/p>\n<p>En combinant le houblon stout traditionnel avec une pinc\u00e9e suppl\u00e9mentaire d&rsquo;orge torr\u00e9fi\u00e9e, nous nous assurons de respecter la tradition irlandaise et de r\u00e9inventer le go\u00fbt si souvent recherch\u00e9 par les amateurs de stout.<\/p>\n<p>L&rsquo;Irish Stout O&rsquo;Hara&rsquo;s poss\u00e8de une saveur de torr\u00e9faction intense, soutenue par une sensation en bouche cors\u00e9e et douce.\u00a0La pr\u00e9sence g\u00e9n\u00e9reuse de houblon Fuggle donne une amertume acidul\u00e9e \u00e0 la finale s\u00e8che, similaire \u00e0 celle d&rsquo;un espresso.<\/p>","protected":false},"featured_media":12051,"comment_status":"open","ping_status":"closed","template":"","meta":[],"product_cat":[250],"product_tag":[],"class_list":{"0":"post-10682","1":"product","2":"type-product","3":"status-publish","4":"has-post-thumbnail","6":"product_cat-bieres","7":"pa_categorie-bieres-brunes","8":"pa_color-noire","9":"pa_country-irlande","10":"pa_style-stout","11":"pa_type-biere-artisanale","12":"_wholesalex wsx-wholesalex-product","14":"first","15":"instock","16":"taxable","17":"shipping-taxable","18":"purchasable","19":"product-type-simple"},"_links":{"self":[{"href":"https:\/\/petitecave.ch\/de\/wp-json\/wp\/v2\/product\/10682","targetHints":{"allow":["GET"]}}],"collection":[{"href":"https:\/\/petitecave.ch\/de\/wp-json\/wp\/v2\/product"}],"about":[{"href":"https:\/\/petitecave.ch\/de\/wp-json\/wp\/v2\/types\/product"}],"replies":[{"embeddable":true,"href":"https:\/\/petitecave.ch\/de\/wp-json\/wp\/v2\/comments?post=10682"}],"wp:featuredmedia":[{"embeddable":true,"href":"https:\/\/petitecave.ch\/de\/wp-json\/wp\/v2\/media\/12051"}],"wp:attachment":[{"href":"https:\/\/petitecave.ch\/de\/wp-json\/wp\/v2\/media?parent=10682"}],"wp:term":[{"taxonomy":"product_cat","embeddable":true,"href":"https:\/\/petitecave.ch\/de\/wp-json\/wp\/v2\/product_cat?post=10682"},{"taxonomy":"product_tag","embeddable":true,"href":"https:\/\/petitecave.ch\/de\/wp-json\/wp\/v2\/product_tag?post=10682"}],"curies":[{"name":"wp","href":"https:\/\/api.w.org\/{rel}","templated":true}]}}