{"id":10681,"date":"2025-10-28T11:02:08","date_gmt":"2025-10-28T11:02:08","guid":{"rendered":""},"modified":"2026-02-23T16:28:37","modified_gmt":"2026-02-23T15:28:37","slug":"cannonau-saragat-atzei-75cl","status":"publish","type":"product","link":"https:\/\/petitecave.ch\/de\/product\/cannonau-saragat-atzei-75cl\/","title":{"rendered":"Cannonau Saragat &#8211; Atzei 75cl"},"content":{"rendered":"<p><b>C\u00e9page :<\/b> Cannonau<\/p>\n<p><b>Nez :<\/b>\u00a0Il<span class=\"OYPEnA font-feature-liga-off font-feature-clig-off font-feature-calt-off text-decoration-none text-strikethrough-none\">\u00a0r\u00e9v\u00e8le des ar\u00f4mes intenses de fruits rouges m\u00fbrs comme la cerise et la m\u00fbre, de fleurs comme la violette et la rose.<\/span><\/p>\n<p class=\"cvGsUA direction-ltr align-start para-style-body\"><span class=\"OYPEnA font-feature-liga-off font-feature-clig-off font-feature-calt-off text-decoration-none text-strikethrough-none\"><b>Bouche :<\/b>\u00a0Elle exprime le caract\u00e8re d&rsquo;un vin \u00e9l\u00e9gant, velout\u00e9 et fruit\u00e9 avec des tanins bien int\u00e9gr\u00e9s et une acidit\u00e9 \u00e9quilibr\u00e9e.<\/span><\/p>\n<p class=\"cvGsUA direction-ltr align-start para-style-body\"><b><span class=\"OYPEnA font-feature-liga-off font-feature-clig-off font-feature-calt-off text-decoration-none text-strikethrough-none\">Accompagnement :<\/span><\/b><span class=\"OYPEnA font-feature-liga-off font-feature-clig-off font-feature-calt-off text-decoration-none text-strikethrough-none\">\u00a0Il sublime bien des lasagnes de l\u00e9gumes, du veau, du boeuf ou encore avec des fromages de brebis.<\/span><\/p>\n<p>\u00a0<\/p>","protected":false},"excerpt":{"rendered":"<p><b>Cannonau Saragat &#8211; Atzei<\/b><\/p>\n<p><i>Sardegna DOC<\/i><\/p>","protected":false},"featured_media":12050,"comment_status":"open","ping_status":"closed","template":"","meta":[],"product_cat":[369,253],"product_tag":[],"class_list":{"0":"post-10681","1":"product","2":"type-product","3":"status-publish","4":"has-post-thumbnail","6":"product_cat-rouge","7":"product_cat-vins","8":"pa_color-rouge","9":"pa_country-italie","10":"pa_volume-75-cl","11":"_wholesalex wsx-wholesalex-product","13":"first","14":"instock","15":"taxable","16":"shipping-taxable","17":"purchasable","18":"product-type-simple"},"_links":{"self":[{"href":"https:\/\/petitecave.ch\/de\/wp-json\/wp\/v2\/product\/10681","targetHints":{"allow":["GET"]}}],"collection":[{"href":"https:\/\/petitecave.ch\/de\/wp-json\/wp\/v2\/product"}],"about":[{"href":"https:\/\/petitecave.ch\/de\/wp-json\/wp\/v2\/types\/product"}],"replies":[{"embeddable":true,"href":"https:\/\/petitecave.ch\/de\/wp-json\/wp\/v2\/comments?post=10681"}],"wp:featuredmedia":[{"embeddable":true,"href":"https:\/\/petitecave.ch\/de\/wp-json\/wp\/v2\/media\/12050"}],"wp:attachment":[{"href":"https:\/\/petitecave.ch\/de\/wp-json\/wp\/v2\/media?parent=10681"}],"wp:term":[{"taxonomy":"product_cat","embeddable":true,"href":"https:\/\/petitecave.ch\/de\/wp-json\/wp\/v2\/product_cat?post=10681"},{"taxonomy":"product_tag","embeddable":true,"href":"https:\/\/petitecave.ch\/de\/wp-json\/wp\/v2\/product_tag?post=10681"}],"curies":[{"name":"wp","href":"https:\/\/api.w.org\/{rel}","templated":true}]}}