{"id":10677,"date":"2025-10-28T11:02:04","date_gmt":"2025-10-28T11:02:04","guid":{"rendered":""},"modified":"2026-02-24T10:27:50","modified_gmt":"2026-02-24T09:27:50","slug":"viognier-domaine-de-la-baume-75cl","status":"publish","type":"product","link":"https:\/\/petitecave.ch\/de\/product\/viognier-domaine-de-la-baume-75cl\/","title":{"rendered":"Viognier &#8211; Domaine de La Baume 75cl"},"content":{"rendered":"<p><b>C\u00e9page :<\/b> Viognier<\/p>\n<p><b>Nez :\u00a0<\/b>Il d\u00e9voile des notes fruit\u00e9es de mandarine, d&rsquo;abricot et d&rsquo;orange<\/p>\n<p><b>Bouche :\u00a0<\/b>Riche et fruit\u00e9e avec une belle fra\u00eechuer en finale et de l\u00e9g\u00e8res notes \u00e9pic\u00e9es.<\/p>\n<p><b>Accompagnement :\u00a0<\/b>Id\u00e9al en ap\u00e9ritif, pour accompagner des viandes blanches ou encore une cuisne asiatique.<\/p>","protected":false},"excerpt":{"rendered":"<p><b>Viognier &#8211; Domaine de La Baume &#8211; Languedoc-Roussillon<\/b><\/p>\n<p><i>IGP Pays d&rsquo;Oc<\/i><\/p>","protected":false},"featured_media":12046,"comment_status":"open","ping_status":"open","template":"","meta":[],"product_cat":[368,253],"product_tag":[],"class_list":{"0":"post-10677","1":"product","2":"type-product","3":"status-publish","4":"has-post-thumbnail","6":"product_cat-blanc","7":"product_cat-vins","8":"pa_color-blanc","9":"pa_country-france","10":"pa_volume-75-cl","11":"_wholesalex wsx-wholesalex-product","13":"first","14":"instock","15":"taxable","16":"shipping-taxable","17":"purchasable","18":"product-type-simple"},"_links":{"self":[{"href":"https:\/\/petitecave.ch\/de\/wp-json\/wp\/v2\/product\/10677","targetHints":{"allow":["GET"]}}],"collection":[{"href":"https:\/\/petitecave.ch\/de\/wp-json\/wp\/v2\/product"}],"about":[{"href":"https:\/\/petitecave.ch\/de\/wp-json\/wp\/v2\/types\/product"}],"replies":[{"embeddable":true,"href":"https:\/\/petitecave.ch\/de\/wp-json\/wp\/v2\/comments?post=10677"}],"wp:featuredmedia":[{"embeddable":true,"href":"https:\/\/petitecave.ch\/de\/wp-json\/wp\/v2\/media\/12046"}],"wp:attachment":[{"href":"https:\/\/petitecave.ch\/de\/wp-json\/wp\/v2\/media?parent=10677"}],"wp:term":[{"taxonomy":"product_cat","embeddable":true,"href":"https:\/\/petitecave.ch\/de\/wp-json\/wp\/v2\/product_cat?post=10677"},{"taxonomy":"product_tag","embeddable":true,"href":"https:\/\/petitecave.ch\/de\/wp-json\/wp\/v2\/product_tag?post=10677"}],"curies":[{"name":"wp","href":"https:\/\/api.w.org\/{rel}","templated":true}]}}