{"id":10660,"date":"2025-10-28T11:01:49","date_gmt":"2025-10-28T11:01:49","guid":{"rendered":""},"modified":"2026-02-23T16:34:20","modified_gmt":"2026-02-23T15:34:20","slug":"champagne-bollinger-sp-cial-cuv-e-75cl","status":"publish","type":"product","link":"https:\/\/petitecave.ch\/de\/product\/champagne-bollinger-sp-cial-cuv-e-75cl\/","title":{"rendered":"Champagne Bollinger Sp\u00e9cial Cuv\u00e9e 75cl"},"content":{"rendered":"<p><b>C\u00e9pages :<\/b> Assemblage de Pinoit Noir, Chardonnay et Pinot Meunier<\/p>","protected":false},"excerpt":{"rendered":"<p><b>Champagne Bollinger Sp\u00e9cial Cuv\u00e9e &#8211; A\u00ff<\/b><\/p>","protected":false},"featured_media":12029,"comment_status":"open","ping_status":"open","template":"","meta":[],"product_cat":[283],"product_tag":[],"class_list":{"0":"post-10660","1":"product","2":"type-product","3":"status-publish","4":"has-post-thumbnail","6":"product_cat-champagnes","7":"_wholesalex wsx-wholesalex-product","9":"first","10":"instock","11":"taxable","12":"shipping-taxable","13":"purchasable","14":"product-type-simple"},"_links":{"self":[{"href":"https:\/\/petitecave.ch\/de\/wp-json\/wp\/v2\/product\/10660","targetHints":{"allow":["GET"]}}],"collection":[{"href":"https:\/\/petitecave.ch\/de\/wp-json\/wp\/v2\/product"}],"about":[{"href":"https:\/\/petitecave.ch\/de\/wp-json\/wp\/v2\/types\/product"}],"replies":[{"embeddable":true,"href":"https:\/\/petitecave.ch\/de\/wp-json\/wp\/v2\/comments?post=10660"}],"wp:featuredmedia":[{"embeddable":true,"href":"https:\/\/petitecave.ch\/de\/wp-json\/wp\/v2\/media\/12029"}],"wp:attachment":[{"href":"https:\/\/petitecave.ch\/de\/wp-json\/wp\/v2\/media?parent=10660"}],"wp:term":[{"taxonomy":"product_cat","embeddable":true,"href":"https:\/\/petitecave.ch\/de\/wp-json\/wp\/v2\/product_cat?post=10660"},{"taxonomy":"product_tag","embeddable":true,"href":"https:\/\/petitecave.ch\/de\/wp-json\/wp\/v2\/product_tag?post=10660"}],"curies":[{"name":"wp","href":"https:\/\/api.w.org\/{rel}","templated":true}]}}