{"id":10653,"date":"2025-12-19T14:01:40","date_gmt":"2025-12-19T13:01:40","guid":{"rendered":"https:\/\/petitecave.ch\/product\/etsu-sakura-gin-limited-edition\/"},"modified":"2026-02-20T15:58:50","modified_gmt":"2026-02-20T14:58:50","slug":"etsu-sakura-gin-limited-edition","status":"publish","type":"product","link":"https:\/\/petitecave.ch\/de\/product\/etsu-sakura-gin-limited-edition\/","title":{"rendered":"Etsu Sakura Gin Limited Edition 70cl"},"content":{"rendered":"<p><span style=\"color: #000000;\">Inspir\u00e9 de la tradition japonaise du Hanami, <strong>Etsu Sakura<\/strong> rend hommage \u00e0 la magie fugace des cerisiers en fleurs, lorsque le Japon se teinte de rose et que l\u2019air se charge de notes d\u00e9licates et po\u00e9tiques. Symbole de renouveau, d\u2019\u00e9quilibre et de partage, cet instant suspendu se retrouve dans chaque goutte.<\/span><\/p>\n<p><span style=\"color: #000000;\">Distill\u00e9 \u00e0 la distillerie <strong>Akita<\/strong>, sur l\u2019\u00eele d\u2019Honsh\u016b, ce gin d\u00e9voile une expression florale \u00e9l\u00e9gante et parfaitement ma\u00eetris\u00e9e. La douceur du <strong>sakura<\/strong> s\u2019entrelace avec la fra\u00eecheur des agrumes et la richesse des botaniques japonaises, le tout port\u00e9 par l\u2019eau pure des montagnes <strong>\u014cu<\/strong>, pour une d\u00e9gustation tout en finesse et en l\u00e9g\u00e8ret\u00e9.<\/span><\/p>\n<p>&nbsp;<\/p>","protected":false},"excerpt":{"rendered":"<p><span style=\"color: #000000;\">Un gin <strong>d\u00e9licat<\/strong> et <strong>raffin\u00e9<\/strong>, v\u00e9ritable invitation \u00e0 faire durer l\u2019esprit du Hanami toute l\u2019ann\u00e9e. <\/span><\/p>\n<p><span style=\"color: #000000;\">\u00c0 savourer en cocktail ou simplement allong\u00e9 d\u2019un tonic, pour un moment aussi \u00e9l\u00e9gant que d\u00e9paysant.<\/span><\/p>","protected":false},"featured_media":18256,"comment_status":"open","ping_status":"closed","template":"","meta":[],"product_cat":[333,279],"product_tag":[],"class_list":{"0":"post-10653","1":"product","2":"type-product","3":"status-publish","4":"has-post-thumbnail","6":"product_cat-coffrets-cadeaux","7":"product_cat-gin","8":"pa_country-japon","9":"pa_volume-70-cl","10":"_wholesalex wsx-wholesalex-product","12":"first","13":"instock","14":"taxable","15":"shipping-taxable","16":"purchasable","17":"product-type-simple"},"_links":{"self":[{"href":"https:\/\/petitecave.ch\/de\/wp-json\/wp\/v2\/product\/10653","targetHints":{"allow":["GET"]}}],"collection":[{"href":"https:\/\/petitecave.ch\/de\/wp-json\/wp\/v2\/product"}],"about":[{"href":"https:\/\/petitecave.ch\/de\/wp-json\/wp\/v2\/types\/product"}],"replies":[{"embeddable":true,"href":"https:\/\/petitecave.ch\/de\/wp-json\/wp\/v2\/comments?post=10653"}],"wp:featuredmedia":[{"embeddable":true,"href":"https:\/\/petitecave.ch\/de\/wp-json\/wp\/v2\/media\/18256"}],"wp:attachment":[{"href":"https:\/\/petitecave.ch\/de\/wp-json\/wp\/v2\/media?parent=10653"}],"wp:term":[{"taxonomy":"product_cat","embeddable":true,"href":"https:\/\/petitecave.ch\/de\/wp-json\/wp\/v2\/product_cat?post=10653"},{"taxonomy":"product_tag","embeddable":true,"href":"https:\/\/petitecave.ch\/de\/wp-json\/wp\/v2\/product_tag?post=10653"}],"curies":[{"name":"wp","href":"https:\/\/api.w.org\/{rel}","templated":true}]}}