{"id":10643,"date":"2025-10-28T11:01:31","date_gmt":"2025-10-28T11:01:31","guid":{"rendered":""},"modified":"2026-02-23T16:51:13","modified_gmt":"2026-02-23T15:51:13","slug":"crozes-hermitage-blanc-les-alexandrins-75cl","status":"publish","type":"product","link":"https:\/\/petitecave.ch\/de\/product\/crozes-hermitage-blanc-les-alexandrins-75cl\/","title":{"rendered":"Crozes-Hermitage Blanc &#8211; Les Alexandrins 75cl"},"content":{"rendered":"<p><b>C\u00e9pages :<\/b> Marsanne (60%) et Rousanne (40%) &#8211; \u00c9lev\u00e9 en barriques (50%) et en f\u00fbts en b\u00e9ton ovo\u00efde (50%)<\/p>\n<p><b>Nez :<\/b> Notes de fruits \u00e0 chair blanche, de fleurs blanches avec des notes grill\u00e9es<\/p>\n<p><b>Bouche : <\/b>Ronde et soyeuse avec un parfait \u00e9quilibre. Elle d\u00e9voile une l\u00e9g\u00e8re acidit\u00e9 qui apporte une belle fra\u00eecheur et une finale tout en longeur<\/p>\n<p><b>Accompagnement :\u00a0<\/b>Id\u00e9al avec des viandes blanches, des poissons grill\u00e9es ou encore des crevettes.<\/p>\n<p><b>Temps de garde :\u00a0<\/b>\u00c0 d\u00e9guster dans les 5 ans\u00a0<\/p>","protected":false},"excerpt":{"rendered":"<p><b>Crozes-Hermitage Blanc &#8211; Les Alexandrins<\/b><\/p>\n<p><i>AOC Crozes-Hermitages &#8211;\u00a0<\/i><i>Vall\u00e9e du Rh\u00f4ne Septentrionale<\/i><\/p>","protected":false},"featured_media":12008,"comment_status":"open","ping_status":"open","template":"","meta":[],"product_cat":[368,253],"product_tag":[],"class_list":{"0":"post-10643","1":"product","2":"type-product","3":"status-publish","4":"has-post-thumbnail","6":"product_cat-blanc","7":"product_cat-vins","8":"pa_color-blanc","9":"pa_country-suisse","10":"pa_volume-75-cl","11":"_wholesalex wsx-wholesalex-product","13":"first","14":"instock","15":"taxable","16":"shipping-taxable","17":"purchasable","18":"product-type-simple"},"_links":{"self":[{"href":"https:\/\/petitecave.ch\/de\/wp-json\/wp\/v2\/product\/10643","targetHints":{"allow":["GET"]}}],"collection":[{"href":"https:\/\/petitecave.ch\/de\/wp-json\/wp\/v2\/product"}],"about":[{"href":"https:\/\/petitecave.ch\/de\/wp-json\/wp\/v2\/types\/product"}],"replies":[{"embeddable":true,"href":"https:\/\/petitecave.ch\/de\/wp-json\/wp\/v2\/comments?post=10643"}],"wp:featuredmedia":[{"embeddable":true,"href":"https:\/\/petitecave.ch\/de\/wp-json\/wp\/v2\/media\/12008"}],"wp:attachment":[{"href":"https:\/\/petitecave.ch\/de\/wp-json\/wp\/v2\/media?parent=10643"}],"wp:term":[{"taxonomy":"product_cat","embeddable":true,"href":"https:\/\/petitecave.ch\/de\/wp-json\/wp\/v2\/product_cat?post=10643"},{"taxonomy":"product_tag","embeddable":true,"href":"https:\/\/petitecave.ch\/de\/wp-json\/wp\/v2\/product_tag?post=10643"}],"curies":[{"name":"wp","href":"https:\/\/api.w.org\/{rel}","templated":true}]}}