{"id":10634,"date":"2026-01-29T10:01:23","date_gmt":"2026-01-29T09:01:23","guid":{"rendered":""},"modified":"2026-02-12T16:05:39","modified_gmt":"2026-02-12T15:05:39","slug":"planteray-trinidad-2011-special-edition-la-petite-cave","status":"publish","type":"product","link":"https:\/\/petitecave.ch\/de\/product\/planteray-trinidad-2011-special-edition-la-petite-cave\/","title":{"rendered":"Planteray Trinidad 2011 Special Edition La Petite Cave 70cl"},"content":{"rendered":"<p dir=\"auto\"><span style=\"color: #000000;\"><b>Nez :<\/b> Intense et complexe, il d\u00e9voile des ar\u00f4mes de fruits rouges et noirs comme la myrtille, la framboise ou encore la prune, accompagn\u00e9s de jolies notes de fruits tropicaux et d\u2019un l\u00e9ger parfum floral.<\/span><\/p>\n<p dir=\"auto\"><span style=\"color: #000000;\"><b>Bouche :<\/b> Riche et \u00e9quilibr\u00e9e avec une explosion de saveurs sur la banane, l\u2019abricot et la framboise.<\/span><\/p>\n<p dir=\"auto\"><span style=\"color: #000000;\"><b>Finale :<\/b> Belle finale sur un m\u00e9lange de fruits exotiques et de framboise le tout sur une belle texture cr\u00e9meuse.<\/span><\/p>","protected":false},"excerpt":{"rendered":"<p><span style=\"color: #000000;\"><i>Nous avons s\u00e9lectionn\u00e9, avec le plus grand soin, ce f\u00fbt de Planteray Rum lors de la d\u00e9couverte de la Maison Ferrand \u00e0 Cognac.<\/i><\/span><\/p>\n<p><span style=\"color: #000000;\"><i> Dans leur chai, nous avons eu le privil\u00e8ge de d\u00e9guster plusieurs f\u00fbts, d\u2019horizons diff\u00e9rents, qui y passaient leurs derniers mois de vieillissement. <\/i><\/span><\/p>\n<p><span style=\"color: #000000;\"><i>Notre choix s\u2019est port\u00e9 sur ce rhum le <b>Trinidad 2011 ayant subi une double maturation de 9 mois en f\u00fbt de Porto Kopke.<\/b><\/i><\/span><\/p>\n<p><span style=\"color: #000000;\"><b>Cette \u00e9dition sp\u00e9ciale ne comprends que 126 bouteilles, uniquement vendues par nos soins.<\/b><\/span><\/p>","protected":false},"featured_media":18524,"comment_status":"open","ping_status":"closed","template":"","meta":[],"product_cat":[272],"product_tag":[],"class_list":{"0":"post-10634","1":"product","2":"type-product","3":"status-publish","4":"has-post-thumbnail","6":"product_brand-planteray","7":"product_cat-rhum","8":"pa_color-ambree","9":"pa_country-trinidad-tobago","10":"pa_style-single-cask-double-matured-in-kopke-port-cask","11":"pa_type-rhum-traditionnel","12":"pa_volume-70-cl","13":"_wholesalex wsx-wholesalex-product","15":"first","16":"instock","17":"taxable","18":"shipping-taxable","19":"purchasable","20":"product-type-simple"},"yoast_head":"<!-- This site is optimized with the Yoast SEO plugin v27.4 - https:\/\/yoast.com\/product\/yoast-seo-wordpress\/ -->\n<title>Planteray Trinidad 2011 Special Edition La Petite Cave 70cl | La Petite Cave du Chablais<\/title>\n<meta name=\"robots\" content=\"index, follow, max-snippet:-1, max-image-preview:large, max-video-preview:-1\" \/>\n<link rel=\"canonical\" href=\"https:\/\/petitecave.ch\/de\/product\/planteray-trinidad-2011-special-edition-la-petite-cave\/\" \/>\n<meta property=\"og:locale\" content=\"de_DE\" \/>\n<meta property=\"og:type\" content=\"article\" \/>\n<meta property=\"og:title\" content=\"Planteray Trinidad 2011 Special Edition La Petite Cave 70cl | La Petite Cave du Chablais\" \/>\n<meta property=\"og:description\" content=\"Nous avons s\u00e9lectionn\u00e9, avec le plus grand soin, ce f\u00fbt de Planteray Rum lors de la d\u00e9couverte de la Maison Ferrand \u00e0 Cognac.   Dans leur chai, nous avons eu le privil\u00e8ge de d\u00e9guster plusieurs f\u00fbts, d\u2019horizons diff\u00e9rents, qui y passaient leurs derniers mois de vieillissement.   Notre choix s\u2019est port\u00e9 sur ce rhum le Trinidad 2011 ayant subi une double maturation de 9 mois en f\u00fbt de Porto Kopke.  Cette \u00e9dition sp\u00e9ciale ne comprends que 126 bouteilles, uniquement vendues par nos soins.\" \/>\n<meta property=\"og:url\" content=\"https:\/\/petitecave.ch\/de\/product\/planteray-trinidad-2011-special-edition-la-petite-cave\/\" \/>\n<meta property=\"og:site_name\" content=\"La Petite Cave du Chablais\" \/>\n<meta property=\"article:publisher\" content=\"https:\/\/www.facebook.com\/LaPetiteCaveDuChablais\" \/>\n<meta property=\"article:modified_time\" content=\"2026-02-12T15:05:39+00:00\" \/>\n<meta property=\"og:image\" content=\"https:\/\/petitecave.ch\/wp-content\/uploads\/2025\/10\/Planteray-Trinidad-2011-Special-Edition-La-Petite-Cave-70cl.png\" \/>\n\t<meta property=\"og:image:width\" content=\"1000\" \/>\n\t<meta property=\"og:image:height\" content=\"1000\" \/>\n\t<meta property=\"og:image:type\" content=\"image\/png\" \/>\n<meta name=\"twitter:card\" content=\"summary_large_image\" \/>\n<script type=\"application\/ld+json\" class=\"yoast-schema-graph\">{\"@context\":\"https:\\\/\\\/schema.org\",\"@graph\":[{\"@type\":\"WebPage\",\"@id\":\"https:\\\/\\\/petitecave.ch\\\/product\\\/planteray-trinidad-2011-special-edition-la-petite-cave\\\/\",\"url\":\"https:\\\/\\\/petitecave.ch\\\/product\\\/planteray-trinidad-2011-special-edition-la-petite-cave\\\/\",\"name\":\"Planteray Trinidad 2011 Special Edition La Petite Cave 70cl | La Petite Cave du Chablais\",\"isPartOf\":{\"@id\":\"https:\\\/\\\/petitecave.ch\\\/de\\\/#website\"},\"primaryImageOfPage\":{\"@id\":\"https:\\\/\\\/petitecave.ch\\\/product\\\/planteray-trinidad-2011-special-edition-la-petite-cave\\\/#primaryimage\"},\"image\":{\"@id\":\"https:\\\/\\\/petitecave.ch\\\/product\\\/planteray-trinidad-2011-special-edition-la-petite-cave\\\/#primaryimage\"},\"thumbnailUrl\":\"https:\\\/\\\/petitecave.ch\\\/wp-content\\\/uploads\\\/2025\\\/10\\\/Planteray-Trinidad-2011-Special-Edition-La-Petite-Cave-70cl.png\",\"datePublished\":\"2026-01-29T09:01:23+00:00\",\"dateModified\":\"2026-02-12T15:05:39+00:00\",\"breadcrumb\":{\"@id\":\"https:\\\/\\\/petitecave.ch\\\/product\\\/planteray-trinidad-2011-special-edition-la-petite-cave\\\/#breadcrumb\"},\"inLanguage\":\"de-CH\",\"potentialAction\":[{\"@type\":\"ReadAction\",\"target\":[\"https:\\\/\\\/petitecave.ch\\\/product\\\/planteray-trinidad-2011-special-edition-la-petite-cave\\\/\"]}]},{\"@type\":\"ImageObject\",\"inLanguage\":\"de-CH\",\"@id\":\"https:\\\/\\\/petitecave.ch\\\/product\\\/planteray-trinidad-2011-special-edition-la-petite-cave\\\/#primaryimage\",\"url\":\"https:\\\/\\\/petitecave.ch\\\/wp-content\\\/uploads\\\/2025\\\/10\\\/Planteray-Trinidad-2011-Special-Edition-La-Petite-Cave-70cl.png\",\"contentUrl\":\"https:\\\/\\\/petitecave.ch\\\/wp-content\\\/uploads\\\/2025\\\/10\\\/Planteray-Trinidad-2011-Special-Edition-La-Petite-Cave-70cl.png\",\"width\":1000,\"height\":1000},{\"@type\":\"BreadcrumbList\",\"@id\":\"https:\\\/\\\/petitecave.ch\\\/product\\\/planteray-trinidad-2011-special-edition-la-petite-cave\\\/#breadcrumb\",\"itemListElement\":[{\"@type\":\"ListItem\",\"position\":1,\"name\":\"Accueil\",\"item\":\"https:\\\/\\\/petitecave.ch\\\/\"},{\"@type\":\"ListItem\",\"position\":2,\"name\":\"Produkte\",\"item\":\"https:\\\/\\\/petitecave.ch\\\/de\\\/shop\\\/\"},{\"@type\":\"ListItem\",\"position\":3,\"name\":\"Planteray Trinidad 2011 Special Edition La Petite Cave 70cl\"}]},{\"@type\":\"WebSite\",\"@id\":\"https:\\\/\\\/petitecave.ch\\\/de\\\/#website\",\"url\":\"https:\\\/\\\/petitecave.ch\\\/de\\\/\",\"name\":\"La Petite Cave du Chablais\",\"description\":\"Vins, bi\u00e8res et spiritueux en ligne !\",\"publisher\":{\"@id\":\"https:\\\/\\\/petitecave.ch\\\/de\\\/#organization\"},\"alternateName\":\"La Petite Cave\",\"potentialAction\":[{\"@type\":\"SearchAction\",\"target\":{\"@type\":\"EntryPoint\",\"urlTemplate\":\"https:\\\/\\\/petitecave.ch\\\/de\\\/?s={search_term_string}\"},\"query-input\":{\"@type\":\"PropertyValueSpecification\",\"valueRequired\":true,\"valueName\":\"search_term_string\"}}],\"inLanguage\":\"de-CH\"},{\"@type\":\"Organization\",\"@id\":\"https:\\\/\\\/petitecave.ch\\\/de\\\/#organization\",\"name\":\"La Petite Cave du Chablais S\u00e0rl\",\"url\":\"https:\\\/\\\/petitecave.ch\\\/de\\\/\",\"logo\":{\"@type\":\"ImageObject\",\"inLanguage\":\"de-CH\",\"@id\":\"https:\\\/\\\/petitecave.ch\\\/de\\\/#\\\/schema\\\/logo\\\/image\\\/\",\"url\":\"https:\\\/\\\/petitecave.ch\\\/wp-content\\\/uploads\\\/2025\\\/10\\\/petitecavelogo-removebg-preview.png\",\"contentUrl\":\"https:\\\/\\\/petitecave.ch\\\/wp-content\\\/uploads\\\/2025\\\/10\\\/petitecavelogo-removebg-preview.png\",\"width\":800,\"height\":200,\"caption\":\"La Petite Cave du Chablais S\u00e0rl\"},\"image\":{\"@id\":\"https:\\\/\\\/petitecave.ch\\\/de\\\/#\\\/schema\\\/logo\\\/image\\\/\"},\"sameAs\":[\"https:\\\/\\\/www.facebook.com\\\/LaPetiteCaveDuChablais\",\"https:\\\/\\\/www.instagram.com\\\/lapetitecaveduchablais\",\"https:\\\/\\\/www.linkedin.com\\\/company\\\/la-petite-cave-du-chablais\"]}]}<\/script>\n<!-- \/ Yoast SEO plugin. -->","yoast_head_json":{"title":"Planteray Trinidad 2011 Special Edition La Petite Cave 70cl | La Petite Cave du Chablais","robots":{"index":"index","follow":"follow","max-snippet":"max-snippet:-1","max-image-preview":"max-image-preview:large","max-video-preview":"max-video-preview:-1"},"canonical":"https:\/\/petitecave.ch\/de\/product\/planteray-trinidad-2011-special-edition-la-petite-cave\/","og_locale":"de_DE","og_type":"article","og_title":"Planteray Trinidad 2011 Special Edition La Petite Cave 70cl | La Petite Cave du Chablais","og_description":"Nous avons s\u00e9lectionn\u00e9, avec le plus grand soin, ce f\u00fbt de Planteray Rum lors de la d\u00e9couverte de la Maison Ferrand \u00e0 Cognac.   Dans leur chai, nous avons eu le privil\u00e8ge de d\u00e9guster plusieurs f\u00fbts, d\u2019horizons diff\u00e9rents, qui y passaient leurs derniers mois de vieillissement.   Notre choix s\u2019est port\u00e9 sur ce rhum le Trinidad 2011 ayant subi une double maturation de 9 mois en f\u00fbt de Porto Kopke.  Cette \u00e9dition sp\u00e9ciale ne comprends que 126 bouteilles, uniquement vendues par nos soins.","og_url":"https:\/\/petitecave.ch\/de\/product\/planteray-trinidad-2011-special-edition-la-petite-cave\/","og_site_name":"La Petite Cave du Chablais","article_publisher":"https:\/\/www.facebook.com\/LaPetiteCaveDuChablais","article_modified_time":"2026-02-12T15:05:39+00:00","og_image":[{"width":1000,"height":1000,"url":"https:\/\/petitecave.ch\/wp-content\/uploads\/2025\/10\/Planteray-Trinidad-2011-Special-Edition-La-Petite-Cave-70cl.png","type":"image\/png"}],"twitter_card":"summary_large_image","schema":{"@context":"https:\/\/schema.org","@graph":[{"@type":"WebPage","@id":"https:\/\/petitecave.ch\/product\/planteray-trinidad-2011-special-edition-la-petite-cave\/","url":"https:\/\/petitecave.ch\/product\/planteray-trinidad-2011-special-edition-la-petite-cave\/","name":"Planteray Trinidad 2011 Special Edition La Petite Cave 70cl | La Petite Cave du Chablais","isPartOf":{"@id":"https:\/\/petitecave.ch\/de\/#website"},"primaryImageOfPage":{"@id":"https:\/\/petitecave.ch\/product\/planteray-trinidad-2011-special-edition-la-petite-cave\/#primaryimage"},"image":{"@id":"https:\/\/petitecave.ch\/product\/planteray-trinidad-2011-special-edition-la-petite-cave\/#primaryimage"},"thumbnailUrl":"https:\/\/petitecave.ch\/wp-content\/uploads\/2025\/10\/Planteray-Trinidad-2011-Special-Edition-La-Petite-Cave-70cl.png","datePublished":"2026-01-29T09:01:23+00:00","dateModified":"2026-02-12T15:05:39+00:00","breadcrumb":{"@id":"https:\/\/petitecave.ch\/product\/planteray-trinidad-2011-special-edition-la-petite-cave\/#breadcrumb"},"inLanguage":"de-CH","potentialAction":[{"@type":"ReadAction","target":["https:\/\/petitecave.ch\/product\/planteray-trinidad-2011-special-edition-la-petite-cave\/"]}]},{"@type":"ImageObject","inLanguage":"de-CH","@id":"https:\/\/petitecave.ch\/product\/planteray-trinidad-2011-special-edition-la-petite-cave\/#primaryimage","url":"https:\/\/petitecave.ch\/wp-content\/uploads\/2025\/10\/Planteray-Trinidad-2011-Special-Edition-La-Petite-Cave-70cl.png","contentUrl":"https:\/\/petitecave.ch\/wp-content\/uploads\/2025\/10\/Planteray-Trinidad-2011-Special-Edition-La-Petite-Cave-70cl.png","width":1000,"height":1000},{"@type":"BreadcrumbList","@id":"https:\/\/petitecave.ch\/product\/planteray-trinidad-2011-special-edition-la-petite-cave\/#breadcrumb","itemListElement":[{"@type":"ListItem","position":1,"name":"Accueil","item":"https:\/\/petitecave.ch\/"},{"@type":"ListItem","position":2,"name":"Produkte","item":"https:\/\/petitecave.ch\/de\/shop\/"},{"@type":"ListItem","position":3,"name":"Planteray Trinidad 2011 Special Edition La Petite Cave 70cl"}]},{"@type":"WebSite","@id":"https:\/\/petitecave.ch\/de\/#website","url":"https:\/\/petitecave.ch\/de\/","name":"Die kleine Keller des Chablais","description":"Vins, bi\u00e8res et spiritueux en ligne !","publisher":{"@id":"https:\/\/petitecave.ch\/de\/#organization"},"alternateName":"La Petite Cave","potentialAction":[{"@type":"SearchAction","target":{"@type":"EntryPoint","urlTemplate":"https:\/\/petitecave.ch\/de\/?s={search_term_string}"},"query-input":{"@type":"PropertyValueSpecification","valueRequired":true,"valueName":"search_term_string"}}],"inLanguage":"de-CH"},{"@type":"Organization","@id":"https:\/\/petitecave.ch\/de\/#organization","name":"La Petite Cave du Chablais S\u00e0rl","url":"https:\/\/petitecave.ch\/de\/","logo":{"@type":"ImageObject","inLanguage":"de-CH","@id":"https:\/\/petitecave.ch\/de\/#\/schema\/logo\/image\/","url":"https:\/\/petitecave.ch\/wp-content\/uploads\/2025\/10\/petitecavelogo-removebg-preview.png","contentUrl":"https:\/\/petitecave.ch\/wp-content\/uploads\/2025\/10\/petitecavelogo-removebg-preview.png","width":800,"height":200,"caption":"La Petite Cave du Chablais S\u00e0rl"},"image":{"@id":"https:\/\/petitecave.ch\/de\/#\/schema\/logo\/image\/"},"sameAs":["https:\/\/www.facebook.com\/LaPetiteCaveDuChablais","https:\/\/www.instagram.com\/lapetitecaveduchablais","https:\/\/www.linkedin.com\/company\/la-petite-cave-du-chablais"]}]}},"_links":{"self":[{"href":"https:\/\/petitecave.ch\/de\/wp-json\/wp\/v2\/product\/10634","targetHints":{"allow":["GET"]}}],"collection":[{"href":"https:\/\/petitecave.ch\/de\/wp-json\/wp\/v2\/product"}],"about":[{"href":"https:\/\/petitecave.ch\/de\/wp-json\/wp\/v2\/types\/product"}],"replies":[{"embeddable":true,"href":"https:\/\/petitecave.ch\/de\/wp-json\/wp\/v2\/comments?post=10634"}],"wp:featuredmedia":[{"embeddable":true,"href":"https:\/\/petitecave.ch\/de\/wp-json\/wp\/v2\/media\/18524"}],"wp:attachment":[{"href":"https:\/\/petitecave.ch\/de\/wp-json\/wp\/v2\/media?parent=10634"}],"wp:term":[{"taxonomy":"product_cat","embeddable":true,"href":"https:\/\/petitecave.ch\/de\/wp-json\/wp\/v2\/product_cat?post=10634"},{"taxonomy":"product_tag","embeddable":true,"href":"https:\/\/petitecave.ch\/de\/wp-json\/wp\/v2\/product_tag?post=10634"}],"curies":[{"name":"wp","href":"https:\/\/api.w.org\/{rel}","templated":true}]}}