{"id":10632,"date":"2025-10-28T11:01:21","date_gmt":"2025-10-28T11:01:21","guid":{"rendered":""},"modified":"2026-02-20T15:58:06","modified_gmt":"2026-02-20T14:58:06","slug":"citadelle-gin-rouge","status":"publish","type":"product","link":"https:\/\/petitecave.ch\/de\/product\/citadelle-gin-rouge\/","title":{"rendered":"Citadelle Gin Rouge 70cl"},"content":{"rendered":"<p class=\"cvGsUA direction-ltr align-start para-style-body\"><span class=\"OYPEnA text-decoration-none text-strikethrough-none\">Un Gin d\u00e9licieusement infus\u00e9 avec de la canneberge, de la framboise, de la myrtille, du cassis et de la rhubarbe, pour les amoureux de la v\u00e9ritable essence du go\u00fbt naturel.<\/span><\/p>\n<p class=\"cvGsUA direction-ltr align-start para-style-body\"><span class=\"OYPEnA text-decoration-none text-strikethrough-none\">On retrouve des saveurs fruit\u00e9es de baies juteuses et acidul\u00e9es, soulign\u00e9es par le piquant de la rhubarbe.<\/span><\/p>","protected":false},"excerpt":{"rendered":"<p><b>Citadelle Rouge &#8211; Distillerie Citadelle &#8211; Ch\u00e2eau de Bonbonnet &#8211; Ars<\/b><\/p>","protected":false},"featured_media":11997,"comment_status":"open","ping_status":"open","template":"","meta":[],"product_cat":[279],"product_tag":[],"class_list":{"0":"post-10632","1":"product","2":"type-product","3":"status-publish","4":"has-post-thumbnail","6":"product_cat-gin","7":"pa_country-france","8":"pa_volume-70-cl","9":"_wholesalex wsx-wholesalex-product","11":"first","12":"instock","13":"taxable","14":"shipping-taxable","15":"purchasable","16":"product-type-simple"},"_links":{"self":[{"href":"https:\/\/petitecave.ch\/de\/wp-json\/wp\/v2\/product\/10632","targetHints":{"allow":["GET"]}}],"collection":[{"href":"https:\/\/petitecave.ch\/de\/wp-json\/wp\/v2\/product"}],"about":[{"href":"https:\/\/petitecave.ch\/de\/wp-json\/wp\/v2\/types\/product"}],"replies":[{"embeddable":true,"href":"https:\/\/petitecave.ch\/de\/wp-json\/wp\/v2\/comments?post=10632"}],"wp:featuredmedia":[{"embeddable":true,"href":"https:\/\/petitecave.ch\/de\/wp-json\/wp\/v2\/media\/11997"}],"wp:attachment":[{"href":"https:\/\/petitecave.ch\/de\/wp-json\/wp\/v2\/media?parent=10632"}],"wp:term":[{"taxonomy":"product_cat","embeddable":true,"href":"https:\/\/petitecave.ch\/de\/wp-json\/wp\/v2\/product_cat?post=10632"},{"taxonomy":"product_tag","embeddable":true,"href":"https:\/\/petitecave.ch\/de\/wp-json\/wp\/v2\/product_tag?post=10632"}],"curies":[{"name":"wp","href":"https:\/\/api.w.org\/{rel}","templated":true}]}}