{"id":10631,"date":"2025-10-28T11:01:20","date_gmt":"2025-10-28T11:01:20","guid":{"rendered":""},"modified":"2026-02-20T15:59:06","modified_gmt":"2026-02-20T14:59:06","slug":"citadelle-gin-jardin-d-t","status":"publish","type":"product","link":"https:\/\/petitecave.ch\/de\/product\/citadelle-gin-jardin-d-t\/","title":{"rendered":"Citadelle Gin Jardin d&rsquo;\u00c9t\u00e9 70cl"},"content":{"rendered":"<p class=\"cvGsUA direction-ltr align-start para-style-body\"><span class=\"OYPEnA text-decoration-none text-strikethrough-none\">\u00c9labor\u00e9 \u00e0 partir de melon charentais, de citrons entiers avec des zestes de yuzu et d\u2019orange.<\/span><\/p>\n<p class=\"cvGsUA direction-ltr align-start para-style-body\"><span class=\"OYPEnA text-decoration-none text-strikethrough-none\">Fruit\u00e9, sur des ar\u00f4mes d\u2019agrumes tels que le citron, le yuzu et l\u2019orange. La rondeur du melon charentais vient adoucir la vivacit\u00e9 des agrumes. La finale est magnifiquement longue, fra\u00eeche et fruit\u00e9e.<\/span><\/p>","protected":false},"excerpt":{"rendered":"<p><b>Jardin d&rsquo;\u00c9t\u00e9 &#8211; Distillerie Citadelle &#8211; Ch\u00e2eau de Bonbonnet &#8211; Ars<\/b><\/p>","protected":false},"featured_media":11996,"comment_status":"open","ping_status":"open","template":"","meta":[],"product_cat":[279],"product_tag":[],"class_list":{"0":"post-10631","1":"product","2":"type-product","3":"status-publish","4":"has-post-thumbnail","6":"product_cat-gin","7":"pa_country-france","8":"pa_volume-70-cl","9":"_wholesalex wsx-wholesalex-product","11":"first","12":"instock","13":"taxable","14":"shipping-taxable","15":"purchasable","16":"product-type-simple"},"_links":{"self":[{"href":"https:\/\/petitecave.ch\/de\/wp-json\/wp\/v2\/product\/10631","targetHints":{"allow":["GET"]}}],"collection":[{"href":"https:\/\/petitecave.ch\/de\/wp-json\/wp\/v2\/product"}],"about":[{"href":"https:\/\/petitecave.ch\/de\/wp-json\/wp\/v2\/types\/product"}],"replies":[{"embeddable":true,"href":"https:\/\/petitecave.ch\/de\/wp-json\/wp\/v2\/comments?post=10631"}],"wp:featuredmedia":[{"embeddable":true,"href":"https:\/\/petitecave.ch\/de\/wp-json\/wp\/v2\/media\/11996"}],"wp:attachment":[{"href":"https:\/\/petitecave.ch\/de\/wp-json\/wp\/v2\/media?parent=10631"}],"wp:term":[{"taxonomy":"product_cat","embeddable":true,"href":"https:\/\/petitecave.ch\/de\/wp-json\/wp\/v2\/product_cat?post=10631"},{"taxonomy":"product_tag","embeddable":true,"href":"https:\/\/petitecave.ch\/de\/wp-json\/wp\/v2\/product_tag?post=10631"}],"curies":[{"name":"wp","href":"https:\/\/api.w.org\/{rel}","templated":true}]}}