{"id":10630,"date":"2025-10-28T11:01:19","date_gmt":"2025-10-28T11:01:19","guid":{"rendered":""},"modified":"2026-02-20T15:58:59","modified_gmt":"2026-02-20T14:58:59","slug":"citadelle-gin-original","status":"publish","type":"product","link":"https:\/\/petitecave.ch\/de\/product\/citadelle-gin-original\/","title":{"rendered":"Citadelle Gin Original 70cl"},"content":{"rendered":"<p><span class=\"OYPEnA text-decoration-none text-strikethrough-none\">Le geni\u00e8vre pr\u00e9sent d\u00e8s le d\u00e9but la d\u00e9gustation laisse ensuite place \u00e0 des notes de citrus. La finale se fait plus exotique, avec une belle longueur \u00e9pic\u00e9e que l\u2019on doit \u00e0 des touches de poivre, de muscade et de cannelle.<\/span><\/p>","protected":false},"excerpt":{"rendered":"<p><b>Citadelle Original &#8211; Distillerie Citadelle &#8211; Ch\u00e2eau de Bonbonnet &#8211; Ars<\/b><\/p>","protected":false},"featured_media":11995,"comment_status":"open","ping_status":"open","template":"","meta":[],"product_cat":[279],"product_tag":[],"class_list":{"0":"post-10630","1":"product","2":"type-product","3":"status-publish","4":"has-post-thumbnail","6":"product_cat-gin","7":"pa_country-france","8":"pa_volume-70-cl","9":"_wholesalex wsx-wholesalex-product","11":"first","12":"instock","13":"taxable","14":"shipping-taxable","15":"purchasable","16":"product-type-simple"},"_links":{"self":[{"href":"https:\/\/petitecave.ch\/de\/wp-json\/wp\/v2\/product\/10630","targetHints":{"allow":["GET"]}}],"collection":[{"href":"https:\/\/petitecave.ch\/de\/wp-json\/wp\/v2\/product"}],"about":[{"href":"https:\/\/petitecave.ch\/de\/wp-json\/wp\/v2\/types\/product"}],"replies":[{"embeddable":true,"href":"https:\/\/petitecave.ch\/de\/wp-json\/wp\/v2\/comments?post=10630"}],"wp:featuredmedia":[{"embeddable":true,"href":"https:\/\/petitecave.ch\/de\/wp-json\/wp\/v2\/media\/11995"}],"wp:attachment":[{"href":"https:\/\/petitecave.ch\/de\/wp-json\/wp\/v2\/media?parent=10630"}],"wp:term":[{"taxonomy":"product_cat","embeddable":true,"href":"https:\/\/petitecave.ch\/de\/wp-json\/wp\/v2\/product_cat?post=10630"},{"taxonomy":"product_tag","embeddable":true,"href":"https:\/\/petitecave.ch\/de\/wp-json\/wp\/v2\/product_tag?post=10630"}],"curies":[{"name":"wp","href":"https:\/\/api.w.org\/{rel}","templated":true}]}}