{"id":10620,"date":"2025-10-28T11:01:10","date_gmt":"2025-10-28T11:01:10","guid":{"rendered":""},"modified":"2026-02-24T10:27:49","modified_gmt":"2026-02-24T09:27:49","slug":"vermentino-saragat-atzei-75cl","status":"publish","type":"product","link":"https:\/\/petitecave.ch\/de\/product\/vermentino-saragat-atzei-75cl\/","title":{"rendered":"Vermentino Saragat &#8211; Atzei 75cl"},"content":{"rendered":"<p><b>C\u00e9page :<\/b> Vermentino<\/p>\n<p><b>Nez :<\/b> Ar\u00f4mes de romarin typique du c\u00e9page suivi de parfum de fleur de sureau, de fruits blancs et jaune et de litchi<\/p>\n<p><b>Bouche :<\/b> L&rsquo;attaque est douce, savoureuse et vive avec une belle structure et un excellent \u00e9quilibre. La persistance des ar\u00f4mes est agr\u00e9able, laissant une l\u00e9g\u00e8re note am\u00e8re typique<\/p>\n<p><b>Accompagnement :<\/b> Id\u00e9al pour accompagner des viandes blanches, du poisson grill\u00e9, des crustac\u00e9s ou encore du fromage comme du Pecorino<\/p>","protected":false},"excerpt":{"rendered":"<p><b>Saragat Vermentino &#8211; Atzei<\/b><\/p>\n<p><i>Isola dei Nuraghi IGP<\/i><\/p>","protected":false},"featured_media":11985,"comment_status":"open","ping_status":"open","template":"","meta":[],"product_cat":[253],"product_tag":[],"class_list":{"0":"post-10620","1":"product","2":"type-product","3":"status-publish","4":"has-post-thumbnail","6":"product_cat-vins","7":"pa_color-blanc","8":"pa_country-italie","9":"pa_volume-75-cl","10":"_wholesalex wsx-wholesalex-product","12":"first","13":"instock","14":"taxable","15":"shipping-taxable","16":"purchasable","17":"product-type-simple"},"_links":{"self":[{"href":"https:\/\/petitecave.ch\/de\/wp-json\/wp\/v2\/product\/10620","targetHints":{"allow":["GET"]}}],"collection":[{"href":"https:\/\/petitecave.ch\/de\/wp-json\/wp\/v2\/product"}],"about":[{"href":"https:\/\/petitecave.ch\/de\/wp-json\/wp\/v2\/types\/product"}],"replies":[{"embeddable":true,"href":"https:\/\/petitecave.ch\/de\/wp-json\/wp\/v2\/comments?post=10620"}],"wp:featuredmedia":[{"embeddable":true,"href":"https:\/\/petitecave.ch\/de\/wp-json\/wp\/v2\/media\/11985"}],"wp:attachment":[{"href":"https:\/\/petitecave.ch\/de\/wp-json\/wp\/v2\/media?parent=10620"}],"wp:term":[{"taxonomy":"product_cat","embeddable":true,"href":"https:\/\/petitecave.ch\/de\/wp-json\/wp\/v2\/product_cat?post=10620"},{"taxonomy":"product_tag","embeddable":true,"href":"https:\/\/petitecave.ch\/de\/wp-json\/wp\/v2\/product_tag?post=10620"}],"curies":[{"name":"wp","href":"https:\/\/api.w.org\/{rel}","templated":true}]}}