{"id":10616,"date":"2026-04-07T15:01:06","date_gmt":"2026-04-07T13:01:06","guid":{"rendered":""},"modified":"2026-04-07T16:09:14","modified_gmt":"2026-04-07T14:09:14","slug":"absinthe-du-l-man-distillerie-du-l-man-50cl","status":"publish","type":"product","link":"https:\/\/petitecave.ch\/de\/product\/absinthe-du-l-man-distillerie-du-l-man-50cl\/","title":{"rendered":"Absinthe du L\u00e9man &#8211; Distillerie du L\u00e9man 50cl"},"content":{"rendered":"<p data-start=\"95\" data-end=\"163\"><span style=\"color: #000000;\"><strong data-start=\"95\" data-end=\"163\">Absinthe artisanale | L\u2019expression des armoises, version moderne<\/strong><\/span><\/p>\n<p data-start=\"165\" data-end=\"430\"><span style=\"color: #000000;\">Plonge dans l\u2019univers de cette <strong data-start=\"196\" data-end=\"248\">absinthe inspir\u00e9e des recettes du Val-de-Travers<\/strong>, revisit\u00e9e avec une approche plus contemporaine. Ici, le parti pris est clair : <strong data-start=\"329\" data-end=\"362\">moins d\u2019anis, plus d\u2019armoises<\/strong>, pour une exp\u00e9rience aromatique plus fine, v\u00e9g\u00e9tale et authentique.<\/span><\/p>\n<p data-start=\"432\" data-end=\"792\"><span style=\"color: #000000;\">R\u00e9colt\u00e9es \u00e0 l\u2019\u00e9tat sauvage ou cultiv\u00e9es avec soin au Mont-sur-Lausanne, les diff\u00e9rentes armoises apportent une richesse botanique unique. Au nez, les notes herbac\u00e9es dominent, accompagn\u00e9es de touches florales et l\u00e9g\u00e8rement \u00e9pic\u00e9es. En bouche, l\u2019\u00e9quilibre est subtil : une <strong data-start=\"704\" data-end=\"725\">amertume \u00e9l\u00e9gante<\/strong>, une belle fra\u00eecheur et une complexit\u00e9 qui \u00e9volue \u00e0 chaque gorg\u00e9e.<\/span><\/p>\n<p data-start=\"432\" data-end=\"792\"><span style=\"color: #000000;\"><strong data-start=\"989\" data-end=\"1020\">Suggestion de d\u00e9gustation :<\/strong><\/span><br data-start=\"1020\" data-end=\"1023\" \/><span style=\"color: #000000;\">\u00c0 d\u00e9guster selon le rituel traditionnel avec de l\u2019eau fra\u00eeche pour lib\u00e9rer toute sa complexit\u00e9, ou revisit\u00e9e en cocktail pour une touche originale.<\/span><\/p>","protected":false},"excerpt":{"rendered":"<p>Absinthe artisanale | L\u2019expression des armoises, version moderne Plonge dans l\u2019univers de cette absinthe inspir\u00e9e des recettes du Val-de-Travers, revisit\u00e9e avec une approche plus contemporaine. Ici, le parti pris est clair : moins d\u2019anis, plus d\u2019armoises, pour une exp\u00e9rience aromatique plus fine, v\u00e9g\u00e9tale et authentique. R\u00e9colt\u00e9es \u00e0 l\u2019\u00e9tat sauvage ou cultiv\u00e9es avec soin au Mont-sur-Lausanne, [&hellip;]<\/p>\n","protected":false},"featured_media":19225,"comment_status":"open","ping_status":"closed","template":"","meta":[],"product_cat":[270],"product_tag":[],"class_list":{"0":"post-10616","1":"product","2":"type-product","3":"status-publish","4":"has-post-thumbnail","6":"product_cat-eau-de-vie","7":"pa_categorie-609-eau-de-vie","8":"pa_country-suisse","9":"pa_type-digestif","10":"pa_volume-50cl","11":"_wholesalex wsx-wholesalex-product","13":"first","14":"instock","15":"taxable","16":"shipping-taxable","17":"purchasable","18":"product-type-simple"},"yoast_head":"<!-- This site is optimized with the Yoast SEO plugin v27.4 - https:\/\/yoast.com\/product\/yoast-seo-wordpress\/ -->\n<title>Absinthe du L\u00e9man - Distillerie du L\u00e9man 50cl | La Petite Cave du Chablais<\/title>\n<meta name=\"robots\" content=\"index, follow, max-snippet:-1, max-image-preview:large, max-video-preview:-1\" \/>\n<link rel=\"canonical\" href=\"https:\/\/petitecave.ch\/de\/product\/absinthe-du-l-man-distillerie-du-l-man-50cl\/\" \/>\n<meta property=\"og:locale\" content=\"de_DE\" \/>\n<meta property=\"og:type\" content=\"article\" \/>\n<meta property=\"og:title\" content=\"Absinthe du L\u00e9man - Distillerie du L\u00e9man 50cl | La Petite Cave du Chablais\" \/>\n<meta property=\"og:description\" content=\"Absinthe artisanale | L\u2019expression des armoises, version moderne Plonge dans l\u2019univers de cette absinthe inspir\u00e9e des recettes du Val-de-Travers, revisit\u00e9e avec une approche plus contemporaine. Ici, le parti pris est clair : moins d\u2019anis, plus d\u2019armoises, pour une exp\u00e9rience aromatique plus fine, v\u00e9g\u00e9tale et authentique. R\u00e9colt\u00e9es \u00e0 l\u2019\u00e9tat sauvage ou cultiv\u00e9es avec soin au Mont-sur-Lausanne, [&hellip;]\" \/>\n<meta property=\"og:url\" content=\"https:\/\/petitecave.ch\/de\/product\/absinthe-du-l-man-distillerie-du-l-man-50cl\/\" \/>\n<meta property=\"og:site_name\" content=\"La Petite Cave du Chablais\" \/>\n<meta property=\"article:publisher\" content=\"https:\/\/www.facebook.com\/LaPetiteCaveDuChablais\" \/>\n<meta property=\"article:modified_time\" content=\"2026-04-07T14:09:14+00:00\" \/>\n<meta property=\"og:image\" content=\"https:\/\/petitecave.ch\/wp-content\/uploads\/2025\/10\/Absinthe-du-Leman-Distillerie-du-Leman-50cl.png\" \/>\n\t<meta property=\"og:image:width\" content=\"1000\" \/>\n\t<meta property=\"og:image:height\" content=\"1000\" \/>\n\t<meta property=\"og:image:type\" content=\"image\/png\" \/>\n<meta name=\"twitter:card\" content=\"summary_large_image\" \/>\n<meta name=\"twitter:label1\" content=\"Gesch\u00e4tzte Lesezeit\" \/>\n\t<meta name=\"twitter:data1\" content=\"1\u00a0Minute\" \/>\n<script type=\"application\/ld+json\" class=\"yoast-schema-graph\">{\"@context\":\"https:\\\/\\\/schema.org\",\"@graph\":[{\"@type\":\"WebPage\",\"@id\":\"https:\\\/\\\/petitecave.ch\\\/product\\\/absinthe-du-l-man-distillerie-du-l-man-50cl\\\/\",\"url\":\"https:\\\/\\\/petitecave.ch\\\/product\\\/absinthe-du-l-man-distillerie-du-l-man-50cl\\\/\",\"name\":\"Absinthe du L\u00e9man - Distillerie du L\u00e9man 50cl | La Petite Cave du Chablais\",\"isPartOf\":{\"@id\":\"https:\\\/\\\/petitecave.ch\\\/de\\\/#website\"},\"primaryImageOfPage\":{\"@id\":\"https:\\\/\\\/petitecave.ch\\\/product\\\/absinthe-du-l-man-distillerie-du-l-man-50cl\\\/#primaryimage\"},\"image\":{\"@id\":\"https:\\\/\\\/petitecave.ch\\\/product\\\/absinthe-du-l-man-distillerie-du-l-man-50cl\\\/#primaryimage\"},\"thumbnailUrl\":\"https:\\\/\\\/petitecave.ch\\\/wp-content\\\/uploads\\\/2025\\\/10\\\/Absinthe-du-Leman-Distillerie-du-Leman-50cl.png\",\"datePublished\":\"2026-04-07T13:01:06+00:00\",\"dateModified\":\"2026-04-07T14:09:14+00:00\",\"breadcrumb\":{\"@id\":\"https:\\\/\\\/petitecave.ch\\\/product\\\/absinthe-du-l-man-distillerie-du-l-man-50cl\\\/#breadcrumb\"},\"inLanguage\":\"de-CH\",\"potentialAction\":[{\"@type\":\"ReadAction\",\"target\":[\"https:\\\/\\\/petitecave.ch\\\/product\\\/absinthe-du-l-man-distillerie-du-l-man-50cl\\\/\"]}]},{\"@type\":\"ImageObject\",\"inLanguage\":\"de-CH\",\"@id\":\"https:\\\/\\\/petitecave.ch\\\/product\\\/absinthe-du-l-man-distillerie-du-l-man-50cl\\\/#primaryimage\",\"url\":\"https:\\\/\\\/petitecave.ch\\\/wp-content\\\/uploads\\\/2025\\\/10\\\/Absinthe-du-Leman-Distillerie-du-Leman-50cl.png\",\"contentUrl\":\"https:\\\/\\\/petitecave.ch\\\/wp-content\\\/uploads\\\/2025\\\/10\\\/Absinthe-du-Leman-Distillerie-du-Leman-50cl.png\",\"width\":1000,\"height\":1000},{\"@type\":\"BreadcrumbList\",\"@id\":\"https:\\\/\\\/petitecave.ch\\\/product\\\/absinthe-du-l-man-distillerie-du-l-man-50cl\\\/#breadcrumb\",\"itemListElement\":[{\"@type\":\"ListItem\",\"position\":1,\"name\":\"Accueil\",\"item\":\"https:\\\/\\\/petitecave.ch\\\/\"},{\"@type\":\"ListItem\",\"position\":2,\"name\":\"Produkte\",\"item\":\"https:\\\/\\\/petitecave.ch\\\/de\\\/shop\\\/\"},{\"@type\":\"ListItem\",\"position\":3,\"name\":\"Absinthe du L\u00e9man &#8211; Distillerie du L\u00e9man 50cl\"}]},{\"@type\":\"WebSite\",\"@id\":\"https:\\\/\\\/petitecave.ch\\\/de\\\/#website\",\"url\":\"https:\\\/\\\/petitecave.ch\\\/de\\\/\",\"name\":\"La Petite Cave du Chablais\",\"description\":\"Vins, bi\u00e8res et spiritueux en ligne !\",\"publisher\":{\"@id\":\"https:\\\/\\\/petitecave.ch\\\/de\\\/#organization\"},\"alternateName\":\"La Petite Cave\",\"potentialAction\":[{\"@type\":\"SearchAction\",\"target\":{\"@type\":\"EntryPoint\",\"urlTemplate\":\"https:\\\/\\\/petitecave.ch\\\/de\\\/?s={search_term_string}\"},\"query-input\":{\"@type\":\"PropertyValueSpecification\",\"valueRequired\":true,\"valueName\":\"search_term_string\"}}],\"inLanguage\":\"de-CH\"},{\"@type\":\"Organization\",\"@id\":\"https:\\\/\\\/petitecave.ch\\\/de\\\/#organization\",\"name\":\"La Petite Cave du Chablais S\u00e0rl\",\"url\":\"https:\\\/\\\/petitecave.ch\\\/de\\\/\",\"logo\":{\"@type\":\"ImageObject\",\"inLanguage\":\"de-CH\",\"@id\":\"https:\\\/\\\/petitecave.ch\\\/de\\\/#\\\/schema\\\/logo\\\/image\\\/\",\"url\":\"https:\\\/\\\/petitecave.ch\\\/wp-content\\\/uploads\\\/2025\\\/10\\\/petitecavelogo-removebg-preview.png\",\"contentUrl\":\"https:\\\/\\\/petitecave.ch\\\/wp-content\\\/uploads\\\/2025\\\/10\\\/petitecavelogo-removebg-preview.png\",\"width\":800,\"height\":200,\"caption\":\"La Petite Cave du Chablais S\u00e0rl\"},\"image\":{\"@id\":\"https:\\\/\\\/petitecave.ch\\\/de\\\/#\\\/schema\\\/logo\\\/image\\\/\"},\"sameAs\":[\"https:\\\/\\\/www.facebook.com\\\/LaPetiteCaveDuChablais\",\"https:\\\/\\\/www.instagram.com\\\/lapetitecaveduchablais\",\"https:\\\/\\\/www.linkedin.com\\\/company\\\/la-petite-cave-du-chablais\"]}]}<\/script>\n<!-- \/ Yoast SEO plugin. -->","yoast_head_json":{"title":"Absinthe du L\u00e9man - Distillerie du L\u00e9man 50cl | La Petite Cave du Chablais","robots":{"index":"index","follow":"follow","max-snippet":"max-snippet:-1","max-image-preview":"max-image-preview:large","max-video-preview":"max-video-preview:-1"},"canonical":"https:\/\/petitecave.ch\/de\/product\/absinthe-du-l-man-distillerie-du-l-man-50cl\/","og_locale":"de_DE","og_type":"article","og_title":"Absinthe du L\u00e9man - Distillerie du L\u00e9man 50cl | La Petite Cave du Chablais","og_description":"Absinthe artisanale | L\u2019expression des armoises, version moderne Plonge dans l\u2019univers de cette absinthe inspir\u00e9e des recettes du Val-de-Travers, revisit\u00e9e avec une approche plus contemporaine. Ici, le parti pris est clair : moins d\u2019anis, plus d\u2019armoises, pour une exp\u00e9rience aromatique plus fine, v\u00e9g\u00e9tale et authentique. R\u00e9colt\u00e9es \u00e0 l\u2019\u00e9tat sauvage ou cultiv\u00e9es avec soin au Mont-sur-Lausanne, [&hellip;]","og_url":"https:\/\/petitecave.ch\/de\/product\/absinthe-du-l-man-distillerie-du-l-man-50cl\/","og_site_name":"La Petite Cave du Chablais","article_publisher":"https:\/\/www.facebook.com\/LaPetiteCaveDuChablais","article_modified_time":"2026-04-07T14:09:14+00:00","og_image":[{"width":1000,"height":1000,"url":"https:\/\/petitecave.ch\/wp-content\/uploads\/2025\/10\/Absinthe-du-Leman-Distillerie-du-Leman-50cl.png","type":"image\/png"}],"twitter_card":"summary_large_image","twitter_misc":{"Gesch\u00e4tzte Lesezeit":"1\u00a0Minute"},"schema":{"@context":"https:\/\/schema.org","@graph":[{"@type":"WebPage","@id":"https:\/\/petitecave.ch\/product\/absinthe-du-l-man-distillerie-du-l-man-50cl\/","url":"https:\/\/petitecave.ch\/product\/absinthe-du-l-man-distillerie-du-l-man-50cl\/","name":"Absinthe du L\u00e9man - Distillerie du L\u00e9man 50cl | La Petite Cave du Chablais","isPartOf":{"@id":"https:\/\/petitecave.ch\/de\/#website"},"primaryImageOfPage":{"@id":"https:\/\/petitecave.ch\/product\/absinthe-du-l-man-distillerie-du-l-man-50cl\/#primaryimage"},"image":{"@id":"https:\/\/petitecave.ch\/product\/absinthe-du-l-man-distillerie-du-l-man-50cl\/#primaryimage"},"thumbnailUrl":"https:\/\/petitecave.ch\/wp-content\/uploads\/2025\/10\/Absinthe-du-Leman-Distillerie-du-Leman-50cl.png","datePublished":"2026-04-07T13:01:06+00:00","dateModified":"2026-04-07T14:09:14+00:00","breadcrumb":{"@id":"https:\/\/petitecave.ch\/product\/absinthe-du-l-man-distillerie-du-l-man-50cl\/#breadcrumb"},"inLanguage":"de-CH","potentialAction":[{"@type":"ReadAction","target":["https:\/\/petitecave.ch\/product\/absinthe-du-l-man-distillerie-du-l-man-50cl\/"]}]},{"@type":"ImageObject","inLanguage":"de-CH","@id":"https:\/\/petitecave.ch\/product\/absinthe-du-l-man-distillerie-du-l-man-50cl\/#primaryimage","url":"https:\/\/petitecave.ch\/wp-content\/uploads\/2025\/10\/Absinthe-du-Leman-Distillerie-du-Leman-50cl.png","contentUrl":"https:\/\/petitecave.ch\/wp-content\/uploads\/2025\/10\/Absinthe-du-Leman-Distillerie-du-Leman-50cl.png","width":1000,"height":1000},{"@type":"BreadcrumbList","@id":"https:\/\/petitecave.ch\/product\/absinthe-du-l-man-distillerie-du-l-man-50cl\/#breadcrumb","itemListElement":[{"@type":"ListItem","position":1,"name":"Accueil","item":"https:\/\/petitecave.ch\/"},{"@type":"ListItem","position":2,"name":"Produkte","item":"https:\/\/petitecave.ch\/de\/shop\/"},{"@type":"ListItem","position":3,"name":"Absinthe du L\u00e9man &#8211; Distillerie du L\u00e9man 50cl"}]},{"@type":"WebSite","@id":"https:\/\/petitecave.ch\/de\/#website","url":"https:\/\/petitecave.ch\/de\/","name":"Die kleine Keller des Chablais","description":"Vins, bi\u00e8res et spiritueux en ligne !","publisher":{"@id":"https:\/\/petitecave.ch\/de\/#organization"},"alternateName":"La Petite Cave","potentialAction":[{"@type":"SearchAction","target":{"@type":"EntryPoint","urlTemplate":"https:\/\/petitecave.ch\/de\/?s={search_term_string}"},"query-input":{"@type":"PropertyValueSpecification","valueRequired":true,"valueName":"search_term_string"}}],"inLanguage":"de-CH"},{"@type":"Organization","@id":"https:\/\/petitecave.ch\/de\/#organization","name":"La Petite Cave du Chablais S\u00e0rl","url":"https:\/\/petitecave.ch\/de\/","logo":{"@type":"ImageObject","inLanguage":"de-CH","@id":"https:\/\/petitecave.ch\/de\/#\/schema\/logo\/image\/","url":"https:\/\/petitecave.ch\/wp-content\/uploads\/2025\/10\/petitecavelogo-removebg-preview.png","contentUrl":"https:\/\/petitecave.ch\/wp-content\/uploads\/2025\/10\/petitecavelogo-removebg-preview.png","width":800,"height":200,"caption":"La Petite Cave du Chablais S\u00e0rl"},"image":{"@id":"https:\/\/petitecave.ch\/de\/#\/schema\/logo\/image\/"},"sameAs":["https:\/\/www.facebook.com\/LaPetiteCaveDuChablais","https:\/\/www.instagram.com\/lapetitecaveduchablais","https:\/\/www.linkedin.com\/company\/la-petite-cave-du-chablais"]}]}},"_links":{"self":[{"href":"https:\/\/petitecave.ch\/de\/wp-json\/wp\/v2\/product\/10616","targetHints":{"allow":["GET"]}}],"collection":[{"href":"https:\/\/petitecave.ch\/de\/wp-json\/wp\/v2\/product"}],"about":[{"href":"https:\/\/petitecave.ch\/de\/wp-json\/wp\/v2\/types\/product"}],"replies":[{"embeddable":true,"href":"https:\/\/petitecave.ch\/de\/wp-json\/wp\/v2\/comments?post=10616"}],"wp:featuredmedia":[{"embeddable":true,"href":"https:\/\/petitecave.ch\/de\/wp-json\/wp\/v2\/media\/19225"}],"wp:attachment":[{"href":"https:\/\/petitecave.ch\/de\/wp-json\/wp\/v2\/media?parent=10616"}],"wp:term":[{"taxonomy":"product_cat","embeddable":true,"href":"https:\/\/petitecave.ch\/de\/wp-json\/wp\/v2\/product_cat?post=10616"},{"taxonomy":"product_tag","embeddable":true,"href":"https:\/\/petitecave.ch\/de\/wp-json\/wp\/v2\/product_tag?post=10616"}],"curies":[{"name":"wp","href":"https:\/\/api.w.org\/{rel}","templated":true}]}}