{"id":10613,"date":"2025-10-28T11:01:03","date_gmt":"2025-10-28T11:01:03","guid":{"rendered":""},"modified":"2026-02-24T09:47:45","modified_gmt":"2026-02-24T08:47:45","slug":"porte-de-novembre-ice-ros-maison-gilliard-75cl","status":"publish","type":"product","link":"https:\/\/petitecave.ch\/de\/product\/porte-de-novembre-ice-ros-maison-gilliard-75cl\/","title":{"rendered":"Porte de Novembre Ice Ros\u00e9 &#8211; Maison Gilliard 75cl"},"content":{"rendered":"<p><b>C\u00e9pages :<\/b> Pinot Noir et Gamay<\/p>\n<p><b>Nez :<\/b> Notes douces et fruit\u00e9es<\/p>\n<p><b>Bouche :<\/b> Belle effervescence qui apporte de la fra\u00eecheur avec des notes fruit\u00e9es<\/p>\n<p><b>Accompagnement :<\/b> Id\u00e9al \u00e0 l&rsquo;ap\u00e9ritif ou avec des desserts fruit\u00e9s<\/p>\n<p><b>Temps de garde : <\/b>\u00c0 d\u00e9guster dans les\u00a04 ans\u00a0<\/p>\n<p>\u00a0<\/p>","protected":false},"excerpt":{"rendered":"<p><b>Porte de Novembre Ice Ros\u00e9 &#8211; Maison Gilliard &#8211; Sion<\/b><\/p>\n<p><i>Vin de Pays Suisse<\/i><\/p>","protected":false},"featured_media":11978,"comment_status":"open","ping_status":"open","template":"","meta":[],"product_cat":[286,253,342],"product_tag":[],"class_list":{"0":"post-10613","1":"product","2":"type-product","3":"status-publish","4":"has-post-thumbnail","6":"product_cat-vins-rose","7":"product_cat-vins","8":"product_cat-vins-petillants","9":"pa_color-rose","10":"pa_country-suisse","11":"pa_volume-75-cl","12":"_wholesalex wsx-wholesalex-product","14":"first","15":"instock","16":"taxable","17":"shipping-taxable","18":"purchasable","19":"product-type-simple"},"_links":{"self":[{"href":"https:\/\/petitecave.ch\/de\/wp-json\/wp\/v2\/product\/10613","targetHints":{"allow":["GET"]}}],"collection":[{"href":"https:\/\/petitecave.ch\/de\/wp-json\/wp\/v2\/product"}],"about":[{"href":"https:\/\/petitecave.ch\/de\/wp-json\/wp\/v2\/types\/product"}],"replies":[{"embeddable":true,"href":"https:\/\/petitecave.ch\/de\/wp-json\/wp\/v2\/comments?post=10613"}],"wp:featuredmedia":[{"embeddable":true,"href":"https:\/\/petitecave.ch\/de\/wp-json\/wp\/v2\/media\/11978"}],"wp:attachment":[{"href":"https:\/\/petitecave.ch\/de\/wp-json\/wp\/v2\/media?parent=10613"}],"wp:term":[{"taxonomy":"product_cat","embeddable":true,"href":"https:\/\/petitecave.ch\/de\/wp-json\/wp\/v2\/product_cat?post=10613"},{"taxonomy":"product_tag","embeddable":true,"href":"https:\/\/petitecave.ch\/de\/wp-json\/wp\/v2\/product_tag?post=10613"}],"curies":[{"name":"wp","href":"https:\/\/api.w.org\/{rel}","templated":true}]}}