{"id":10612,"date":"2025-12-16T17:10:02","date_gmt":"2025-12-16T16:10:02","guid":{"rendered":""},"modified":"2025-12-18T15:50:37","modified_gmt":"2025-12-18T14:50:37","slug":"sirop-thefroid-peche-morand","status":"publish","type":"product","link":"https:\/\/petitecave.ch\/de\/product\/sirop-thefroid-peche-morand\/","title":{"rendered":"Sirop Th\u00e9 Froid P\u00eache &#8211; Morand"},"content":{"rendered":"<p data-start=\"0\" data-end=\"235\"><span style=\"color: #000000;\">D\u00e9couvre une parenth\u00e8se de fra\u00eecheur avec notre tout nouveau <strong data-start=\"61\" data-end=\"86\">Sirop Th\u00e9 Froid P\u00eache<\/strong>. Une rencontre parfaitement dos\u00e9e entre la rondeur gourmande de la p\u00eache et la d\u00e9licatesse apaisante du th\u00e9. Clairement le combo qui sent bon l\u2019\u00e9t\u00e9.<\/span><\/p>\n<p data-start=\"237\" data-end=\"503\"><span style=\"color: #000000;\">Con\u00e7u \u00e0 partir de concentr\u00e9 de jus de p\u00eache de haute qualit\u00e9, ce sirop d\u00e9livre des ar\u00f4mes intenses et authentiques \u00e0 chaque gorg\u00e9e. L\u2019ar\u00f4me naturel de th\u00e9 vient structurer l\u2019ensemble et apporte une vraie profondeur, pour un \u00e9quilibre \u00e9l\u00e9gant entre fruit\u00e9 et finesse.<\/span><\/p>","protected":false},"excerpt":{"rendered":"<p><b><span style=\"color: #000000;\">Distillerie Morand &#8211; Martigny<\/span><\/b><\/p>\n<div class=\"flex flex-col text-sm pb-25\">\n<article class=\"text-token-text-primary w-full focus:outline-none [--shadow-height:45px] has-data-writing-block:pointer-events-none has-data-writing-block:-mt-(--shadow-height) has-data-writing-block:pt-(--shadow-height) [&amp;:has([data-writing-block])&gt;*]:pointer-events-auto scroll-mt-[calc(var(--header-height)+min(200px,max(70px,20svh)))]\" dir=\"auto\" tabindex=\"-1\" data-turn-id=\"request-WEB:a41d5416-2489-4144-bdbd-0204a9861977-1\" data-testid=\"conversation-turn-4\" data-scroll-anchor=\"true\" data-turn=\"assistant\">\n<div class=\"text-base my-auto mx-auto pb-10 [--thread-content-margin:--spacing(4)] @w-sm\/main:[--thread-content-margin:--spacing(6)] @w-lg\/main:[--thread-content-margin:--spacing(16)] px-(--thread-content-margin)\">\n<div class=\"[--thread-content-max-width:40rem] @w-lg\/main:[--thread-content-max-width:48rem] mx-auto max-w-(--thread-content-max-width) flex-1 group\/turn-messages focus-visible:outline-hidden relative flex w-full min-w-0 flex-col agent-turn\" tabindex=\"-1\">\n<div class=\"flex max-w-full flex-col grow\">\n<div class=\"min-h-8 text-message relative flex w-full flex-col items-end gap-2 text-start break-words whitespace-normal [.text-message+&amp;]:mt-1\" dir=\"auto\" data-message-author-role=\"assistant\" data-message-id=\"19c2a469-d9a2-41b2-9dc0-2dec8000caad\" data-message-model-slug=\"gpt-5-2\">\n<div class=\"flex w-full flex-col gap-1 empty:hidden first:pt-[1px]\">\n<div class=\"markdown prose dark:prose-invert w-full break-words light markdown-new-styling\">\n<p data-start=\"505\" data-end=\"715\" data-is-last-node=\"\" data-is-only-node=\"\"><span style=\"color: #000000;\">\u00c0 savourer bien frais avec de l\u2019eau plate ou p\u00e9tillante, \u00e0 sublimer dans tes limonades maison ou \u00e0 int\u00e9grer dans des cocktails cr\u00e9atifs pour des soir\u00e9es entre amis qui laissent une trace (et de bons souvenirs).<\/span><\/p>\n<\/div>\n<\/div>\n<\/div>\n<\/div>\n<div class=\"z-0 flex min-h-[46px] justify-start\"><\/div>\n<div class=\"mt-3 w-full empty:hidden\">\n<div class=\"text-center\"><\/div>\n<\/div>\n<\/div>\n<\/div>\n<\/article>\n<\/div>\n<div class=\"pointer-events-none h-px w-px absolute bottom-0\" aria-hidden=\"true\" data-edge=\"true\"><\/div>\n<p><b>\u00a0<\/b><\/p>\n","protected":false},"featured_media":18099,"comment_status":"open","ping_status":"closed","template":"","meta":[],"product_cat":[1266],"product_tag":[],"class_list":{"0":"post-10612","1":"product","2":"type-product","3":"status-publish","4":"has-post-thumbnail","6":"product_brand-distillerie-morand","7":"product_cat-sirops","8":"pa_categorie-500-sirops","9":"pa_country-suisse","10":"pa_volume-100-cl-4","11":"_wholesalex wsx-wholesalex-product","13":"first","14":"instock","15":"taxable","16":"shipping-taxable","17":"purchasable","18":"product-type-simple"},"_links":{"self":[{"href":"https:\/\/petitecave.ch\/de\/wp-json\/wp\/v2\/product\/10612","targetHints":{"allow":["GET"]}}],"collection":[{"href":"https:\/\/petitecave.ch\/de\/wp-json\/wp\/v2\/product"}],"about":[{"href":"https:\/\/petitecave.ch\/de\/wp-json\/wp\/v2\/types\/product"}],"replies":[{"embeddable":true,"href":"https:\/\/petitecave.ch\/de\/wp-json\/wp\/v2\/comments?post=10612"}],"wp:featuredmedia":[{"embeddable":true,"href":"https:\/\/petitecave.ch\/de\/wp-json\/wp\/v2\/media\/18099"}],"wp:attachment":[{"href":"https:\/\/petitecave.ch\/de\/wp-json\/wp\/v2\/media?parent=10612"}],"wp:term":[{"taxonomy":"product_cat","embeddable":true,"href":"https:\/\/petitecave.ch\/de\/wp-json\/wp\/v2\/product_cat?post=10612"},{"taxonomy":"product_tag","embeddable":true,"href":"https:\/\/petitecave.ch\/de\/wp-json\/wp\/v2\/product_tag?post=10612"}],"curies":[{"name":"wp","href":"https:\/\/api.w.org\/{rel}","templated":true}]}}