{"id":10611,"date":"2026-04-09T15:01:02","date_gmt":"2026-04-09T13:01:02","guid":{"rendered":""},"modified":"2026-04-09T15:13:50","modified_gmt":"2026-04-09T13:13:50","slug":"avril-amaretto-qu-b-cois-75cl","status":"publish","type":"product","link":"https:\/\/petitecave.ch\/de\/product\/avril-amaretto-qu-b-cois-75cl\/","title":{"rendered":"Avril Amaretto Qu\u00e9b\u00e9cois 75cl"},"content":{"rendered":"","protected":false},"excerpt":{"rendered":"<p data-start=\"156\" data-end=\"333\"><span style=\"color: #000000;\">D\u00e9couvre <strong data-start=\"165\" data-end=\"195\">l\u2019Avril Amaretto Qu\u00e9b\u00e9cois<\/strong>, une interpr\u00e9tation moderne et audacieuse du c\u00e9l\u00e8bre amaretto italien, inspir\u00e9e par la <strong data-start=\"283\" data-end=\"307\">douceur du printemps<\/strong> et le terroir canadien.<\/span><\/p>\n<p data-start=\"335\" data-end=\"482\"><span style=\"color: #000000;\">\u00c9labor\u00e9 \u00e0 partir de <strong data-start=\"355\" data-end=\"418\">myrte des marais, de noyaux d\u2019abricots et de sirop d\u2019\u00e9rable<\/strong>, il offre une signature unique et irr\u00e9sistiblement gourmande.<\/span><\/p>\n<p data-start=\"484\" data-end=\"784\"><span style=\"color: #000000;\">Au nez, il s\u00e9duit par ses <strong data-start=\"510\" data-end=\"532\">notes caram\u00e9lis\u00e9es<\/strong>, accompagn\u00e9es d\u2019ar\u00f4mes de <strong data-start=\"559\" data-end=\"595\">noix de coco et d\u2019\u00e9pices l\u00e9g\u00e8res<\/strong>. En bouche, la texture est <strong data-start=\"623\" data-end=\"648\">ronde et enveloppante<\/strong>, avec une belle gourmandise, avant de laisser place \u00e0 une <strong data-start=\"707\" data-end=\"744\">touche de caf\u00e9 torr\u00e9fi\u00e9 en finale<\/strong>, qui apporte profondeur et caract\u00e8re.<\/span><\/p>\n<p data-start=\"484\" data-end=\"784\"><span style=\"color: #000000;\"><strong data-start=\"990\" data-end=\"1021\">Suggestion de d\u00e9gustation :<\/strong><\/span><br data-start=\"1021\" data-end=\"1024\" \/><span style=\"color: #000000;\">\u00c0 savourer pur, sur glace, dans un caf\u00e9 ou en cocktail pour une touche originale et r\u00e9confortante.<\/span><\/p>","protected":false},"featured_media":19353,"comment_status":"open","ping_status":"closed","template":"","meta":[],"product_cat":[269],"product_tag":[],"class_list":{"0":"post-10611","1":"product","2":"type-product","3":"status-publish","4":"has-post-thumbnail","6":"product_cat-liqueurs","7":"pa_categorie-608-liqueurs","8":"pa_country-canada","9":"pa_type-digestif","10":"pa_volume-75-cl","11":"_wholesalex wsx-wholesalex-product","13":"first","14":"instock","15":"taxable","16":"shipping-taxable","17":"purchasable","18":"product-type-simple"},"_links":{"self":[{"href":"https:\/\/petitecave.ch\/de\/wp-json\/wp\/v2\/product\/10611","targetHints":{"allow":["GET"]}}],"collection":[{"href":"https:\/\/petitecave.ch\/de\/wp-json\/wp\/v2\/product"}],"about":[{"href":"https:\/\/petitecave.ch\/de\/wp-json\/wp\/v2\/types\/product"}],"replies":[{"embeddable":true,"href":"https:\/\/petitecave.ch\/de\/wp-json\/wp\/v2\/comments?post=10611"}],"wp:featuredmedia":[{"embeddable":true,"href":"https:\/\/petitecave.ch\/de\/wp-json\/wp\/v2\/media\/19353"}],"wp:attachment":[{"href":"https:\/\/petitecave.ch\/de\/wp-json\/wp\/v2\/media?parent=10611"}],"wp:term":[{"taxonomy":"product_cat","embeddable":true,"href":"https:\/\/petitecave.ch\/de\/wp-json\/wp\/v2\/product_cat?post=10611"},{"taxonomy":"product_tag","embeddable":true,"href":"https:\/\/petitecave.ch\/de\/wp-json\/wp\/v2\/product_tag?post=10611"}],"curies":[{"name":"wp","href":"https:\/\/api.w.org\/{rel}","templated":true}]}}