{"id":10594,"date":"2025-10-28T11:00:45","date_gmt":"2025-10-28T11:00:45","guid":{"rendered":""},"modified":"2026-02-23T16:33:27","modified_gmt":"2026-02-23T15:33:27","slug":"champagne-a-berg-re-vignes-de-nuit-75cl","status":"publish","type":"product","link":"https:\/\/petitecave.ch\/de\/product\/champagne-a-berg-re-vignes-de-nuit-75cl\/","title":{"rendered":"Champagne A. Berg\u00e8re &#8211; Vignes de Nuit 75cl"},"content":{"rendered":"<p><b>C\u00e9page :<\/b> Chardonnay (100%)<\/p>\n<p><b>Nez :<\/b>\u00a0Notes florales sur la fleur blanche et fruit\u00e9es sur les fruits blancs\u00a0<\/p>\n<p><b>Bouche :\u00a0<\/b>Elle est \u00e9l\u00e9gante et d\u00e9voile des ar\u00f4mes de fruits blancs avec une touche d&rsquo;agrumes<\/p>","protected":false},"excerpt":{"rendered":"<p><b>Les Vignes de Nuit &#8211;\u00a0Champagne A. Berg\u00e8re<\/b><\/p>","protected":false},"featured_media":11957,"comment_status":"open","ping_status":"open","template":"","meta":[],"product_cat":[368,283,253],"product_tag":[],"class_list":{"0":"post-10594","1":"product","2":"type-product","3":"status-publish","4":"has-post-thumbnail","6":"product_cat-blanc","7":"product_cat-champagnes","8":"product_cat-vins","9":"pa_color-blanc","10":"pa_country-france","11":"pa_style-brut","12":"pa_volume-75-cl","13":"_wholesalex wsx-wholesalex-product","15":"first","16":"instock","17":"taxable","18":"shipping-taxable","19":"purchasable","20":"product-type-simple"},"_links":{"self":[{"href":"https:\/\/petitecave.ch\/de\/wp-json\/wp\/v2\/product\/10594","targetHints":{"allow":["GET"]}}],"collection":[{"href":"https:\/\/petitecave.ch\/de\/wp-json\/wp\/v2\/product"}],"about":[{"href":"https:\/\/petitecave.ch\/de\/wp-json\/wp\/v2\/types\/product"}],"replies":[{"embeddable":true,"href":"https:\/\/petitecave.ch\/de\/wp-json\/wp\/v2\/comments?post=10594"}],"wp:featuredmedia":[{"embeddable":true,"href":"https:\/\/petitecave.ch\/de\/wp-json\/wp\/v2\/media\/11957"}],"wp:attachment":[{"href":"https:\/\/petitecave.ch\/de\/wp-json\/wp\/v2\/media?parent=10594"}],"wp:term":[{"taxonomy":"product_cat","embeddable":true,"href":"https:\/\/petitecave.ch\/de\/wp-json\/wp\/v2\/product_cat?post=10594"},{"taxonomy":"product_tag","embeddable":true,"href":"https:\/\/petitecave.ch\/de\/wp-json\/wp\/v2\/product_tag?post=10594"}],"curies":[{"name":"wp","href":"https:\/\/api.w.org\/{rel}","templated":true}]}}