{"id":10590,"date":"2025-10-28T11:00:41","date_gmt":"2025-10-28T11:00:41","guid":{"rendered":""},"modified":"2026-02-23T16:34:20","modified_gmt":"2026-02-23T15:34:20","slug":"champagne-bruneaux-thomas-l-chiquier-75cl","status":"publish","type":"product","link":"https:\/\/petitecave.ch\/de\/product\/champagne-bruneaux-thomas-l-chiquier-75cl\/","title":{"rendered":"Champagne Bruneaux Thomas &#8211; L&rsquo;\u00e9chiquier 75cl"},"content":{"rendered":"<p><b>C\u00e9page :<\/b>\u00a0Pinot Meunier (100%)<\/p>\n<p><b>D\u00e9gustation :<\/b> Tr\u00e8s florale avec des noes fruit\u00e9es et une pointe d&rsquo;acidit\u00e9 qui apporte une belle fra\u00eecheur<\/p>","protected":false},"excerpt":{"rendered":"<p><b>L&rsquo;\u00e9chiquier &#8211;\u00a0Champagne Bruneaux Thomas &#8211; Soilly<\/b><\/p>","protected":false},"featured_media":11953,"comment_status":"open","ping_status":"open","template":"","meta":[],"product_cat":[368,283,253],"product_tag":[],"class_list":{"0":"post-10590","1":"product","2":"type-product","3":"status-publish","4":"has-post-thumbnail","6":"product_cat-blanc","7":"product_cat-champagnes","8":"product_cat-vins","9":"pa_color-blanc","10":"pa_country-france","11":"pa_volume-75-cl","12":"_wholesalex wsx-wholesalex-product","14":"first","15":"instock","16":"taxable","17":"shipping-taxable","18":"purchasable","19":"product-type-simple"},"_links":{"self":[{"href":"https:\/\/petitecave.ch\/de\/wp-json\/wp\/v2\/product\/10590","targetHints":{"allow":["GET"]}}],"collection":[{"href":"https:\/\/petitecave.ch\/de\/wp-json\/wp\/v2\/product"}],"about":[{"href":"https:\/\/petitecave.ch\/de\/wp-json\/wp\/v2\/types\/product"}],"replies":[{"embeddable":true,"href":"https:\/\/petitecave.ch\/de\/wp-json\/wp\/v2\/comments?post=10590"}],"wp:featuredmedia":[{"embeddable":true,"href":"https:\/\/petitecave.ch\/de\/wp-json\/wp\/v2\/media\/11953"}],"wp:attachment":[{"href":"https:\/\/petitecave.ch\/de\/wp-json\/wp\/v2\/media?parent=10590"}],"wp:term":[{"taxonomy":"product_cat","embeddable":true,"href":"https:\/\/petitecave.ch\/de\/wp-json\/wp\/v2\/product_cat?post=10590"},{"taxonomy":"product_tag","embeddable":true,"href":"https:\/\/petitecave.ch\/de\/wp-json\/wp\/v2\/product_tag?post=10590"}],"curies":[{"name":"wp","href":"https:\/\/api.w.org\/{rel}","templated":true}]}}