{"id":10588,"date":"2025-12-22T11:00:40","date_gmt":"2025-12-22T10:00:40","guid":{"rendered":""},"modified":"2026-02-13T10:32:12","modified_gmt":"2026-02-13T09:32:12","slug":"nanfr-valpolicella-tenuta-sant-antonio-75cl","status":"publish","type":"product","link":"https:\/\/petitecave.ch\/de\/product\/nanfr-valpolicella-tenuta-sant-antonio-75cl\/","title":{"rendered":"Nanfr\u00e8 &#8211; Tenuta Sant&rsquo; Antonio 75cl"},"content":{"rendered":"<p><span style=\"color: #000000;\"><b>C\u00e9pages :\u00a0<\/b>Corvina, Corvinone et Rondinella<\/span><\/p>\n<p><span style=\"color: #000000;\"><b>Nez :\u00a0<\/b>Notes fruit\u00e9es sur la m\u00fbre accompagn\u00e9e d&rsquo;une touche chocolat\u00e9e et d&rsquo;un soup\u00e7on de fum\u00e9e.<\/span><\/p>\n<p><span style=\"color: #000000;\"><b>Bouche :\u00a0<\/b>Tr\u00e8s aromatique, les tanins sont souples et soyeux, on per\u00e7oit de fines notes de cuir la finale est longue et agr\u00e9able.<\/span><\/p>\n<p><span style=\"color: #000000;\"><b>Accompagnement :\u00a0<\/b>Parfait pour accompagner des pizzas ou un plat de p\u00e2tes alla bolognese.<\/span><\/p>","protected":false},"excerpt":{"rendered":"<p><strong><span style=\"color: #000000;\"><i>Valpolicella DOC<\/i><\/span><\/strong><\/p>","protected":false},"featured_media":18283,"comment_status":"open","ping_status":"closed","template":"","meta":[],"product_cat":[369,253],"product_tag":[],"class_list":{"0":"post-10588","1":"product","2":"type-product","3":"status-publish","4":"has-post-thumbnail","6":"product_cat-rouge","7":"product_cat-vins","8":"pa_color-rouge","9":"pa_country-italie","10":"pa_volume-75-cl","11":"_wholesalex wsx-wholesalex-product","13":"first","14":"instock","15":"taxable","16":"shipping-taxable","17":"purchasable","18":"product-type-simple"},"_links":{"self":[{"href":"https:\/\/petitecave.ch\/de\/wp-json\/wp\/v2\/product\/10588","targetHints":{"allow":["GET"]}}],"collection":[{"href":"https:\/\/petitecave.ch\/de\/wp-json\/wp\/v2\/product"}],"about":[{"href":"https:\/\/petitecave.ch\/de\/wp-json\/wp\/v2\/types\/product"}],"replies":[{"embeddable":true,"href":"https:\/\/petitecave.ch\/de\/wp-json\/wp\/v2\/comments?post=10588"}],"wp:featuredmedia":[{"embeddable":true,"href":"https:\/\/petitecave.ch\/de\/wp-json\/wp\/v2\/media\/18283"}],"wp:attachment":[{"href":"https:\/\/petitecave.ch\/de\/wp-json\/wp\/v2\/media?parent=10588"}],"wp:term":[{"taxonomy":"product_cat","embeddable":true,"href":"https:\/\/petitecave.ch\/de\/wp-json\/wp\/v2\/product_cat?post=10588"},{"taxonomy":"product_tag","embeddable":true,"href":"https:\/\/petitecave.ch\/de\/wp-json\/wp\/v2\/product_tag?post=10588"}],"curies":[{"name":"wp","href":"https:\/\/api.w.org\/{rel}","templated":true}]}}