{"id":10587,"date":"2025-10-28T11:00:39","date_gmt":"2025-10-28T11:00:39","guid":{"rendered":""},"modified":"2026-02-24T09:56:09","modified_gmt":"2026-02-24T08:56:09","slug":"ripasso-superiore-monti-garbi-tenuta-sant-antonio-75cl","status":"publish","type":"product","link":"https:\/\/petitecave.ch\/de\/product\/ripasso-superiore-monti-garbi-tenuta-sant-antonio-75cl\/","title":{"rendered":"Ripasso Superiore Monti Garbi &#8211; Tenuta Sant&rsquo; Antonio 75cl"},"content":{"rendered":"<p><b>C\u00e9pages :\u00a0<\/b>Corvina, Corvinone, Rondinella, Croatia et Oseleta<\/p>\n<p><b>Nez :\u00a0<\/b>Intenses notes fruit\u00e9es sur la figue s\u00e9ch\u00e9e, le pruneau et les raisins secs accompagn\u00e9es de notes p\u00e2tissei\u00e8res comme la caramel et le biscuit<\/p>\n<p><b>Bouche :\u00a0<\/b>Plut\u00f4t douce avec une belle fra\u00eecheur on y retourve tous les ar\u00f4mes pr\u00e9sents au nez<\/p>\n<p><b>Accompagnement :\u00a0<\/b>Parfait avec des viandes en sauce comme le veau<\/p>","protected":false},"excerpt":{"rendered":"<p><b>Ripasso Superiore Monti Garbi &#8211; Tenuta Sant&rsquo; Antonio<\/b><\/p>\n<p><i>Valpolicella Ripasso DOC<\/i><\/p>","protected":false},"featured_media":11950,"comment_status":"open","ping_status":"open","template":"","meta":[],"product_cat":[253],"product_tag":[],"class_list":{"0":"post-10587","1":"product","2":"type-product","3":"status-publish","4":"has-post-thumbnail","6":"product_cat-vins","7":"pa_color-rouge","8":"pa_country-italie","9":"pa_volume-75-cl","10":"_wholesalex wsx-wholesalex-product","12":"first","13":"instock","14":"taxable","15":"shipping-taxable","16":"purchasable","17":"product-type-simple"},"_links":{"self":[{"href":"https:\/\/petitecave.ch\/de\/wp-json\/wp\/v2\/product\/10587","targetHints":{"allow":["GET"]}}],"collection":[{"href":"https:\/\/petitecave.ch\/de\/wp-json\/wp\/v2\/product"}],"about":[{"href":"https:\/\/petitecave.ch\/de\/wp-json\/wp\/v2\/types\/product"}],"replies":[{"embeddable":true,"href":"https:\/\/petitecave.ch\/de\/wp-json\/wp\/v2\/comments?post=10587"}],"wp:featuredmedia":[{"embeddable":true,"href":"https:\/\/petitecave.ch\/de\/wp-json\/wp\/v2\/media\/11950"}],"wp:attachment":[{"href":"https:\/\/petitecave.ch\/de\/wp-json\/wp\/v2\/media?parent=10587"}],"wp:term":[{"taxonomy":"product_cat","embeddable":true,"href":"https:\/\/petitecave.ch\/de\/wp-json\/wp\/v2\/product_cat?post=10587"},{"taxonomy":"product_tag","embeddable":true,"href":"https:\/\/petitecave.ch\/de\/wp-json\/wp\/v2\/product_tag?post=10587"}],"curies":[{"name":"wp","href":"https:\/\/api.w.org\/{rel}","templated":true}]}}