{"id":10585,"date":"2025-10-28T11:00:37","date_gmt":"2025-10-28T11:00:37","guid":{"rendered":""},"modified":"2026-02-23T16:43:58","modified_gmt":"2026-02-23T15:43:58","slug":"cruor-casa-gran-del-siurana-2018-magnum","status":"publish","type":"product","link":"https:\/\/petitecave.ch\/de\/product\/cruor-casa-gran-del-siurana-2018-magnum\/","title":{"rendered":"Cruor &#8211; Casa Gran Del Siurana 2018 Magnum"},"content":{"rendered":"<p><b>C\u00e9pages :<\/b> Carinena (48%), Grenache (42%) et Syrah (10%) &#8211; \u00c9lev\u00e9 12 mois en barrique<\/p>\n<p><b>Nez :\u00a0<\/b>Ar\u00f4mes complexes sur la m\u00fbre, la vanille et les \u00e9pices<\/p>\n<p><b>Bouche :\u00a0<\/b>Belle rondeur avec des tanins souples et d\u00e9licats, bien \u00e9quilibr\u00e9e avec une acidit\u00e9 qui apporte une belle fra\u00eecheur<\/p>\n<p><b>Accompagnement :\u00a0<\/b>Parfait avec des viandes rouges\u00a0<\/p>","protected":false},"excerpt":{"rendered":"<p><b>Cruor &#8211; Casa Gran Del Siurana 2018 <\/b><\/p>\n<p><i>Priorat DO<\/i><i>Q<\/i><\/p>","protected":false},"featured_media":11948,"comment_status":"open","ping_status":"open","template":"","meta":[],"product_cat":[253],"product_tag":[],"class_list":{"0":"post-10585","1":"product","2":"type-product","3":"status-publish","4":"has-post-thumbnail","6":"product_cat-vins","7":"pa_color-rouge","8":"pa_country-espagne","9":"_wholesalex wsx-wholesalex-product","11":"first","12":"instock","13":"taxable","14":"shipping-taxable","15":"purchasable","16":"product-type-simple"},"_links":{"self":[{"href":"https:\/\/petitecave.ch\/de\/wp-json\/wp\/v2\/product\/10585","targetHints":{"allow":["GET"]}}],"collection":[{"href":"https:\/\/petitecave.ch\/de\/wp-json\/wp\/v2\/product"}],"about":[{"href":"https:\/\/petitecave.ch\/de\/wp-json\/wp\/v2\/types\/product"}],"replies":[{"embeddable":true,"href":"https:\/\/petitecave.ch\/de\/wp-json\/wp\/v2\/comments?post=10585"}],"wp:featuredmedia":[{"embeddable":true,"href":"https:\/\/petitecave.ch\/de\/wp-json\/wp\/v2\/media\/11948"}],"wp:attachment":[{"href":"https:\/\/petitecave.ch\/de\/wp-json\/wp\/v2\/media?parent=10585"}],"wp:term":[{"taxonomy":"product_cat","embeddable":true,"href":"https:\/\/petitecave.ch\/de\/wp-json\/wp\/v2\/product_cat?post=10585"},{"taxonomy":"product_tag","embeddable":true,"href":"https:\/\/petitecave.ch\/de\/wp-json\/wp\/v2\/product_tag?post=10585"}],"curies":[{"name":"wp","href":"https:\/\/api.w.org\/{rel}","templated":true}]}}