{"id":10584,"date":"2025-12-22T11:00:36","date_gmt":"2025-12-22T10:00:36","guid":{"rendered":""},"modified":"2026-02-23T16:51:13","modified_gmt":"2026-02-23T15:51:13","slug":"cruor-cl-ssic-casa-gran-del-siurana-75cl","status":"publish","type":"product","link":"https:\/\/petitecave.ch\/de\/product\/cruor-cl-ssic-casa-gran-del-siurana-75cl\/","title":{"rendered":"Cruor Cl\u00e0ssic &#8211; Casa Gran del Siurana 75cl"},"content":{"rendered":"<p><span style=\"color: #000000;\"><b>C\u00e9pages :<\/b> Grenache, Syrah, Cabernet Sauvignon et Cari\u00f1ena &#8211; \u00c9lev\u00e9 14 mois en barrique.<\/span><\/p>\n<p><span style=\"color: #000000;\"><b>Nez :\u00a0<\/b>Notes de fruits rouges et noirs.<\/span><\/p>\n<p><span style=\"color: #000000;\"><b>Bouche :\u00a0<\/b>Belle rondeur avec des tanins m\u00fbrs et soyeux tout en \u00e9quilibre avec une acidit\u00e9 qui apporte une belle fra\u00eecheur.<\/span><\/p>\n<p><span style=\"color: #000000;\"><b>Accompagnement :\u00a0<\/b>Sublime parfaitement des viandes rouges grill\u00e9es ou en sauce.<\/span><\/p>","protected":false},"excerpt":{"rendered":"<p><strong><span style=\"color: #000000;\"><i>Priorat DOQ<\/i><\/span><\/strong><\/p>","protected":false},"featured_media":18287,"comment_status":"open","ping_status":"closed","template":"","meta":[],"product_cat":[369,253],"product_tag":[],"class_list":{"0":"post-10584","1":"product","2":"type-product","3":"status-publish","4":"has-post-thumbnail","6":"product_cat-rouge","7":"product_cat-vins","8":"pa_color-rouge","9":"pa_country-espagne","10":"pa_volume-75-cl","11":"_wholesalex wsx-wholesalex-product","13":"first","14":"instock","15":"taxable","16":"shipping-taxable","17":"purchasable","18":"product-type-simple"},"_links":{"self":[{"href":"https:\/\/petitecave.ch\/de\/wp-json\/wp\/v2\/product\/10584","targetHints":{"allow":["GET"]}}],"collection":[{"href":"https:\/\/petitecave.ch\/de\/wp-json\/wp\/v2\/product"}],"about":[{"href":"https:\/\/petitecave.ch\/de\/wp-json\/wp\/v2\/types\/product"}],"replies":[{"embeddable":true,"href":"https:\/\/petitecave.ch\/de\/wp-json\/wp\/v2\/comments?post=10584"}],"wp:featuredmedia":[{"embeddable":true,"href":"https:\/\/petitecave.ch\/de\/wp-json\/wp\/v2\/media\/18287"}],"wp:attachment":[{"href":"https:\/\/petitecave.ch\/de\/wp-json\/wp\/v2\/media?parent=10584"}],"wp:term":[{"taxonomy":"product_cat","embeddable":true,"href":"https:\/\/petitecave.ch\/de\/wp-json\/wp\/v2\/product_cat?post=10584"},{"taxonomy":"product_tag","embeddable":true,"href":"https:\/\/petitecave.ch\/de\/wp-json\/wp\/v2\/product_tag?post=10584"}],"curies":[{"name":"wp","href":"https:\/\/api.w.org\/{rel}","templated":true}]}}