{"id":10580,"date":"2026-04-01T11:00:33","date_gmt":"2026-04-01T09:00:33","guid":{"rendered":""},"modified":"2026-04-01T14:52:47","modified_gmt":"2026-04-01T12:52:47","slug":"pa-en-domaine-dussex-75cl","status":"publish","type":"product","link":"https:\/\/petitecave.ch\/de\/product\/pa-en-domaine-dussex-75cl\/","title":{"rendered":"Pa\u00efen &#8211; Domaine Dussex 75cl"},"content":{"rendered":"<p data-start=\"155\" data-end=\"421\"><span style=\"color: #000000;\">D\u00e9couvre le <strong data-start=\"167\" data-end=\"194\">Pa\u00efen du Domaine Dussex<\/strong>, un vin blanc valaisan d\u2019exception issu du c\u00e9page <strong>Pa\u00efen<\/strong>, aussi appel\u00e9 <strong>Heida<\/strong>, embl\u00e9matique des hauteurs alpines. Cultiv\u00e9 en altitude, ce vin b\u00e9n\u00e9ficie d\u2019un ensoleillement optimal et de nuits fra\u00eeches, lui conf\u00e9rant une intensit\u00e9 aromatique unique.<\/span><\/p>\n<p data-start=\"423\" data-end=\"691\"><span style=\"color: #000000;\">Au <strong>nez<\/strong>, il d\u00e9voile des <strong>ar\u00f4mes raffin\u00e9s de fruits exotiques<\/strong>, d\u2019a<strong>grumes<\/strong> et une <strong>subtile touche florale<\/strong>. En <strong>bouche<\/strong>, l\u2019<strong>\u00e9quilibre<\/strong> est remarquable : une <strong>belle fra\u00eecheur<\/strong> soutenue par une <strong>structure ample<\/strong> et une <strong>finale l\u00e9g\u00e8rement saline<\/strong>, signature des grands terroirs du Valais.<\/span><\/p>\n<p data-start=\"423\" data-end=\"691\"><span style=\"color: #000000;\"><strong data-start=\"919\" data-end=\"944\"><em>Accords mets &amp; vins :<\/em><br \/>\n<\/strong><\/span><span style=\"color: #000000;\">Parfait avec des poissons nobles, fruits de mer, fromages d\u2019alpage ou encore une cuisine asiatique l\u00e9g\u00e8rement \u00e9pic\u00e9e.<\/span><\/p>","protected":false},"excerpt":{"rendered":"<p><span style=\"color: #000000;\"><b>AOC Valais<\/b><\/span><\/p>","protected":false},"featured_media":19090,"comment_status":"open","ping_status":"closed","template":"","meta":[],"product_cat":[368,253,318],"product_tag":[],"class_list":{"0":"post-10580","1":"product","2":"type-product","3":"status-publish","4":"has-post-thumbnail","6":"product_cat-blanc","7":"product_cat-vins","8":"product_cat-vins-du-mois","9":"pa_color-blanc","10":"pa_country-suisse","11":"pa_volume-75-cl","12":"_wholesalex wsx-wholesalex-product","14":"first","15":"instock","16":"sale","17":"taxable","18":"shipping-taxable","19":"purchasable","20":"product-type-simple"},"_links":{"self":[{"href":"https:\/\/petitecave.ch\/de\/wp-json\/wp\/v2\/product\/10580","targetHints":{"allow":["GET"]}}],"collection":[{"href":"https:\/\/petitecave.ch\/de\/wp-json\/wp\/v2\/product"}],"about":[{"href":"https:\/\/petitecave.ch\/de\/wp-json\/wp\/v2\/types\/product"}],"replies":[{"embeddable":true,"href":"https:\/\/petitecave.ch\/de\/wp-json\/wp\/v2\/comments?post=10580"}],"wp:featuredmedia":[{"embeddable":true,"href":"https:\/\/petitecave.ch\/de\/wp-json\/wp\/v2\/media\/19090"}],"wp:attachment":[{"href":"https:\/\/petitecave.ch\/de\/wp-json\/wp\/v2\/media?parent=10580"}],"wp:term":[{"taxonomy":"product_cat","embeddable":true,"href":"https:\/\/petitecave.ch\/de\/wp-json\/wp\/v2\/product_cat?post=10580"},{"taxonomy":"product_tag","embeddable":true,"href":"https:\/\/petitecave.ch\/de\/wp-json\/wp\/v2\/product_tag?post=10580"}],"curies":[{"name":"wp","href":"https:\/\/api.w.org\/{rel}","templated":true}]}}