{"id":10575,"date":"2025-10-28T11:00:28","date_gmt":"2025-10-28T11:00:28","guid":{"rendered":""},"modified":"2026-02-20T17:44:07","modified_gmt":"2026-02-20T16:44:07","slug":"whisky-jack-daniel-s-apple-70cl","status":"publish","type":"product","link":"https:\/\/petitecave.ch\/de\/product\/whisky-jack-daniel-s-apple-70cl\/","title":{"rendered":"Whisky Jack Daniel&rsquo;s Apple 70cl"},"content":{"rendered":"<p><b>Nez :<\/b> Notes fruit\u00e9es et intenses de pomme et de sucre brun<\/p>\n<p><b>Bouche :<\/b> Douce aux ar\u00f4mes de pomme et de cannelle accompagn\u00e9s de saveurs bois\u00e9es et toast\u00e9es<\/p>","protected":false},"excerpt":{"rendered":"<p><strong>Jack Daniel&rsquo;s Apple &#8211; Jack Daniel Distillery<\/strong><\/p>\n<p>\u00a0<\/p>\n<p><i>Ce spiritueux est obtenu suite \u00e0 l&rsquo;alliance d&rsquo;une liqueur de pomme produite par la distillerie et du c\u00e9l\u00e8bre Jack Daniel&rsquo;s Old n\u00b07.<\/i><\/p>","protected":false},"featured_media":11937,"comment_status":"open","ping_status":"open","template":"","meta":[],"product_cat":[277],"product_tag":[],"class_list":{"0":"post-10575","1":"product","2":"type-product","3":"status-publish","4":"has-post-thumbnail","6":"product_cat-whisky","7":"_wholesalex wsx-wholesalex-product","9":"first","10":"instock","11":"taxable","12":"shipping-taxable","13":"purchasable","14":"product-type-simple"},"_links":{"self":[{"href":"https:\/\/petitecave.ch\/de\/wp-json\/wp\/v2\/product\/10575","targetHints":{"allow":["GET"]}}],"collection":[{"href":"https:\/\/petitecave.ch\/de\/wp-json\/wp\/v2\/product"}],"about":[{"href":"https:\/\/petitecave.ch\/de\/wp-json\/wp\/v2\/types\/product"}],"replies":[{"embeddable":true,"href":"https:\/\/petitecave.ch\/de\/wp-json\/wp\/v2\/comments?post=10575"}],"wp:featuredmedia":[{"embeddable":true,"href":"https:\/\/petitecave.ch\/de\/wp-json\/wp\/v2\/media\/11937"}],"wp:attachment":[{"href":"https:\/\/petitecave.ch\/de\/wp-json\/wp\/v2\/media?parent=10575"}],"wp:term":[{"taxonomy":"product_cat","embeddable":true,"href":"https:\/\/petitecave.ch\/de\/wp-json\/wp\/v2\/product_cat?post=10575"},{"taxonomy":"product_tag","embeddable":true,"href":"https:\/\/petitecave.ch\/de\/wp-json\/wp\/v2\/product_tag?post=10575"}],"curies":[{"name":"wp","href":"https:\/\/api.w.org\/{rel}","templated":true}]}}