{"id":10567,"date":"2025-10-28T11:00:22","date_gmt":"2025-10-28T11:00:22","guid":{"rendered":""},"modified":"2026-02-20T15:39:45","modified_gmt":"2026-02-20T14:39:45","slug":"the-gardener-gin-70cl","status":"publish","type":"product","link":"https:\/\/petitecave.ch\/de\/product\/the-gardener-gin-70cl\/","title":{"rendered":"The Gardener Gin 70cl"},"content":{"rendered":"<p><strong>Nez :\u00a0<\/strong>Agr\u00e9able note de geni\u00e8vre accompagn\u00e9 de l\u00e9g\u00e8res notes d\u2019agrumes et de cassis<\/p>\n<p><strong>Bouche :\u00a0<\/strong>Une consistance sublime et parfaitement \u00e9quilibr\u00e9e entre les baies de geni\u00e8vre et les agrumes<\/p>","protected":false},"excerpt":{"rendered":"<p><b>The Gardener French Riviera Gin &#8211; Brad Pitt x Tom Nichol x Famille Perrin<\/b><\/p>\n<p>\u00a0<\/p>\n<div class=\"\" data-block=\"true\" data-editor=\"3sqoe\" data-offset-key=\"bugo5-0-0\">\n<div class=\"_1mf _1mj\" data-offset-key=\"bugo5-0-0\"><i><span data-offset-key=\"bugo5-0-0\">The Gardener Gin refl\u00e8te l&rsquo;art de vivre de la French Riviera \u00e0 travers cette recette unique, chef d&rsquo;\u0153uvre de Tom Nichol. <\/span><\/i><\/div>\n<\/div>\n<div class=\"\" data-block=\"true\" data-editor=\"3sqoe\" data-offset-key=\"9rkb3-0-0\">\n<div class=\"_1mf _1mj\" data-offset-key=\"9rkb3-0-0\"><i><span data-offset-key=\"9rkb3-0-0\">Produit en France, \u00e0 partir d&rsquo;ingr\u00e9dients cultiv\u00e9s au c\u0153ur de la French Riviera comme l&rsquo;orange Bigarade, l&rsquo;orange douce ou encore le pamplemousse rose, il est aussi certifi\u00e9 BIO.<\/span><\/i><\/div>\n<\/div>","protected":false},"featured_media":11930,"comment_status":"open","ping_status":"open","template":"","meta":[],"product_cat":[279],"product_tag":[],"class_list":{"0":"post-10567","1":"product","2":"type-product","3":"status-publish","4":"has-post-thumbnail","6":"product_cat-gin","7":"pa_country-france","8":"pa_type-london-dry-gin","9":"pa_volume-70-cl","10":"_wholesalex wsx-wholesalex-product","12":"first","13":"instock","14":"taxable","15":"shipping-taxable","16":"purchasable","17":"product-type-simple"},"_links":{"self":[{"href":"https:\/\/petitecave.ch\/de\/wp-json\/wp\/v2\/product\/10567","targetHints":{"allow":["GET"]}}],"collection":[{"href":"https:\/\/petitecave.ch\/de\/wp-json\/wp\/v2\/product"}],"about":[{"href":"https:\/\/petitecave.ch\/de\/wp-json\/wp\/v2\/types\/product"}],"replies":[{"embeddable":true,"href":"https:\/\/petitecave.ch\/de\/wp-json\/wp\/v2\/comments?post=10567"}],"wp:featuredmedia":[{"embeddable":true,"href":"https:\/\/petitecave.ch\/de\/wp-json\/wp\/v2\/media\/11930"}],"wp:attachment":[{"href":"https:\/\/petitecave.ch\/de\/wp-json\/wp\/v2\/media?parent=10567"}],"wp:term":[{"taxonomy":"product_cat","embeddable":true,"href":"https:\/\/petitecave.ch\/de\/wp-json\/wp\/v2\/product_cat?post=10567"},{"taxonomy":"product_tag","embeddable":true,"href":"https:\/\/petitecave.ch\/de\/wp-json\/wp\/v2\/product_tag?post=10567"}],"curies":[{"name":"wp","href":"https:\/\/api.w.org\/{rel}","templated":true}]}}