{"id":10566,"date":"2025-10-28T11:00:21","date_gmt":"2025-10-28T11:00:21","guid":{"rendered":""},"modified":"2026-02-24T07:22:56","modified_gmt":"2026-02-24T06:22:56","slug":"kia-ora-sauvignon-blanc-75cl","status":"publish","type":"product","link":"https:\/\/petitecave.ch\/de\/product\/kia-ora-sauvignon-blanc-75cl\/","title":{"rendered":"Kia Ora Sauvignon Blanc 75cl"},"content":{"rendered":"<p><b>C\u00e9page :<\/b> Sauvignon Blanc<\/p>\n<p><b>Nez :<\/b> Notes fra\u00eeches d&rsquo;agrumes comme le fruit de la passion ou le pamplemousse acompagn\u00e9es d&rsquo;ar\u00f4mes herbac\u00e9s<\/p>\n<p><b>Bouche :<\/b> Longue, profonde et min\u00e9rale<\/p>\n<p><b>Accompagnement :<\/b> Parfait avec du poisson, des crustac\u00e9s, de la volaille ou encore du fromage<\/p>\n<p><b>Temps de garde :<\/b> \u00c0 d\u00e9guster dans les 5 \u00e0 10 ans<\/p>","protected":false},"excerpt":{"rendered":"<p><b>Kia Ora Sauvignon Blanc Marlborough &#8211; Nouvelle-Z\u00e9lande<\/b><\/p>\n<p>\u00a0<\/p>\n<p><i>\u00ab\u00a0Kia Ora\u00a0\u00bb provenant de la langue Maorie signifie \u00ab\u00a0Bonjour\u00a0\u00bb.<\/i><\/p>","protected":false},"featured_media":11929,"comment_status":"open","ping_status":"open","template":"","meta":[],"product_cat":[253],"product_tag":[],"class_list":{"0":"post-10566","1":"product","2":"type-product","3":"status-publish","4":"has-post-thumbnail","6":"product_cat-vins","7":"pa_color-blanc","8":"pa_country-nouvelle-zelande","9":"pa_volume-75-cl","10":"_wholesalex wsx-wholesalex-product","12":"first","13":"instock","14":"taxable","15":"shipping-taxable","16":"purchasable","17":"product-type-simple"},"_links":{"self":[{"href":"https:\/\/petitecave.ch\/de\/wp-json\/wp\/v2\/product\/10566","targetHints":{"allow":["GET"]}}],"collection":[{"href":"https:\/\/petitecave.ch\/de\/wp-json\/wp\/v2\/product"}],"about":[{"href":"https:\/\/petitecave.ch\/de\/wp-json\/wp\/v2\/types\/product"}],"replies":[{"embeddable":true,"href":"https:\/\/petitecave.ch\/de\/wp-json\/wp\/v2\/comments?post=10566"}],"wp:featuredmedia":[{"embeddable":true,"href":"https:\/\/petitecave.ch\/de\/wp-json\/wp\/v2\/media\/11929"}],"wp:attachment":[{"href":"https:\/\/petitecave.ch\/de\/wp-json\/wp\/v2\/media?parent=10566"}],"wp:term":[{"taxonomy":"product_cat","embeddable":true,"href":"https:\/\/petitecave.ch\/de\/wp-json\/wp\/v2\/product_cat?post=10566"},{"taxonomy":"product_tag","embeddable":true,"href":"https:\/\/petitecave.ch\/de\/wp-json\/wp\/v2\/product_tag?post=10566"}],"curies":[{"name":"wp","href":"https:\/\/api.w.org\/{rel}","templated":true}]}}