{"id":10561,"date":"2026-01-29T11:00:16","date_gmt":"2026-01-29T10:00:16","guid":{"rendered":""},"modified":"2026-02-12T16:05:38","modified_gmt":"2026-02-12T15:05:38","slug":"rhum-montebello-3-ans","status":"publish","type":"product","link":"https:\/\/petitecave.ch\/de\/product\/rhum-montebello-3-ans\/","title":{"rendered":"Rhum Montebello 3 ans 70cl"},"content":{"rendered":"<p><span style=\"color: #000000;\"><b>Nez :<\/b>\u00a0Notes de bananes flamb\u00e9es, de chocolat noir et de cassonade<\/span><\/p>\n<p><span style=\"color: #000000;\"><b>Bouche :\u00a0<\/b>Elle d\u00e9voile des notes p\u00e2tissi\u00e8res de vanille et de cr\u00e8me brul\u00e9e<\/span><\/p>","protected":false},"excerpt":{"rendered":"<p><span style=\"color: #000000;\"><b>Rhum Vieux Agricole &#8211; Distillerie Montebello<\/b><\/span><\/p>","protected":false},"featured_media":18532,"comment_status":"open","ping_status":"closed","template":"","meta":[],"product_cat":[272],"product_tag":[],"class_list":{"0":"post-10561","1":"product","2":"type-product","3":"status-publish","4":"has-post-thumbnail","6":"product_cat-rhum","7":"pa_color-ambree","8":"pa_country-guadeloupe","9":"pa_type-rhum-agricole","10":"pa_volume-70-cl","11":"_wholesalex wsx-wholesalex-product","13":"first","14":"instock","15":"taxable","16":"shipping-taxable","17":"purchasable","18":"product-type-simple"},"_links":{"self":[{"href":"https:\/\/petitecave.ch\/de\/wp-json\/wp\/v2\/product\/10561","targetHints":{"allow":["GET"]}}],"collection":[{"href":"https:\/\/petitecave.ch\/de\/wp-json\/wp\/v2\/product"}],"about":[{"href":"https:\/\/petitecave.ch\/de\/wp-json\/wp\/v2\/types\/product"}],"replies":[{"embeddable":true,"href":"https:\/\/petitecave.ch\/de\/wp-json\/wp\/v2\/comments?post=10561"}],"wp:featuredmedia":[{"embeddable":true,"href":"https:\/\/petitecave.ch\/de\/wp-json\/wp\/v2\/media\/18532"}],"wp:attachment":[{"href":"https:\/\/petitecave.ch\/de\/wp-json\/wp\/v2\/media?parent=10561"}],"wp:term":[{"taxonomy":"product_cat","embeddable":true,"href":"https:\/\/petitecave.ch\/de\/wp-json\/wp\/v2\/product_cat?post=10561"},{"taxonomy":"product_tag","embeddable":true,"href":"https:\/\/petitecave.ch\/de\/wp-json\/wp\/v2\/product_tag?post=10561"}],"curies":[{"name":"wp","href":"https:\/\/api.w.org\/{rel}","templated":true}]}}