{"id":10559,"date":"2026-01-29T11:00:14","date_gmt":"2026-01-29T10:00:14","guid":{"rendered":""},"modified":"2026-02-12T16:05:38","modified_gmt":"2026-02-12T15:05:38","slug":"rhum-barbancourt-15-ans","status":"publish","type":"product","link":"https:\/\/petitecave.ch\/de\/product\/rhum-barbancourt-15-ans\/","title":{"rendered":"Rhum Barbancourt 15 ans 70cl"},"content":{"rendered":"<p><span style=\"color: #000000;\"><b>Nez :<\/b> Parfum\u00e9 et complexe avec des notes d&rsquo;agrumes confits, de saveurs torr\u00e9fi\u00e9es et tanniques.<\/span><\/p>\n<p><span style=\"color: #000000;\"><b>Bouche :\u00a0<\/b>Puissante elle r\u00e9v\u00e8le une belle aromatique sur les poires cuites, les agrumes, la cannelle et le poivre.<\/span><\/p>\n<p><span style=\"color: #000000;\"><b>Finale :<\/b> Longue, \u00e9pic\u00e9e et marqu\u00e9e par les agrumes.<\/span><\/p>","protected":false},"excerpt":{"rendered":"<p><span style=\"color: #000000;\"><b>R\u00e9serve du Domaine &#8211; Ha\u00efti<\/b><\/span><\/p>","protected":false},"featured_media":18535,"comment_status":"open","ping_status":"closed","template":"","meta":[],"product_cat":[272],"product_tag":[],"class_list":{"0":"post-10559","1":"product","2":"type-product","3":"status-publish","4":"has-post-thumbnail","6":"product_cat-rhum","7":"pa_country-haiti","8":"pa_type-rhum-agricole","9":"pa_volume-70-cl","10":"_wholesalex wsx-wholesalex-product","12":"first","13":"instock","14":"taxable","15":"shipping-taxable","16":"purchasable","17":"product-type-simple"},"_links":{"self":[{"href":"https:\/\/petitecave.ch\/de\/wp-json\/wp\/v2\/product\/10559","targetHints":{"allow":["GET"]}}],"collection":[{"href":"https:\/\/petitecave.ch\/de\/wp-json\/wp\/v2\/product"}],"about":[{"href":"https:\/\/petitecave.ch\/de\/wp-json\/wp\/v2\/types\/product"}],"replies":[{"embeddable":true,"href":"https:\/\/petitecave.ch\/de\/wp-json\/wp\/v2\/comments?post=10559"}],"wp:featuredmedia":[{"embeddable":true,"href":"https:\/\/petitecave.ch\/de\/wp-json\/wp\/v2\/media\/18535"}],"wp:attachment":[{"href":"https:\/\/petitecave.ch\/de\/wp-json\/wp\/v2\/media?parent=10559"}],"wp:term":[{"taxonomy":"product_cat","embeddable":true,"href":"https:\/\/petitecave.ch\/de\/wp-json\/wp\/v2\/product_cat?post=10559"},{"taxonomy":"product_tag","embeddable":true,"href":"https:\/\/petitecave.ch\/de\/wp-json\/wp\/v2\/product_tag?post=10559"}],"curies":[{"name":"wp","href":"https:\/\/api.w.org\/{rel}","templated":true}]}}