{"id":10555,"date":"2025-10-28T11:00:11","date_gmt":"2025-10-28T11:00:11","guid":{"rendered":""},"modified":"2026-02-20T17:44:06","modified_gmt":"2026-02-20T16:44:06","slug":"whisky-glenfarclas-10-ans-70cl","status":"publish","type":"product","link":"https:\/\/petitecave.ch\/de\/product\/whisky-glenfarclas-10-ans-70cl\/","title":{"rendered":"Whisky Glenfarclas 10 ans 70cl"},"content":{"rendered":"<p><b>Nez :<\/b> Notes de miel et de sherry<\/p>\n<p><b>Bouche :<\/b> L\u00e9g\u00e8rement fum\u00e9e elle d\u00e9voile des ar\u00f4mes de cannelle, de clou de girofle et de miel<\/p>\n<p><b>Finale :<\/b> Tout en longeur sur des notes \u00e9pic\u00e9es<\/p>\n<p>\u00a0<\/p>","protected":false},"excerpt":{"rendered":"<p><b>Glenfarclas 10 ans Single Malt Scotch Whisky &#8211; Glenfarclas Distillery &#8211; Highland<\/b><\/p>","protected":false},"featured_media":11917,"comment_status":"open","ping_status":"open","template":"","meta":[],"product_cat":[277],"product_tag":[],"class_list":{"0":"post-10555","1":"product","2":"type-product","3":"status-publish","4":"has-post-thumbnail","6":"product_cat-whisky","7":"pa_country-ecosse","8":"pa_volume-70-cl","9":"_wholesalex wsx-wholesalex-product","11":"first","12":"instock","13":"taxable","14":"shipping-taxable","15":"purchasable","16":"product-type-simple"},"_links":{"self":[{"href":"https:\/\/petitecave.ch\/de\/wp-json\/wp\/v2\/product\/10555","targetHints":{"allow":["GET"]}}],"collection":[{"href":"https:\/\/petitecave.ch\/de\/wp-json\/wp\/v2\/product"}],"about":[{"href":"https:\/\/petitecave.ch\/de\/wp-json\/wp\/v2\/types\/product"}],"replies":[{"embeddable":true,"href":"https:\/\/petitecave.ch\/de\/wp-json\/wp\/v2\/comments?post=10555"}],"wp:featuredmedia":[{"embeddable":true,"href":"https:\/\/petitecave.ch\/de\/wp-json\/wp\/v2\/media\/11917"}],"wp:attachment":[{"href":"https:\/\/petitecave.ch\/de\/wp-json\/wp\/v2\/media?parent=10555"}],"wp:term":[{"taxonomy":"product_cat","embeddable":true,"href":"https:\/\/petitecave.ch\/de\/wp-json\/wp\/v2\/product_cat?post=10555"},{"taxonomy":"product_tag","embeddable":true,"href":"https:\/\/petitecave.ch\/de\/wp-json\/wp\/v2\/product_tag?post=10555"}],"curies":[{"name":"wp","href":"https:\/\/api.w.org\/{rel}","templated":true}]}}