{"id":10548,"date":"2025-12-22T11:00:04","date_gmt":"2025-12-22T10:00:04","guid":{"rendered":""},"modified":"2026-02-13T10:32:11","modified_gmt":"2026-02-13T09:32:11","slug":"the-caracal-neethlingshof-estate","status":"publish","type":"product","link":"https:\/\/petitecave.ch\/de\/product\/the-caracal-neethlingshof-estate\/","title":{"rendered":"The Caracal &#8211; Neethlingshof Estate 75cl"},"content":{"rendered":"<p><span style=\"color: #000000;\"><b>C\u00e9pages :<\/b> Cabernet Sauvignon, Merlot, Petit Verdot, Malbec &#8211; \u00c9lev\u00e9 12 mois en barrique.<\/span><\/p>\n<p><span style=\"color: #000000;\"><b>Nez :<\/b> Notes fruit\u00e9es de prunes noires cuites, de cassis et de pommes caram\u00e9lis\u00e9es accompagn\u00e9es d&rsquo;une touche de tabac et d&rsquo;\u00e9pices.<\/span><\/p>\n<p><span style=\"color: #000000;\"><b>Bouche :<\/b> Les tanins sont fermes et structur\u00e9s. La bouche est cors\u00e9e elle pr\u00e9sente des saveurs de m\u00fbres et de cerises noires qui d\u00e9gagent une l\u00e9g\u00e8re touche saline.<\/span><\/p>\n<p><span style=\"color: #000000;\"><b>Accompagnement :<\/b> Parfait avec des plats de viandes comme du b\u0153uf, avec une ratatouille ou encore des fromages affin\u00e9s.<\/span><\/p>","protected":false},"excerpt":{"rendered":"<p><span style=\"color: #000000;\">Rarement aper\u00e7u mais toujours perceptible, le <strong>Caracal<\/strong> \u2014 ce <strong>majestueux f\u00e9lin aussi appel\u00e9 \u00ab chat rouge \u00bb<\/strong> \u2014 a fait son grand retour sur le <strong>domaine <\/strong>de<strong> Neethlingshof<\/strong>. Dans une volont\u00e9 de restaurer la biosph\u00e8re naturelle du domaine, l\u2019\u00eele de Renosterveld a \u00e9t\u00e9 r\u00e9habilit\u00e9e au c\u0153ur des vignes, offrant ainsi \u00e0 ces fascinantes cr\u00e9atures un <strong>refuge naturel et pr\u00e9serv\u00e9<\/strong>.<\/span><\/p>","protected":false},"featured_media":18289,"comment_status":"open","ping_status":"closed","template":"","meta":[],"product_cat":[369,253],"product_tag":[],"class_list":{"0":"post-10548","1":"product","2":"type-product","3":"status-publish","4":"has-post-thumbnail","6":"product_cat-rouge","7":"product_cat-vins","8":"pa_color-rouge","9":"pa_country-afrique-du-sud","10":"pa_volume-75-cl","11":"_wholesalex wsx-wholesalex-product","13":"first","14":"instock","15":"taxable","16":"shipping-taxable","17":"purchasable","18":"product-type-simple"},"_links":{"self":[{"href":"https:\/\/petitecave.ch\/de\/wp-json\/wp\/v2\/product\/10548","targetHints":{"allow":["GET"]}}],"collection":[{"href":"https:\/\/petitecave.ch\/de\/wp-json\/wp\/v2\/product"}],"about":[{"href":"https:\/\/petitecave.ch\/de\/wp-json\/wp\/v2\/types\/product"}],"replies":[{"embeddable":true,"href":"https:\/\/petitecave.ch\/de\/wp-json\/wp\/v2\/comments?post=10548"}],"wp:featuredmedia":[{"embeddable":true,"href":"https:\/\/petitecave.ch\/de\/wp-json\/wp\/v2\/media\/18289"}],"wp:attachment":[{"href":"https:\/\/petitecave.ch\/de\/wp-json\/wp\/v2\/media?parent=10548"}],"wp:term":[{"taxonomy":"product_cat","embeddable":true,"href":"https:\/\/petitecave.ch\/de\/wp-json\/wp\/v2\/product_cat?post=10548"},{"taxonomy":"product_tag","embeddable":true,"href":"https:\/\/petitecave.ch\/de\/wp-json\/wp\/v2\/product_tag?post=10548"}],"curies":[{"name":"wp","href":"https:\/\/api.w.org\/{rel}","templated":true}]}}