{"id":10546,"date":"2025-12-22T11:00:02","date_gmt":"2025-12-22T10:00:02","guid":{"rendered":""},"modified":"2026-02-13T10:32:11","modified_gmt":"2026-02-13T09:32:11","slug":"pinotage-neethlingshof-estate","status":"publish","type":"product","link":"https:\/\/petitecave.ch\/de\/product\/pinotage-neethlingshof-estate\/","title":{"rendered":"Pinotage &#8211; Neethlingshof Estate 75cl"},"content":{"rendered":"<p><span style=\"color: #000000;\"><b>C\u00e9page :<\/b> Pinotage &#8211; \u00c9lev\u00e9 12 mois en barrique.<\/span><\/p>\n<p><span style=\"color: #000000;\"><b>Nez :<\/b> Notes fruit\u00e9es de prunes noires, de m\u00fbres avec une touche fum\u00e9e et de l\u00e9gers ar\u00f4mes de caf\u00e9 et d&rsquo;anis.<\/span><\/p>\n<p><span style=\"color: #000000;\"><b>Bouche :<\/b>\u00a0Les tanins sont \u00e9l\u00e9gants et bien pr\u00e9sents, la bouche est cors\u00e9e et d\u00e9voile des ar\u00f4mes fruit\u00e9s de cerises et de prunes noires accompagn\u00e9s d&rsquo;une note de chocolat noir.<\/span><\/p>\n<p><span style=\"color: #000000;\"><b>Accompagnement :<\/b> Parfait avec un plat de viande rouge et de l\u00e9gumes en sauce, une salade de betteraves ou encore des fromages affin\u00e9s et des desserts au chocolat noir.<\/span><\/p>","protected":false},"excerpt":{"rendered":"<p><span style=\"color: #000000;\"><em>Le <strong>Pinotage<\/strong> est issu d\u2019un <strong>croisement<\/strong> entre le <strong>Pinot Noir<\/strong> et le <strong>Cinsault<\/strong> (\u00e9galement appel\u00e9 Hermitage). Cr\u00e9\u00e9 en 1925 en Afrique du Sud, ce <strong>c\u00e9page embl\u00e9matique<\/strong> a \u00e9t\u00e9 d\u00e9velopp\u00e9 pour s\u2019<strong>adapter aux fortes chaleurs<\/strong> et aux <strong>conditions de s\u00e9cheresse<\/strong> propres \u00e0 cette grande r\u00e9gion viticole.<\/em><\/span><\/p>\n<div><\/div>","protected":false},"featured_media":18295,"comment_status":"open","ping_status":"closed","template":"","meta":[],"product_cat":[369,253],"product_tag":[],"class_list":{"0":"post-10546","1":"product","2":"type-product","3":"status-publish","4":"has-post-thumbnail","6":"product_cat-rouge","7":"product_cat-vins","8":"pa_color-rouge","9":"pa_country-afrique-du-sud","10":"pa_volume-75-cl","11":"_wholesalex wsx-wholesalex-product","13":"first","14":"instock","15":"taxable","16":"shipping-taxable","17":"purchasable","18":"product-type-simple"},"_links":{"self":[{"href":"https:\/\/petitecave.ch\/de\/wp-json\/wp\/v2\/product\/10546","targetHints":{"allow":["GET"]}}],"collection":[{"href":"https:\/\/petitecave.ch\/de\/wp-json\/wp\/v2\/product"}],"about":[{"href":"https:\/\/petitecave.ch\/de\/wp-json\/wp\/v2\/types\/product"}],"replies":[{"embeddable":true,"href":"https:\/\/petitecave.ch\/de\/wp-json\/wp\/v2\/comments?post=10546"}],"wp:featuredmedia":[{"embeddable":true,"href":"https:\/\/petitecave.ch\/de\/wp-json\/wp\/v2\/media\/18295"}],"wp:attachment":[{"href":"https:\/\/petitecave.ch\/de\/wp-json\/wp\/v2\/media?parent=10546"}],"wp:term":[{"taxonomy":"product_cat","embeddable":true,"href":"https:\/\/petitecave.ch\/de\/wp-json\/wp\/v2\/product_cat?post=10546"},{"taxonomy":"product_tag","embeddable":true,"href":"https:\/\/petitecave.ch\/de\/wp-json\/wp\/v2\/product_tag?post=10546"}],"curies":[{"name":"wp","href":"https:\/\/api.w.org\/{rel}","templated":true}]}}