{"id":10545,"date":"2025-12-22T11:00:01","date_gmt":"2025-12-22T10:00:01","guid":{"rendered":""},"modified":"2026-02-24T10:08:38","modified_gmt":"2026-02-24T09:08:38","slug":"shiraz-neethlingshof-estate","status":"publish","type":"product","link":"https:\/\/petitecave.ch\/de\/product\/shiraz-neethlingshof-estate\/","title":{"rendered":"Shiraz &#8211; Neethlingshof Estate 75cl"},"content":{"rendered":"<p><span style=\"color: #000000;\"><b>Nez :<\/b> Notes fruit\u00e9es et florales sur la pomme rouge, les prunes noires, le fynbos (arbuste local) et la lavande accompagn\u00e9es d&rsquo;une fine touche poivr\u00e9e.<\/span><\/p>\n<p><span style=\"color: #000000;\"><b>Bouche :<\/b> Moyennement cors\u00e9e elle est port\u00e9e sur la cerise, la prune noire, la r\u00e9glisse, le poivre blanc et d&rsquo;une fine note de clou de girofle.<\/span><\/p>\n<p><span style=\"color: #000000;\"><b>Accompagnement :<\/b> Parfait avec des viandes rouges, du veau, une salade m\u00e9diterran\u00e9enne et des fromages \u00e0 p\u00e2te molle.<\/span><\/p>","protected":false},"excerpt":{"rendered":"<div><em><span style=\"color: #000000;\">\u00c9lev\u00e9 6 mois en barrique<\/span><\/em><\/div>","protected":false},"featured_media":18299,"comment_status":"open","ping_status":"closed","template":"","meta":[],"product_cat":[369,253],"product_tag":[],"class_list":{"0":"post-10545","1":"product","2":"type-product","3":"status-publish","4":"has-post-thumbnail","6":"product_cat-rouge","7":"product_cat-vins","8":"pa_color-rouge","9":"pa_country-afrique-du-sud","10":"pa_volume-75-cl","11":"_wholesalex wsx-wholesalex-product","13":"first","14":"instock","15":"taxable","16":"shipping-taxable","17":"purchasable","18":"product-type-simple"},"_links":{"self":[{"href":"https:\/\/petitecave.ch\/de\/wp-json\/wp\/v2\/product\/10545","targetHints":{"allow":["GET"]}}],"collection":[{"href":"https:\/\/petitecave.ch\/de\/wp-json\/wp\/v2\/product"}],"about":[{"href":"https:\/\/petitecave.ch\/de\/wp-json\/wp\/v2\/types\/product"}],"replies":[{"embeddable":true,"href":"https:\/\/petitecave.ch\/de\/wp-json\/wp\/v2\/comments?post=10545"}],"wp:featuredmedia":[{"embeddable":true,"href":"https:\/\/petitecave.ch\/de\/wp-json\/wp\/v2\/media\/18299"}],"wp:attachment":[{"href":"https:\/\/petitecave.ch\/de\/wp-json\/wp\/v2\/media?parent=10545"}],"wp:term":[{"taxonomy":"product_cat","embeddable":true,"href":"https:\/\/petitecave.ch\/de\/wp-json\/wp\/v2\/product_cat?post=10545"},{"taxonomy":"product_tag","embeddable":true,"href":"https:\/\/petitecave.ch\/de\/wp-json\/wp\/v2\/product_tag?post=10545"}],"curies":[{"name":"wp","href":"https:\/\/api.w.org\/{rel}","templated":true}]}}