{"id":10544,"date":"2026-01-29T11:00:00","date_gmt":"2026-01-29T10:00:00","guid":{"rendered":"https:\/\/petitecave.ch\/product\/rhum-appleton-estate-2003-hearts-collection\/"},"modified":"2026-02-12T16:05:38","modified_gmt":"2026-02-12T15:05:38","slug":"rhum-appleton-estate-2003-hearts-collection","status":"publish","type":"product","link":"https:\/\/petitecave.ch\/de\/product\/rhum-appleton-estate-2003-hearts-collection\/","title":{"rendered":"Rhum Appleton Estate 2003 Hearts Collection 70cl"},"content":{"rendered":"","protected":false},"excerpt":{"rendered":"<p><span style=\"color: #000000;\"><em>Tr\u00e8s rare et en \u00e9dition limit\u00e9e les rhums embouteill\u00e9s sous la Hearts Collection sont des 100% pot-still* et ont \u00e9t\u00e9 soigneusement s\u00e9lectionn\u00e9 par Joy Spence, la l\u00e9gendaire Master Blender.\u00a0<\/em><\/span><\/p>\n<p><span style=\"color: #000000;\"><em>*Le pot-still est un alambic \u00e0 repasse g\u00e9n\u00e9ralement utilis\u00e9 pour le cognac ou le whisky, pas moins de deux ou trois distillation sont n\u00e9cessaires.<\/em><\/span><\/p>","protected":false},"featured_media":18538,"comment_status":"open","ping_status":"closed","template":"","meta":[],"product_cat":[1310,272],"product_tag":[],"class_list":{"0":"post-10544","1":"product","2":"type-product","3":"status-publish","4":"has-post-thumbnail","6":"product_cat-rarete","7":"product_cat-rhum","8":"pa_country-jamaique","9":"pa_type-rhum-traditionnel","10":"pa_volume-70-cl","11":"_wholesalex wsx-wholesalex-product","13":"first","14":"instock","15":"taxable","16":"shipping-taxable","17":"purchasable","18":"product-type-simple"},"_links":{"self":[{"href":"https:\/\/petitecave.ch\/de\/wp-json\/wp\/v2\/product\/10544","targetHints":{"allow":["GET"]}}],"collection":[{"href":"https:\/\/petitecave.ch\/de\/wp-json\/wp\/v2\/product"}],"about":[{"href":"https:\/\/petitecave.ch\/de\/wp-json\/wp\/v2\/types\/product"}],"replies":[{"embeddable":true,"href":"https:\/\/petitecave.ch\/de\/wp-json\/wp\/v2\/comments?post=10544"}],"wp:featuredmedia":[{"embeddable":true,"href":"https:\/\/petitecave.ch\/de\/wp-json\/wp\/v2\/media\/18538"}],"wp:attachment":[{"href":"https:\/\/petitecave.ch\/de\/wp-json\/wp\/v2\/media?parent=10544"}],"wp:term":[{"taxonomy":"product_cat","embeddable":true,"href":"https:\/\/petitecave.ch\/de\/wp-json\/wp\/v2\/product_cat?post=10544"},{"taxonomy":"product_tag","embeddable":true,"href":"https:\/\/petitecave.ch\/de\/wp-json\/wp\/v2\/product_tag?post=10544"}],"curies":[{"name":"wp","href":"https:\/\/api.w.org\/{rel}","templated":true}]}}