{"id":10543,"date":"2025-10-28T11:00:00","date_gmt":"2025-10-28T11:00:00","guid":{"rendered":""},"modified":"2026-02-20T13:58:02","modified_gmt":"2026-02-20T12:58:02","slug":"sarti-rosa-70cl","status":"publish","type":"product","link":"https:\/\/petitecave.ch\/de\/product\/sarti-rosa-70cl\/","title":{"rendered":"Sarti Rosa 70cl"},"content":{"rendered":"<p><b><em>SARTI LEMON SPRITZ\u00a0<\/em><\/b><\/p>\n<p><em>Dans un verre rempli de gla\u00e7ons, ajoute 4 cl de Sarti Rosa, compl\u00e8te de Tonic Bitter Lemon, ajoute une rondelle de citron vert et d\u00e9guste !<\/em><\/p>\n<p>\u00a0<\/p>","protected":false},"excerpt":{"rendered":"<p><strong>Sarti Rosa &#8211; Bologne<\/strong><\/p>\n<p><em>Les oranges sanguines siciliennes lui conf\u00e8rent une belle fra\u00eecheur fruit\u00e9e, tandis que la mangue et le fruit de la passion apportent de d\u00e9licieuses saveurs tropicales.\u00a0<\/em><\/p>","protected":false},"featured_media":11905,"comment_status":"open","ping_status":"open","template":"","meta":[],"product_cat":[271,269],"product_tag":[],"class_list":{"0":"post-10543","1":"product","2":"type-product","3":"status-publish","4":"has-post-thumbnail","6":"product_cat-aperitif","7":"product_cat-liqueurs","8":"pa_color-rose","9":"pa_country-italie","10":"pa_volume-70-cl","11":"_wholesalex wsx-wholesalex-product","13":"first","14":"instock","15":"taxable","16":"shipping-taxable","17":"purchasable","18":"product-type-simple"},"_links":{"self":[{"href":"https:\/\/petitecave.ch\/de\/wp-json\/wp\/v2\/product\/10543","targetHints":{"allow":["GET"]}}],"collection":[{"href":"https:\/\/petitecave.ch\/de\/wp-json\/wp\/v2\/product"}],"about":[{"href":"https:\/\/petitecave.ch\/de\/wp-json\/wp\/v2\/types\/product"}],"replies":[{"embeddable":true,"href":"https:\/\/petitecave.ch\/de\/wp-json\/wp\/v2\/comments?post=10543"}],"wp:featuredmedia":[{"embeddable":true,"href":"https:\/\/petitecave.ch\/de\/wp-json\/wp\/v2\/media\/11905"}],"wp:attachment":[{"href":"https:\/\/petitecave.ch\/de\/wp-json\/wp\/v2\/media?parent=10543"}],"wp:term":[{"taxonomy":"product_cat","embeddable":true,"href":"https:\/\/petitecave.ch\/de\/wp-json\/wp\/v2\/product_cat?post=10543"},{"taxonomy":"product_tag","embeddable":true,"href":"https:\/\/petitecave.ch\/de\/wp-json\/wp\/v2\/product_tag?post=10543"}],"curies":[{"name":"wp","href":"https:\/\/api.w.org\/{rel}","templated":true}]}}