{"id":10542,"date":"2025-10-28T10:59:59","date_gmt":"2025-10-28T10:59:59","guid":{"rendered":""},"modified":"2026-02-20T14:22:01","modified_gmt":"2026-02-20T13:22:01","slug":"vintonic-classic-75cl","status":"publish","type":"product","link":"https:\/\/petitecave.ch\/de\/product\/vintonic-classic-75cl\/","title":{"rendered":"Vintonic Classic 75cl"},"content":{"rendered":"","protected":false},"excerpt":{"rendered":"<p><b>Vintonic Classic\u00a0<\/b><\/p>\n<p>\u00a0<\/p>\n<p><i>La rencontre entre le vin et le tonic pour une boisson l\u00e9g\u00e8re, fruit\u00e9 aux notes d&rsquo;agrumes et l\u00e9g\u00e8rement amer.<\/i><\/p>","protected":false},"featured_media":11904,"comment_status":"open","ping_status":"open","template":"","meta":[],"product_cat":[271,253,342],"product_tag":[],"class_list":{"0":"post-10542","1":"product","2":"type-product","3":"status-publish","4":"has-post-thumbnail","6":"product_cat-aperitif","7":"product_cat-vins","8":"product_cat-vins-petillants","9":"pa_color-blanc","10":"pa_volume-75-cl","11":"_wholesalex wsx-wholesalex-product","13":"first","14":"instock","15":"taxable","16":"shipping-taxable","17":"purchasable","18":"product-type-simple"},"_links":{"self":[{"href":"https:\/\/petitecave.ch\/de\/wp-json\/wp\/v2\/product\/10542","targetHints":{"allow":["GET"]}}],"collection":[{"href":"https:\/\/petitecave.ch\/de\/wp-json\/wp\/v2\/product"}],"about":[{"href":"https:\/\/petitecave.ch\/de\/wp-json\/wp\/v2\/types\/product"}],"replies":[{"embeddable":true,"href":"https:\/\/petitecave.ch\/de\/wp-json\/wp\/v2\/comments?post=10542"}],"wp:featuredmedia":[{"embeddable":true,"href":"https:\/\/petitecave.ch\/de\/wp-json\/wp\/v2\/media\/11904"}],"wp:attachment":[{"href":"https:\/\/petitecave.ch\/de\/wp-json\/wp\/v2\/media?parent=10542"}],"wp:term":[{"taxonomy":"product_cat","embeddable":true,"href":"https:\/\/petitecave.ch\/de\/wp-json\/wp\/v2\/product_cat?post=10542"},{"taxonomy":"product_tag","embeddable":true,"href":"https:\/\/petitecave.ch\/de\/wp-json\/wp\/v2\/product_tag?post=10542"}],"curies":[{"name":"wp","href":"https:\/\/api.w.org\/{rel}","templated":true}]}}