{"id":10541,"date":"2025-10-28T10:59:58","date_gmt":"2025-10-28T10:59:58","guid":{"rendered":""},"modified":"2026-02-20T14:27:45","modified_gmt":"2026-02-20T13:27:45","slug":"vintonic-ros-75cl","status":"publish","type":"product","link":"https:\/\/petitecave.ch\/de\/product\/vintonic-ros-75cl\/","title":{"rendered":"Vintonic Ros\u00e9 75cl"},"content":{"rendered":"","protected":false},"excerpt":{"rendered":"<p><b>Vintonic Ros\u00e9<\/b><\/p>\n<p>\u00a0<\/p>\n<p><i>La rencontre entre le vin et le tonic pour une boisson l\u00e9g\u00e8re, fruit\u00e9 aux notes de baies et l\u00e9g\u00e8rement amer.<\/i><\/p>","protected":false},"featured_media":11903,"comment_status":"open","ping_status":"open","template":"","meta":[],"product_cat":[271,253],"product_tag":[],"class_list":{"0":"post-10541","1":"product","2":"type-product","3":"status-publish","4":"has-post-thumbnail","6":"product_cat-aperitif","7":"product_cat-vins","8":"pa_color-blanc","9":"pa_volume-75-cl","10":"_wholesalex wsx-wholesalex-product","12":"first","13":"instock","14":"taxable","15":"shipping-taxable","16":"purchasable","17":"product-type-simple"},"_links":{"self":[{"href":"https:\/\/petitecave.ch\/de\/wp-json\/wp\/v2\/product\/10541","targetHints":{"allow":["GET"]}}],"collection":[{"href":"https:\/\/petitecave.ch\/de\/wp-json\/wp\/v2\/product"}],"about":[{"href":"https:\/\/petitecave.ch\/de\/wp-json\/wp\/v2\/types\/product"}],"replies":[{"embeddable":true,"href":"https:\/\/petitecave.ch\/de\/wp-json\/wp\/v2\/comments?post=10541"}],"wp:featuredmedia":[{"embeddable":true,"href":"https:\/\/petitecave.ch\/de\/wp-json\/wp\/v2\/media\/11903"}],"wp:attachment":[{"href":"https:\/\/petitecave.ch\/de\/wp-json\/wp\/v2\/media?parent=10541"}],"wp:term":[{"taxonomy":"product_cat","embeddable":true,"href":"https:\/\/petitecave.ch\/de\/wp-json\/wp\/v2\/product_cat?post=10541"},{"taxonomy":"product_tag","embeddable":true,"href":"https:\/\/petitecave.ch\/de\/wp-json\/wp\/v2\/product_tag?post=10541"}],"curies":[{"name":"wp","href":"https:\/\/api.w.org\/{rel}","templated":true}]}}