{"id":10536,"date":"2025-10-28T10:59:53","date_gmt":"2025-10-28T10:59:53","guid":{"rendered":""},"modified":"2026-02-20T15:52:36","modified_gmt":"2026-02-20T14:52:36","slug":"orange-cocoa-gin-elephant-50cl","status":"publish","type":"product","link":"https:\/\/petitecave.ch\/de\/product\/orange-cocoa-gin-elephant-50cl\/","title":{"rendered":"Orange &#038; Cocoa Gin &#8211; Elephant 50cl"},"content":{"rendered":"<p>L&rsquo;utilisation d&rsquo;oranges sucr\u00e9es bio et de f\u00e8ves de cacao l\u00e9g\u00e8rement torr\u00e9fi\u00e9es apportent \u00e0 ce gin des saveurs d&rsquo;agrumes piquantes et sucr\u00e9es ainsi que des ar\u00f4mes chocolat\u00e9s qui lui conf\u00e8rent de la fra\u00eecheur et une belle complexit\u00e9.<\/p>","protected":false},"excerpt":{"rendered":"<p><b>Orange &amp; Cocoa Gin &#8211; Elephant Distillery &#8211; Hambourg (D)<\/b><\/p>\n<p>\u00a0<\/p>\n<p><i>L&rsquo;Elephant Gin prend son inspiration de l&rsquo;Afrque, en effet il est distill\u00e9 \u00e0 partir de plantes africaines rares telles que :\u00a0l&rsquo;absinthe, le buchu, la griffe du diable, le fruit du Baobab et la queue du lion.<\/i><\/p>\n<p><i>\u00c0 l&rsquo;achat de chaque bouteille, 15% des b\u00e9n\u00e9fices sont revers\u00e9s \u00e0 deux fondations pour la conservations des \u00e9l\u00e9phants en voie de disparition en Afrique du sud.\u00a0<\/i><\/p>","protected":false},"featured_media":11898,"comment_status":"open","ping_status":"open","template":"","meta":[],"product_cat":[279],"product_tag":[],"class_list":{"0":"post-10536","1":"product","2":"type-product","3":"status-publish","4":"has-post-thumbnail","6":"product_cat-gin","7":"pa_country-allemagne","8":"pa_style-london-dry-gin","9":"pa_volume-50cl","10":"_wholesalex wsx-wholesalex-product","12":"first","13":"instock","14":"taxable","15":"shipping-taxable","16":"purchasable","17":"product-type-simple"},"_links":{"self":[{"href":"https:\/\/petitecave.ch\/de\/wp-json\/wp\/v2\/product\/10536","targetHints":{"allow":["GET"]}}],"collection":[{"href":"https:\/\/petitecave.ch\/de\/wp-json\/wp\/v2\/product"}],"about":[{"href":"https:\/\/petitecave.ch\/de\/wp-json\/wp\/v2\/types\/product"}],"replies":[{"embeddable":true,"href":"https:\/\/petitecave.ch\/de\/wp-json\/wp\/v2\/comments?post=10536"}],"wp:featuredmedia":[{"embeddable":true,"href":"https:\/\/petitecave.ch\/de\/wp-json\/wp\/v2\/media\/11898"}],"wp:attachment":[{"href":"https:\/\/petitecave.ch\/de\/wp-json\/wp\/v2\/media?parent=10536"}],"wp:term":[{"taxonomy":"product_cat","embeddable":true,"href":"https:\/\/petitecave.ch\/de\/wp-json\/wp\/v2\/product_cat?post=10536"},{"taxonomy":"product_tag","embeddable":true,"href":"https:\/\/petitecave.ch\/de\/wp-json\/wp\/v2\/product_tag?post=10536"}],"curies":[{"name":"wp","href":"https:\/\/api.w.org\/{rel}","templated":true}]}}