{"id":10535,"date":"2025-10-28T10:59:53","date_gmt":"2025-10-28T10:59:53","guid":{"rendered":""},"modified":"2026-02-20T15:52:35","modified_gmt":"2026-02-20T14:52:35","slug":"ki-no-tea-kyoto-dry-gin-70cl","status":"publish","type":"product","link":"https:\/\/petitecave.ch\/de\/product\/ki-no-tea-kyoto-dry-gin-70cl\/","title":{"rendered":"KI NO TEA &#8211; Kyoto Dry Gin 70cl"},"content":{"rendered":"<p><strong>Go\u00fbt :<\/strong> Notes de baies de geni\u00e8vre et de chocolat blanc l\u00e9g\u00e8rement sucr\u00e9e d\u00fb aux vari\u00e9t\u00e9s de th\u00e9s utilis\u00e9s<\/p>\n<p><b>Finale :\u00a0<\/b>D&rsquo;une belle longueur aux parfums de th\u00e9 vert<\/p>","protected":false},"excerpt":{"rendered":"<p><b>KI NO TEA &#8211; The Kyoto Distellery\u00a0<\/b><\/p>\n<p>\u00a0<\/p>\n<p><i>Produit \u00e0 base d&rsquo;alcool de riz et de plante japonaise soigneusement s\u00e9lectionn\u00e9es. Les vari\u00e9t\u00e9s de th\u00e9s verts utilis\u00e9s sont le Gyokuro et Tencha, ceux-ci proviennent de plantations de plus de 200 ans d&rsquo;existence !\u00a0<\/i><\/p>\n<p>\u00a0<\/p>","protected":false},"featured_media":11897,"comment_status":"open","ping_status":"open","template":"","meta":[],"product_cat":[279],"product_tag":[],"class_list":{"0":"post-10535","1":"product","2":"type-product","3":"status-publish","4":"has-post-thumbnail","6":"product_cat-gin","7":"pa_country-japon","8":"pa_style-dry-gin","9":"pa_volume-70-cl","10":"_wholesalex wsx-wholesalex-product","12":"first","13":"instock","14":"taxable","15":"shipping-taxable","16":"purchasable","17":"product-type-simple"},"_links":{"self":[{"href":"https:\/\/petitecave.ch\/de\/wp-json\/wp\/v2\/product\/10535","targetHints":{"allow":["GET"]}}],"collection":[{"href":"https:\/\/petitecave.ch\/de\/wp-json\/wp\/v2\/product"}],"about":[{"href":"https:\/\/petitecave.ch\/de\/wp-json\/wp\/v2\/types\/product"}],"replies":[{"embeddable":true,"href":"https:\/\/petitecave.ch\/de\/wp-json\/wp\/v2\/comments?post=10535"}],"wp:featuredmedia":[{"embeddable":true,"href":"https:\/\/petitecave.ch\/de\/wp-json\/wp\/v2\/media\/11897"}],"wp:attachment":[{"href":"https:\/\/petitecave.ch\/de\/wp-json\/wp\/v2\/media?parent=10535"}],"wp:term":[{"taxonomy":"product_cat","embeddable":true,"href":"https:\/\/petitecave.ch\/de\/wp-json\/wp\/v2\/product_cat?post=10535"},{"taxonomy":"product_tag","embeddable":true,"href":"https:\/\/petitecave.ch\/de\/wp-json\/wp\/v2\/product_tag?post=10535"}],"curies":[{"name":"wp","href":"https:\/\/api.w.org\/{rel}","templated":true}]}}