{"id":10534,"date":"2025-10-28T10:59:52","date_gmt":"2025-10-28T10:59:52","guid":{"rendered":""},"modified":"2026-02-20T15:56:08","modified_gmt":"2026-02-20T14:56:08","slug":"gintiane-london-dry-gin-larus-e-50cl","status":"publish","type":"product","link":"https:\/\/petitecave.ch\/de\/product\/gintiane-london-dry-gin-larus-e-50cl\/","title":{"rendered":"Gintiane London Dry Gin &#8211; Larus\u00e9e 50cl"},"content":{"rendered":"<p><b>Nez :<\/b> Ce London Dry Gin d\u00e9voile des notes d&rsquo;agrumes et de cacao<\/p>\n<p><b>Bouche :<\/b> Des ar\u00f4mes de gentiane appara\u00eessent d\u00e8s l&rsquo;entr\u00e9e puis laisse ensuite place \u00e0 des notes florales de rose et de violette.\u00a0<\/p>","protected":false},"excerpt":{"rendered":"<p><b>Gintiane London Dry Gin &#8211; Larus\u00e9e &#8211; Fenin (NE)<\/b><b><\/b><\/p>\n<p>\u00a0<\/p>\n<p><i>Un gin distill\u00e9 avec des racines de gentiane et du cacao en l&rsquo;honneur des montagnards Neuch\u00e2telois qui, encore aujourd&rsquo;hui, continuent la tradition d&rsquo;arracher les racines de gentiane \u00e0 la main ainsi qu&rsquo;\u00e0 Philippe Suchard, c\u00e9l\u00e8bre maitre chocolatier Suisse.<\/i><\/p>","protected":false},"featured_media":11896,"comment_status":"open","ping_status":"open","template":"","meta":[],"product_cat":[279],"product_tag":[],"class_list":{"0":"post-10534","1":"product","2":"type-product","3":"status-publish","4":"has-post-thumbnail","6":"product_cat-gin","7":"pa_country-suisse","8":"pa_style-london-dry-gin","9":"pa_volume-50cl","10":"_wholesalex wsx-wholesalex-product","12":"first","13":"instock","14":"taxable","15":"shipping-taxable","16":"purchasable","17":"product-type-simple"},"_links":{"self":[{"href":"https:\/\/petitecave.ch\/de\/wp-json\/wp\/v2\/product\/10534","targetHints":{"allow":["GET"]}}],"collection":[{"href":"https:\/\/petitecave.ch\/de\/wp-json\/wp\/v2\/product"}],"about":[{"href":"https:\/\/petitecave.ch\/de\/wp-json\/wp\/v2\/types\/product"}],"replies":[{"embeddable":true,"href":"https:\/\/petitecave.ch\/de\/wp-json\/wp\/v2\/comments?post=10534"}],"wp:featuredmedia":[{"embeddable":true,"href":"https:\/\/petitecave.ch\/de\/wp-json\/wp\/v2\/media\/11896"}],"wp:attachment":[{"href":"https:\/\/petitecave.ch\/de\/wp-json\/wp\/v2\/media?parent=10534"}],"wp:term":[{"taxonomy":"product_cat","embeddable":true,"href":"https:\/\/petitecave.ch\/de\/wp-json\/wp\/v2\/product_cat?post=10534"},{"taxonomy":"product_tag","embeddable":true,"href":"https:\/\/petitecave.ch\/de\/wp-json\/wp\/v2\/product_tag?post=10534"}],"curies":[{"name":"wp","href":"https:\/\/api.w.org\/{rel}","templated":true}]}}